{"id":4189,"date":"2022-10-19T10:20:23","date_gmt":"2022-10-19T08:20:23","guid":{"rendered":"https:\/\/www.texgraf.com\/boutique-en-ligne-de-rubans-decoratifs\/"},"modified":"2026-01-13T10:57:06","modified_gmt":"2026-01-13T09:57:06","slug":"boutique-en-ligne-de-rubans-decoratifs","status":"publish","type":"page","link":"https:\/\/www.texgraf.com\/fr\/boutique-en-ligne-de-rubans-decoratifs\/","title":{"rendered":"Boutique en ligne de rubans d\u00e9coratifs"},"content":{"rendered":"\n<div class=\"wp-block-uagb-container uagb-block-62c32f2f alignfull uagb-is-root-container\"><div class=\"uagb-container__shape uagb-container__shape-bottom uagb-container__invert\" data-negative=\"false\"><\/div><div class=\"uagb-container-inner-blocks-wrap\">\n<div class=\"wp-block-uagb-container uagb-block-c59c3e0a\">\n<div class=\"wp-block-uagb-info-box uagb-block-fae2e4bd uagb-infobox__content-wrap  uagb-infobox-icon-above-title uagb-infobox-image-valign-top\"><div class=\"uagb-ifb-content\"><div class=\"uagb-ifb-title-wrap\"><h1 class=\"uagb-ifb-title\">Boutique en ligne de rubans d\u00e9coratifs<\/h1><\/div><p class=\"uagb-ifb-desc\">Chez TEXGRAF, nous fabriquons des rubans d\u00e9coratifs en coton, en satin, en gros-grain et des rubans d\u00e9coratifs sur mesure pour l&rsquo;\u00e9v\u00e9nementiel, l&rsquo;accr\u00e9ditation, l&#8217;emballage, la mode et bien plus encore. Sur notre boutique en ligne d\u00e9di\u00e9e aux rubans d\u00e9coratifs, vous pouvez acheter directement nos rubans : il vous suffit de choisir le type de ruban, la couleur, la largeur et le nombre de bobines ou de m\u00e8tres souhait\u00e9.<\/p><\/div><\/div>\n\n\n\n<div class=\"wp-block-uagb-buttons uagb-buttons__outer-wrap uagb-btn__default-btn uagb-btn-tablet__default-btn uagb-btn-mobile__default-btn uagb-block-171cc775\"><div class=\"uagb-buttons__wrap uagb-buttons-layout-wrap\">\n<div class=\"wp-block-uagb-buttons-child uagb-buttons__outer-wrap uagb-block-51fb9d31 wp-block-button\"><div class=\"uagb-button__wrapper\"><a class=\"uagb-buttons-repeater wp-block-button__link\" href=\"#25\" rel=\"follow noopener\" target=\"_self\"><div class=\"uagb-button__link\">Rouleaux de 25 m\u00e8tres<\/div><span class=\"uagb-button__icon uagb-button__icon-position-after\"><\/span><\/a><\/div><\/div>\n\n\n\n<div class=\"wp-block-uagb-buttons-child uagb-buttons__outer-wrap uagb-block-f23bff46 wp-block-button\"><div class=\"uagb-button__wrapper\"><a class=\"uagb-buttons-repeater wp-block-button__link\" href=\"#100\" rel=\"follow noopener\" target=\"_self\"><div class=\"uagb-button__link\">Rouleaux de 100 m\u00e8tres<\/div><span class=\"uagb-button__icon uagb-button__icon-position-after\"><\/span><\/a><\/div><\/div>\n<\/div><\/div>\n<\/div>\n<\/div><\/div>\n<style>.kb-row-layout-id1377_c1b658-c5 > .kt-row-column-wrap{align-content:start;}:where(.kb-row-layout-id1377_c1b658-c5 > .kt-row-column-wrap) > .wp-block-kadence-column{justify-content:start;}.kb-row-layout-id1377_c1b658-c5 > .kt-row-column-wrap{column-gap:var(--global-kb-gap-md, 2rem);row-gap:var(--global-kb-gap-md, 2rem);padding-top:24px;padding-bottom:24px;grid-template-columns:repeat(2, minmax(0, 1fr));}.kb-row-layout-id1377_c1b658-c5 > .kt-row-layout-overlay{opacity:0.30;}@media all and (max-width: 1024px){.kb-row-layout-id1377_c1b658-c5 > .kt-row-column-wrap{grid-template-columns:repeat(2, minmax(0, 1fr));}}@media all and (max-width: 767px){.kb-row-layout-wrap.wp-block-kadence-rowlayout.kb-row-layout-id1377_c1b658-c5{margin-bottom:0px;}.kb-row-layout-id1377_c1b658-c5 > .kt-row-column-wrap{padding-right:10px;padding-bottom:0px;padding-left:10px;grid-template-columns:minmax(0, 1fr);}}<\/style><div class=\"kb-row-layout-wrap kb-row-layout-id1377_c1b658-c5 alignnone has-ast-global-color-5-background-color kt-row-has-bg wp-block-kadence-rowlayout\"><div class=\"kt-row-column-wrap kt-has-2-columns kt-row-layout-equal kt-tab-layout-inherit kt-mobile-layout-row kt-row-valign-top\">\n<style>.kadence-column1377_7ac857-9b > .kt-inside-inner-col,.kadence-column1377_7ac857-9b > .kt-inside-inner-col:before{border-top-left-radius:0px;border-top-right-radius:0px;border-bottom-right-radius:0px;border-bottom-left-radius:0px;}.kadence-column1377_7ac857-9b > .kt-inside-inner-col{column-gap:var(--global-kb-gap-sm, 1rem);}.kadence-column1377_7ac857-9b > .kt-inside-inner-col{flex-direction:column;}.kadence-column1377_7ac857-9b > .kt-inside-inner-col > .aligncenter{width:100%;}.kadence-column1377_7ac857-9b > .kt-inside-inner-col:before{opacity:0.3;}.kadence-column1377_7ac857-9b{position:relative;}@media all and (max-width: 1024px){.kadence-column1377_7ac857-9b > .kt-inside-inner-col{flex-direction:column;justify-content:center;}}@media all and (max-width: 767px){.kadence-column1377_7ac857-9b > .kt-inside-inner-col{flex-direction:column;justify-content:center;}}<\/style>\n<div class=\"wp-block-kadence-column kadence-column1377_7ac857-9b\"><div class=\"kt-inside-inner-col\">\n<div class=\"wp-block-uagb-advanced-heading uagb-block-ea524408\"><p class=\"uagb-heading-text\"><strong>Bienvenue dans notre boutique en ligne de rubans d\u00e9coratifs ! <\/strong>Vous trouverez ici une grande vari\u00e9t\u00e9 de rubans en coton, en satin et en gros-grain pour apporter une touche sp\u00e9ciale \u00e0 vos projets.<br \/><br \/>Nos rubans adh\u00e9sifs sont de haute qualit\u00e9 et se d\u00e9clinent dans une large gamme de couleurs et de motifs, vous permettant ainsi de choisir l&rsquo;option id\u00e9ale pour votre projet. Que vous soyez en train de bricoler, de d\u00e9corer votre maison ou de pr\u00e9parer une f\u00eate \u00e0 th\u00e8me, nos rubans sont le compl\u00e9ment parfait pour toutes les occasions.<br \/><br \/>De plus, nos rubans sont tr\u00e8s polyvalents. Vous pouvez les utiliser pour d\u00e9corer vos meubles, cr\u00e9er des accessoires pour cheveux, confectionner des n\u0153uds cadeaux ou m\u00eame personnaliser vos v\u00eatements. Les possibilit\u00e9s sont infinies.<br \/>Dans notre boutique en ligne, vous trouverez des rubans en coton, en satin et en gros-grain de diff\u00e9rentes largeurs et longueurs, pour trouver la taille id\u00e9ale pour vos projets. Nous proposons \u00e9galement des prix comp\u00e9titifs et une livraison rapide pour que vous puissiez recevoir vos rubans adh\u00e9sifs en un rien de temps et commencer vos projets de d\u00e9coration.<br \/><\/p><\/div>\n<\/div><\/div>\n\n\n<style>.kadence-column1377_56769f-f2 > .kt-inside-inner-col{padding-top:0px;}.kadence-column1377_56769f-f2 > .kt-inside-inner-col,.kadence-column1377_56769f-f2 > .kt-inside-inner-col:before{border-top-left-radius:0px;border-top-right-radius:0px;border-bottom-right-radius:0px;border-bottom-left-radius:0px;}.kadence-column1377_56769f-f2 > .kt-inside-inner-col{column-gap:var(--global-kb-gap-sm, 1rem);}.kadence-column1377_56769f-f2 > .kt-inside-inner-col{flex-direction:column;}.kadence-column1377_56769f-f2 > .kt-inside-inner-col > .aligncenter{width:100%;}.kadence-column1377_56769f-f2 > .kt-inside-inner-col:before{opacity:0.3;}.kadence-column1377_56769f-f2{position:relative;}.kadence-column1377_56769f-f2, .kt-inside-inner-col > .kadence-column1377_56769f-f2:not(.specificity){margin-top:0px;}@media all and (max-width: 1024px){.kadence-column1377_56769f-f2 > .kt-inside-inner-col{flex-direction:column;justify-content:center;}}@media all and (max-width: 767px){.kadence-column1377_56769f-f2 > .kt-inside-inner-col{flex-direction:column;justify-content:center;}}<\/style>\n<div class=\"wp-block-kadence-column kadence-column1377_56769f-f2\"><div class=\"kt-inside-inner-col\">\n<div class=\"wp-block-uagb-image aligncenter uagb-block-1a36d04f wp-block-uagb-image--layout-default wp-block-uagb-image--effect-static wp-block-uagb-image--align-center\"><figure class=\"wp-block-uagb-image__figure\"><img decoding=\"async\" src=\"https:\/\/www.texgraf.com\/wp-content\/uploads\/2022\/10\/texgraf-cinta-personalizada-demo-texto-ejemplo4-1.jpg\" alt=\"\" class=\"uag-image-1584\" width=\"412\" height=\"412\" title=\"\" loading=\"lazy\"><\/figure><\/div>\n\n\n\n<div class=\"wp-block-uagb-advanced-heading uagb-block-71e1c8b4\"><h4 class=\"uagb-heading-text\"><mark class=\"has-inline-color has-ast-global-color-8-color\">N&rsquo;attendez plus pour ajouter une touche sp\u00e9ciale \u00e0 vos projets de d\u00e9coration !<\/mark> <\/h4><p class=\"uagb-desc-text\">Explora nuestra selecci\u00f3n de cintas decorativas de algod\u00f3n, raso y grosgrain y encuentra la opci\u00f3n perfecta para ti.<\/p><\/div>\n<\/div><\/div>\n\n<\/div><\/div>\n<div class=\"wp-block-uagb-container uagb-block-441452eb alignfull uagb-is-root-container\"><div class=\"uagb-container-inner-blocks-wrap\">\n<div class=\"wp-block-uagb-advanced-heading uagb-block-c7af184c\"><h3 class=\"uagb-heading-text\">Rubans d\u00e9coratifs en coton, satin et gros-grain, disponibles en rouleaux ou en paquets de <mark class=\"has-inline-color has-ast-global-color-8-color\">25 <\/mark>ou 100 m\u00e8tres.<\/h3><div class=\"uagb-separator\"><\/div><\/div>\n<\/div><\/div>\n\n<div id=\"100\" class=\"wp-block-uagb-container uagb-block-83051dfc alignfull uagb-is-root-container\"><div class=\"uagb-container-inner-blocks-wrap\">\n<div class=\"wp-block-uagb-container uagb-block-399ef876\">\n<div class=\"wp-block-uagb-info-box uagb-block-179d91d0 uagb-infobox__content-wrap  uagb-infobox-icon-above-title uagb-infobox-image-valign-top\"><div class=\"uagb-ifb-content\"><div class=\"uagb-ifb-image-content\"><img decoding=\"async\" src=\"https:\/\/www.texgraf.com\/wp-content\/uploads\/2022\/10\/azul-medio-93-300x230.jpg\" alt=\"\" width=\"\" height=\"0\" loading=\"lazy\" \/><\/div><div class=\"uagb-ifb-separator\"><\/div><div class=\"uagb-ifb-title-wrap\"><span class=\"uagb-ifb-title-prefix\">\u00c0 partir de 23,60 \u20ac<br \/>TVA et livraison incluses<\/span><h3 class=\"uagb-ifb-title\">Cintas de Algod\u00f3n<\/h3><\/div><p class=\"uagb-ifb-desc\">Rubans d\u00e9coratifs en rouleaux de<br \/><strong>100 m\u00e8tres<\/strong><\/p><div class=\"uagb-ifb-button-wrapper wp-block-button\"><a href=\"\/producto\/cinta-decorativa-de-algodon-rollo-100-metros\/\" class=\"uagb-infobox-cta-link wp-block-button__link\" target=\"_self\" rel=\"noopener noreferrer\"><span class=\"uagb-inline-editing\">Voir les options<\/span><\/a><\/div><\/div><\/div>\n<\/div>\n\n\n\n<div class=\"wp-block-uagb-container uagb-block-45429bcd\">\n<div class=\"wp-block-uagb-info-box uagb-block-c7ff32f3 uagb-infobox__content-wrap  uagb-infobox-icon-above-title uagb-infobox-image-valign-top\"><div class=\"uagb-ifb-content\"><div class=\"uagb-ifb-image-content\"><img decoding=\"async\" src=\"https:\/\/www.texgraf.com\/wp-content\/uploads\/2022\/10\/fucsia-82-300x230.jpg\" alt=\"\" width=\"\" height=\"0\" loading=\"lazy\" \/><\/div><div class=\"uagb-ifb-separator\"><\/div><div class=\"uagb-ifb-title-wrap\"><span class=\"uagb-ifb-title-prefix\">\u00c0 partir de 23,60 \u20ac<br \/>TVA et livraison incluses<\/span><h3 class=\"uagb-ifb-title\">Rubans de satin<\/h3><\/div><p class=\"uagb-ifb-desc\">Rubans d\u00e9coratifs en rouleaux de<br \/><strong>100 m\u00e8tres<\/strong><\/p><div class=\"uagb-ifb-button-wrapper wp-block-button\"><a href=\"\/producto\/cinta-de-raso-rollo-100-metros\/\" class=\"uagb-infobox-cta-link wp-block-button__link\" target=\"_self\" rel=\"noopener noreferrer\"><span class=\"uagb-inline-editing\">Voir les options<\/span><\/a><\/div><\/div><\/div>\n<\/div>\n\n\n\n<div class=\"wp-block-uagb-container uagb-block-b29e00ba\">\n<div class=\"wp-block-uagb-info-box uagb-block-89f66ec5 uagb-infobox__content-wrap  uagb-infobox-icon-above-title uagb-infobox-image-valign-top\"><div class=\"uagb-ifb-content\"><div class=\"uagb-ifb-image-content\"><img decoding=\"async\" src=\"https:\/\/www.texgraf.com\/wp-content\/uploads\/2022\/10\/amarillo-32-300x230.jpg\" alt=\"\" width=\"\" height=\"0\" loading=\"lazy\" \/><\/div><div class=\"uagb-ifb-separator\"><\/div><div class=\"uagb-ifb-title-wrap\"><span class=\"uagb-ifb-title-prefix\">\u00c0 partir de 25,80 \u20ac<br \/>TVA et frais de port inclus<\/span><h3 class=\"uagb-ifb-title\">Rubans gros-grain<\/h3><\/div><p class=\"uagb-ifb-desc\">Rubans d\u00e9coratifs en rouleaux de<br \/><strong>100 m\u00e8tres<\/strong><\/p><div class=\"uagb-ifb-button-wrapper wp-block-button\"><a href=\"\/producto\/cinta-grosgrain-rollo-100-metros\/\" class=\"uagb-infobox-cta-link wp-block-button__link\" target=\"_self\" rel=\"noopener noreferrer\"><span class=\"uagb-inline-editing\">Voir les options<\/span><\/a><\/div><\/div><\/div>\n<\/div>\n<\/div><\/div>\n\n<div id=\"25\" class=\"wp-block-uagb-container uagb-block-8d921052 alignfull uagb-is-root-container\"><div class=\"uagb-container-inner-blocks-wrap\">\n<div class=\"wp-block-uagb-container uagb-block-92cf64b0\">\n<div class=\"wp-block-uagb-info-box uagb-block-1e71760a uagb-infobox__content-wrap  uagb-infobox-icon-above-title uagb-infobox-image-valign-top\"><div class=\"uagb-ifb-content\"><div class=\"uagb-ifb-image-content\"><img decoding=\"async\" src=\"https:\/\/www.texgraf.com\/wp-content\/uploads\/2022\/10\/azul-medio-93-300x230.jpg\" alt=\"\" width=\"\" height=\"0\" loading=\"lazy\" \/><\/div><div class=\"uagb-ifb-separator\"><\/div><div class=\"uagb-ifb-title-wrap\"><span class=\"uagb-ifb-title-prefix\">\u00c0 partir de 4,60 \u20ac<br \/>TVA et frais de port inclus<\/span><h3 class=\"uagb-ifb-title\">Cintas de Algod\u00f3n<\/h3><\/div><p class=\"uagb-ifb-desc\">Rubans d\u00e9coratifs en rouleaux de<br \/><strong>25 m\u00e8tres<\/strong><\/p><div class=\"uagb-ifb-button-wrapper wp-block-button\"><a href=\"\/producto\/cinta-de-raso-rollo-25-metros\/\" class=\"uagb-infobox-cta-link wp-block-button__link\" target=\"_self\" rel=\"noopener noreferrer\"><span class=\"uagb-inline-editing\">Voir les options<\/span><\/a><\/div><\/div><\/div>\n<\/div>\n\n\n\n<div class=\"wp-block-uagb-container uagb-block-d9de3125\">\n<div class=\"wp-block-uagb-info-box uagb-block-4522064e uagb-infobox__content-wrap  uagb-infobox-icon-above-title uagb-infobox-image-valign-top\"><div class=\"uagb-ifb-content\"><div class=\"uagb-ifb-image-content\"><img decoding=\"async\" src=\"https:\/\/www.texgraf.com\/wp-content\/uploads\/2022\/10\/fucsia-82-300x230.jpg\" alt=\"\" width=\"\" height=\"0\" loading=\"lazy\" \/><\/div><div class=\"uagb-ifb-separator\"><\/div><div class=\"uagb-ifb-title-wrap\"><span class=\"uagb-ifb-title-prefix\">\u00c0 partir de 4,60 \u20ac<br \/>TVA et frais de port inclus<\/span><h3 class=\"uagb-ifb-title\">Rubans de satin<\/h3><\/div><p class=\"uagb-ifb-desc\">Rubans d\u00e9coratifs en rouleaux de<br \/><strong>25 m\u00e8tres<\/strong><\/p><div class=\"uagb-ifb-button-wrapper wp-block-button\"><a href=\"\/producto\/cinta-de-raso-rollo-25-metros\/\" class=\"uagb-infobox-cta-link wp-block-button__link\" target=\"_self\" rel=\"noopener noreferrer\"><span class=\"uagb-inline-editing\">Voir les options<\/span><\/a><\/div><\/div><\/div>\n<\/div>\n\n\n\n<div class=\"wp-block-uagb-container uagb-block-2d8ebce2\">\n<div class=\"wp-block-uagb-info-box uagb-block-b6a1b17a uagb-infobox__content-wrap  uagb-infobox-icon-above-title uagb-infobox-image-valign-top\"><div class=\"uagb-ifb-content\"><div class=\"uagb-ifb-image-content\"><img decoding=\"async\" src=\"https:\/\/www.texgraf.com\/wp-content\/uploads\/2022\/10\/amarillo-32-300x230.jpg\" alt=\"\" width=\"\" height=\"0\" loading=\"lazy\" \/><\/div><div class=\"uagb-ifb-separator\"><\/div><div class=\"uagb-ifb-title-wrap\"><span class=\"uagb-ifb-title-prefix\">\u00c0 partir de <strong>5,18 \u20ac<\/strong><br \/>TVA et frais de port inclus<\/span><h3 class=\"uagb-ifb-title\">Rubans gros-grain<\/h3><\/div><p class=\"uagb-ifb-desc\">Rubans d\u00e9coratifs en rouleaux de<br \/><strong>25 m\u00e8tres<\/strong><\/p><div class=\"uagb-ifb-button-wrapper wp-block-button\"><a href=\"\/producto\/cinta-grosgrain-rollo-25-metros\/\" class=\"uagb-infobox-cta-link wp-block-button__link\" target=\"_self\" rel=\"noopener noreferrer\"><span class=\"uagb-inline-editing\">Voir les options<\/span><\/a><\/div><\/div><\/div>\n<\/div>\n<\/div><\/div>\n","protected":false},"excerpt":{"rendered":"<p>Bienvenue dans notre boutique en ligne de rubans d\u00e9coratifs ! Vous trouverez ici une grande vari\u00e9t\u00e9 de rubans en coton, en satin et en gros-grain pour apporter une touche sp\u00e9ciale \u00e0 vos projets. Nos rubans adh\u00e9sifs sont de haute qualit\u00e9 et se d\u00e9clinent dans une large gamme de couleurs et de motifs, vous permettant ainsi [&hellip;]<\/p>\n","protected":false},"author":1,"featured_media":0,"parent":0,"menu_order":0,"comment_status":"closed","ping_status":"closed","template":"","meta":{"_uag_custom_page_level_css":"","site-sidebar-layout":"default","site-content-layout":"plain-container","ast-site-content-layout":"normal-width-container","site-content-style":"unboxed","site-sidebar-style":"unboxed","ast-global-header-display":"","ast-banner-title-visibility":"","ast-main-header-display":"","ast-hfb-above-header-display":"","ast-hfb-below-header-display":"","ast-hfb-mobile-header-display":"","site-post-title":"disabled","ast-breadcrumbs-content":"","ast-featured-img":"","footer-sml-layout":"","ast-disable-related-posts":"","theme-transparent-header-meta":"enabled","adv-header-id-meta":"","stick-header-meta":"","header-above-stick-meta":"","header-main-stick-meta":"","header-below-stick-meta":"","astra-migrate-meta-layouts":"default","ast-page-background-enabled":"default","ast-page-background-meta":{"desktop":{"background-color":"var(--ast-global-color-4)","background-image":"","background-repeat":"repeat","background-position":"center center","background-size":"auto","background-attachment":"scroll","background-type":"","background-media":"","overlay-type":"","overlay-color":"","overlay-opacity":"","overlay-gradient":""},"tablet":{"background-color":"","background-image":"","background-repeat":"repeat","background-position":"center center","background-size":"auto","background-attachment":"scroll","background-type":"","background-media":"","overlay-type":"","overlay-color":"","overlay-opacity":"","overlay-gradient":""},"mobile":{"background-color":"","background-image":"","background-repeat":"repeat","background-position":"center center","background-size":"auto","background-attachment":"scroll","background-type":"","background-media":"","overlay-type":"","overlay-color":"","overlay-opacity":"","overlay-gradient":""}},"ast-content-background-meta":{"desktop":{"background-color":"var(--ast-global-color-5)","background-image":"","background-repeat":"repeat","background-position":"center center","background-size":"auto","background-attachment":"scroll","background-type":"","background-media":"","overlay-type":"","overlay-color":"","overlay-opacity":"","overlay-gradient":""},"tablet":{"background-color":"var(--ast-global-color-5)","background-image":"","background-repeat":"repeat","background-position":"center center","background-size":"auto","background-attachment":"scroll","background-type":"","background-media":"","overlay-type":"","overlay-color":"","overlay-opacity":"","overlay-gradient":""},"mobile":{"background-color":"var(--ast-global-color-5)","background-image":"","background-repeat":"repeat","background-position":"center center","background-size":"auto","background-attachment":"scroll","background-type":"","background-media":"","overlay-type":"","overlay-color":"","overlay-opacity":"","overlay-gradient":""}},"footnotes":""},"class_list":["post-4189","page","type-page","status-publish","hentry"],"uagb_featured_image_src":{"full":false,"thumbnail":false,"medium":false,"medium_large":false,"large":false,"1536x1536":false,"2048x2048":false,"woocommerce_thumbnail":false,"woocommerce_single":false,"woocommerce_gallery_thumbnail":false,"variation_swatches_image_size":false,"variation_swatches_tooltip_size":false},"uagb_author_info":{"display_name":"empiezapori","author_link":"https:\/\/www.texgraf.com\/fr\/author\/empiezapori\/"},"uagb_comment_info":0,"uagb_excerpt":"Bienvenue dans notre boutique en ligne de rubans d\u00e9coratifs ! Vous trouverez ici une grande vari\u00e9t\u00e9 de rubans en coton, en satin et en gros-grain pour apporter une touche sp\u00e9ciale \u00e0 vos projets. Nos rubans adh\u00e9sifs sont de haute qualit\u00e9 et se d\u00e9clinent dans une large gamme de couleurs et de motifs, vous permettant ainsi\u2026","_links":{"self":[{"href":"https:\/\/www.texgraf.com\/fr\/wp-json\/wp\/v2\/pages\/4189","targetHints":{"allow":["GET"]}}],"collection":[{"href":"https:\/\/www.texgraf.com\/fr\/wp-json\/wp\/v2\/pages"}],"about":[{"href":"https:\/\/www.texgraf.com\/fr\/wp-json\/wp\/v2\/types\/page"}],"author":[{"embeddable":true,"href":"https:\/\/www.texgraf.com\/fr\/wp-json\/wp\/v2\/users\/1"}],"replies":[{"embeddable":true,"href":"https:\/\/www.texgraf.com\/fr\/wp-json\/wp\/v2\/comments?post=4189"}],"version-history":[{"count":2,"href":"https:\/\/www.texgraf.com\/fr\/wp-json\/wp\/v2\/pages\/4189\/revisions"}],"predecessor-version":[{"id":4191,"href":"https:\/\/www.texgraf.com\/fr\/wp-json\/wp\/v2\/pages\/4189\/revisions\/4191"}],"wp:attachment":[{"href":"https:\/\/www.texgraf.com\/fr\/wp-json\/wp\/v2\/media?parent=4189"}],"curies":[{"name":"wp","href":"https:\/\/api.w.org\/{rel}","templated":true}]}}