{"id":3144,"date":"2022-10-19T12:12:03","date_gmt":"2022-10-19T10:12:03","guid":{"rendered":"https:\/\/texgraf.dissenyesplugues.com\/lanyard-personnalise\/"},"modified":"2024-09-26T11:39:32","modified_gmt":"2024-09-26T09:39:32","slug":"lanyard-personnalise","status":"publish","type":"page","link":"https:\/\/www.texgraf.com\/fr\/lanyard-personnalise\/","title":{"rendered":"Lanyard personnalis\u00e9"},"content":{"rendered":"\n<div class=\"wp-block-uagb-container uagb-block-f5a501b8 alignfull uagb-is-root-container\"><div class=\"uagb-container__shape uagb-container__shape-bottom uagb-container__invert\" data-negative=\"false\"><svg xmlns=\"https:\/\/www.w3.org\/2000\/svg\" viewBox=\"0 0 2600 131.1\" preserveAspectRatio=\"none\"><path class=\"uagb-container__shape-fill\" d=\"M0 0L2600 0 2600 69.1 0 0z\"><\/path><path class=\"uagb-container__shape-fill\" opacity=\"0.5\" d=\"M0 0L2600 0 2600 69.1 0 69.1z\"><\/path><path class=\"uagb-container__shape-fill\" opacity=\"0.25\" d=\"M2600 0L0 0 0 130.1 2600 69.1z\"><\/path><\/svg><\/div><div class=\"uagb-container-inner-blocks-wrap\">\n<div class=\"wp-block-uagb-container uagb-block-3074f28a\">\n<div class=\"wp-block-uagb-info-box uagb-block-0b997367 uagb-infobox__content-wrap  uagb-infobox-icon-above-title uagb-infobox-image-valign-top\"><div class=\"uagb-ifb-content\"><div class=\"uagb-ifb-title-wrap\"><h1 class=\"uagb-ifb-title\">Lanyard personnalis\u00e9<\/h1><\/div><p class=\"uagb-ifb-desc\">Impression en s\u00e9rigraphie et en sublimation de lani\u00e8res et de rubans de badges personnalis\u00e9s.<\/p><div class=\"uagb-ifb-button-wrapper wp-block-button\"><a href=\"tel:+34937361436\" class=\"uagb-infobox-cta-link wp-block-button__link\" target=\"_self\" rel=\"noopener noreferrer\" onclick=\"return true;\"><span class=\"uagb-inline-editing\">Appelez-nous au +34 93 736 14 36<\/span><\/a><\/div><\/div><\/div>\n<\/div>\n\n\n\n<div class=\"wp-block-uagb-container uagb-block-c89c67e8\">\n<div class=\"wp-block-contact-form-7-contact-form-selector\">\n<div class=\"wpcf7 no-js\" id=\"wpcf7-f4024-o1\" lang=\"fr-FR\" dir=\"ltr\" data-wpcf7-id=\"4024\">\n<div class=\"screen-reader-response\"><p role=\"status\" aria-live=\"polite\" aria-atomic=\"true\"><\/p> <ul><\/ul><\/div>\n<form action=\"\/fr\/wp-json\/wp\/v2\/pages\/3144#wpcf7-f4024-o1\" method=\"post\" class=\"wpcf7-form init\" aria-label=\"Formulaire de contact\" novalidate=\"novalidate\" data-status=\"init\">\n<fieldset class=\"hidden-fields-container\"><input type=\"hidden\" name=\"_wpcf7\" value=\"4024\" \/><input type=\"hidden\" name=\"_wpcf7_version\" value=\"6.1.5\" \/><input type=\"hidden\" name=\"_wpcf7_locale\" value=\"fr_FR\" \/><input type=\"hidden\" name=\"_wpcf7_unit_tag\" value=\"wpcf7-f4024-o1\" \/><input type=\"hidden\" name=\"_wpcf7_container_post\" value=\"0\" \/><input type=\"hidden\" name=\"_wpcf7_posted_data_hash\" value=\"\" \/><input type=\"hidden\" name=\"_wpcf7_recaptcha_response\" value=\"\" \/>\n<\/fieldset>\n<p><label><span class=\"wpcf7-form-control-wrap\" data-name=\"nombre\"><input size=\"40\" maxlength=\"400\" class=\"wpcf7-form-control wpcf7-text wpcf7-validates-as-required\" aria-required=\"true\" aria-invalid=\"false\" placeholder=\"*Nom\" value=\"\" type=\"text\" name=\"nombre\" \/><\/span> <\/label><br \/>\n<label><span class=\"wpcf7-form-control-wrap\" data-name=\"email\"><input size=\"40\" maxlength=\"400\" class=\"wpcf7-form-control wpcf7-email wpcf7-validates-as-required wpcf7-text wpcf7-validates-as-email\" aria-required=\"true\" aria-invalid=\"false\" placeholder=\"*E-mail\" value=\"\" type=\"email\" name=\"email\" \/><\/span> <\/label><br \/>\n<label><span class=\"wpcf7-form-control-wrap\" data-name=\"telefono\"><input size=\"40\" maxlength=\"13\" minlength=\"9\" class=\"wpcf7-form-control wpcf7-tel wpcf7-validates-as-required wpcf7-text wpcf7-validates-as-tel\" aria-required=\"true\" aria-invalid=\"false\" placeholder=\"*T\u00e9l\u00e9phone\" value=\"\" type=\"tel\" name=\"telefono\" \/><\/span><\/label><br \/>\n<label><span class=\"wpcf7-form-control-wrap\" data-name=\"cp\"><input size=\"40\" maxlength=\"400\" class=\"wpcf7-form-control wpcf7-text\" aria-invalid=\"false\" placeholder=\"Code Postal\" value=\"\" type=\"text\" name=\"cp\" \/><\/span><\/label><br \/>\nJe suis int\u00e9ress\u00e9<br \/>\n<span class=\"wpcf7-form-control-wrap\" data-name=\"interesado\"><select class=\"wpcf7-form-control wpcf7-select wpcf7-validates-as-required\" aria-required=\"true\" aria-invalid=\"false\" name=\"interesado\"><option value=\"Rubans adh\u00e9sifs d&#039;emballage\">Rubans adh\u00e9sifs d&#039;emballage<\/option><option value=\"Rubans adh\u00e9sifs pour badges\">Rubans adh\u00e9sifs pour badges<\/option><option value=\"Rubans adh\u00e9sifs pour bracelets\">Rubans adh\u00e9sifs pour bracelets<\/option><option value=\"Impression en petites quantit\u00e9s\">Impression en petites quantit\u00e9s<\/option><option value=\"Casquettes personnalis\u00e9es\">Casquettes personnalis\u00e9es<\/option><option value=\"Braceletes tyvek personnalisables\">Braceletes tyvek personnalisables<\/option><option value=\"Autres\">Autres<\/option><\/select><\/span><br \/>\n<span class=\"wpcf7-form-control-wrap\" data-name=\"acepto\"><span class=\"wpcf7-form-control wpcf7-acceptance\"><span class=\"wpcf7-list-item\"><label><input type=\"checkbox\" name=\"acepto\" value=\"1\" aria-invalid=\"false\" \/><span class=\"wpcf7-list-item-label\">J'ai lu et j'accepte la <a href=\"https:\/\/www.texgraf.com\/politica-de-privacidad\/\" target=\"blank\">politique de confidentialit\u00e9.<\/a><\/span><\/label><\/span><\/span><\/span><br \/>\n<input class=\"wpcf7-form-control wpcf7-submit has-spinner\" type=\"submit\" value=\"Envoyer\" \/>\n<\/p><div class=\"wpcf7-response-output\" aria-hidden=\"true\"><\/div>\n<\/form>\n<\/div>\n<\/div>\n<\/div>\n<\/div><\/div>\n\n<div class=\"wp-block-uagb-container uagb-block-8c577d75 alignfull uagb-is-root-container\"><div class=\"uagb-container-inner-blocks-wrap\">\n<div class=\"wp-block-uagb-container uagb-block-64018e9e\">\n<div class=\"wp-block-uagb-advanced-heading uagb-block-150ee59b\"><h2 class=\"uagb-heading-text\">Lani\u00e8res et rubans de badge personnalis\u00e9s<\/h2><div class=\"uagb-separator\"><\/div><\/div>\n\n\n\n<p>Dans la plupart des salons professionnels et des conventions, les participants doivent s&rsquo;inscrire et re\u00e7oivent alors un certificat, mais&#8230; o\u00f9 le conserver pendant toute la dur\u00e9e de l&rsquo;\u00e9v\u00e9nement, savoir o\u00f9 le mettre, et savoir o\u00f9 le mettre lorsqu&rsquo;on le quitte ou qu&rsquo;on y entre ? La solution con\u00e7ue \u00e0 cet effet est la lani\u00e8re, qui comporte un petit mousqueton \u00e0 l&rsquo;extr\u00e9mit\u00e9 duquel la pi\u00e8ce d&rsquo;identit\u00e9 peut \u00eatre accroch\u00e9e.<\/p>\n\n\n\n<p>Aujourd&rsquo;hui, toutes les entreprises participantes offrent ces <strong>lani\u00e8res personnalis\u00e9es avec le logo de l&rsquo;entreprise comme articles publicitaires<\/strong>, car le fait que toutes les entreprises participantes soient marqu\u00e9es de fa\u00e7on permanente cr\u00e9e une grande image de marque.<\/p>\n\n\n\n<p>L\u00e0 encore, cela ne se limite pas \u00e0 un moment occasionnel, car de plus en plus d&rsquo;entreprises ajoutent une certification sp\u00e9ciale pour l&rsquo;entr\u00e9e au bureau, ce qui fait de ces lani\u00e8res une v\u00e9ritable publicit\u00e9 pour les lani\u00e8res que les travailleurs portent tous les jours.<\/p>\n<\/div>\n\n\n\n<div class=\"wp-block-uagb-container uagb-block-57c8a38a\">\n<figure style=\"padding-top:0;padding-right:var(--wp--preset--spacing--30);padding-bottom:0;padding-left:var(--wp--preset--spacing--30)\" class=\"wp-block-video\"><video height=\"1920\" style=\"aspect-ratio: 1080 \/ 1920;\" width=\"1080\" autoplay=\"\" controls=\"\" loop=\"\" muted=\"\" src=\"https:\/\/www.texgraf.com\/wp-content\/uploads\/2023\/03\/texgraf-lanyard-personalizado-serigrafia-fabricacion.mp4\"><\/video><\/figure>\n<\/div>\n<\/div><\/div>\n\n<div class=\"wp-block-uagb-container uagb-block-35c6e6b6 alignfull uagb-is-root-container\"><div class=\"uagb-container-inner-blocks-wrap\">\n<div class=\"wp-block-uagb-advanced-heading uagb-block-ecd279b5\"><h3 class=\"uagb-heading-text\">Prix des lani\u00e8res personnalis\u00e9es<\/h3><div class=\"uagb-separator\"><\/div><p class=\"uagb-desc-text\">Nous vous pr\u00e9sentons ici nos tarifs pour <strong>Rubans pour cartes d&rsquo;identification<\/strong>.<br\/>Prix indiqu\u00e9s pour Lanyard 2cm de large par 90cm de long avec mousqueton, imprim\u00e9 en sublimation sur ruban lanyard (100% Polyester).<br\/>Tous nos cordons sont fabriqu\u00e9s en polyester recycl\u00e9. <\/p><\/div>\n\n\n<style>.wp-block-kadence-advancedheading.kt-adv-heading1411_da989f-d3, .wp-block-kadence-advancedheading.kt-adv-heading1411_da989f-d3[data-kb-block=\"kb-adv-heading1411_da989f-d3\"]{font-size:var(--global-kb-font-size-md, 1.25rem);font-style:normal;}.wp-block-kadence-advancedheading.kt-adv-heading1411_da989f-d3 mark.kt-highlight, .wp-block-kadence-advancedheading.kt-adv-heading1411_da989f-d3[data-kb-block=\"kb-adv-heading1411_da989f-d3\"] mark.kt-highlight{font-style:normal;color:#f76a0c;-webkit-box-decoration-break:clone;box-decoration-break:clone;padding-top:0px;padding-right:0px;padding-bottom:0px;padding-left:0px;}.wp-block-kadence-advancedheading.kt-adv-heading1411_da989f-d3 img.kb-inline-image, .wp-block-kadence-advancedheading.kt-adv-heading1411_da989f-d3[data-kb-block=\"kb-adv-heading1411_da989f-d3\"] img.kb-inline-image{width:150px;vertical-align:baseline;}@media all and (max-width: 767px){.wp-block-kadence-advancedheading.kt-adv-heading1411_da989f-d3, .wp-block-kadence-advancedheading.kt-adv-heading1411_da989f-d3[data-kb-block=\"kb-adv-heading1411_da989f-d3\"]{text-align:center!important;}}<\/style>\n<h2 class=\"kt-adv-heading1411_da989f-d3 wp-block-kadence-advancedheading\" data-kb-block=\"kb-adv-heading1411_da989f-d3\"><strong>TVA et frais de port inclus<\/strong><\/h2>\n<\/div><\/div>\n\n<div class=\"wp-block-uagb-container uagb-block-2ab21a2a alignfull uagb-is-root-container\"><div class=\"uagb-container-inner-blocks-wrap\">\n<div class=\"wp-block-uagb-container uagb-block-467f80e6\">\n<div class=\"wp-block-uagb-info-box uagb-block-cdab2eb4 uagb-infobox__content-wrap  uagb-infobox-icon-above-title uagb-infobox-image-valign-top\"><div class=\"uagb-ifb-content\"><div class=\"uagb-ifb-title-wrap\"><span class=\"uagb-ifb-title-prefix\">avec mousqueton<\/span><h3 class=\"uagb-ifb-title\">100 Lanyards<\/h3><\/div><p class=\"uagb-ifb-desc\">2 \u20ac\/pi\u00e8ce<\/p><\/div><\/div>\n<\/div>\n\n\n\n<div class=\"wp-block-uagb-container uagb-block-852f78ce\">\n<div class=\"wp-block-uagb-info-box uagb-block-1f974b48 uagb-infobox__content-wrap  uagb-infobox-icon-above-title uagb-infobox-image-valign-top\"><div class=\"uagb-ifb-content\"><div class=\"uagb-ifb-title-wrap\"><span class=\"uagb-ifb-title-prefix\">avec mousqueton<\/span><h3 class=\"uagb-ifb-title\">250 Lanyards<\/h3><\/div><p class=\"uagb-ifb-desc\">1,52 \u20ac\/pi\u00e8ce<\/p><\/div><\/div>\n<\/div>\n\n\n\n<div class=\"wp-block-uagb-container uagb-block-6df1a4c8\">\n<div class=\"wp-block-uagb-info-box uagb-block-f52cbff5 uagb-infobox__content-wrap  uagb-infobox-icon-above-title uagb-infobox-image-valign-top\"><div class=\"uagb-ifb-content\"><div class=\"uagb-ifb-title-wrap\"><span class=\"uagb-ifb-title-prefix\">avec mousqueton<\/span><h3 class=\"uagb-ifb-title\">1.000 Lanyards<\/h3><\/div><p class=\"uagb-ifb-desc\">1,35 \u20ac\/pi\u00e8ce<\/p><\/div><\/div>\n<\/div>\n<\/div><\/div>\n\n<div class=\"wp-block-uagb-container uagb-block-a88d7b15 alignfull uagb-is-root-container\"><div class=\"uagb-container-inner-blocks-wrap\">\n<div class=\"wp-block-uagb-advanced-heading uagb-block-91000c6e\"><h3 class=\"uagb-heading-text\">Porte-badges personnalis\u00e9s<\/h3><div class=\"uagb-separator\"><\/div><\/div>\n\n\n\n<p class=\"has-text-align-center\">Les porte-badges personnalis\u00e9s permettent d&rsquo;identifier les visiteurs dans vos locaux ou lors de foires commerciales et sont id\u00e9aux pour les employ\u00e9s et les visiteurs. Nos porte-badges et pinces \u00e0 badges personnalis\u00e9s peuvent \u00eatre accroch\u00e9s autour du cou. Ils permettent d&rsquo;identifier vos employ\u00e9s tout en am\u00e9liorant la s\u00e9curit\u00e9. Vous pouvez inclure un cordon de marque dans le sac de bienvenue de votre nouveau membre de l&rsquo;\u00e9quipe. Disponible dans une vari\u00e9t\u00e9 de couleurs, il est facile de trouver la couleur parfaite pour votre logo.<\/p>\n\n\n\n<p class=\"has-text-align-center\">Une fois que vous avez s\u00e9lectionn\u00e9 votre badge pr\u00e9f\u00e9r\u00e9, ajoutez votre style personnalis\u00e9 dans notre studio de cr\u00e9ation. Vous pouvez ajouter votre nom, votre titre, votre logo et le nom de votre entreprise \u00e0 la lani\u00e8re imprim\u00e9e. Nous donnerons ensuite vie \u00e0 votre projet. Votre ruban personnalis\u00e9 est pr\u00eat \u00e0 l&#8217;emploi.<\/p>\n<\/div><\/div>\n\n<div class=\"wp-block-uagb-separator uagb-block-a5dd19e7\"><div class=\"wp-block-uagb-separator__inner\" style=\"--my-background-image:\"><\/div><\/div>\n\n<div class=\"wp-block-uagb-container uagb-block-8aec78d7 alignfull uagb-is-root-container\"><div class=\"uagb-container__shape uagb-container__shape-top\"><svg xmlns=\"https:\/\/www.w3.org\/2000\/svg\" viewBox=\"0 0 1000 100\" preserveAspectRatio=\"none\"><path class=\"uagb-container__shape-fill\" d=\"M421.9,6.5c22.6-2.5,51.5,0.4,75.5,5.3c23.6,4.9,70.9,23.5,100.5,35.7c75.8,32.2,133.7,44.5,192.6,49.7  c23.6,2.1,48.7,3.5,103.4-2.5c54.7-6,106.2-25.6,106.2-25.6V0H0v30.3c0,0,72,32.6,158.4,30.5c39.2-0.7,92.8-6.7,134-22.4  c21.2-8.1,52.2-18.2,79.7-24.2C399.3,7.9,411.6,7.5,421.9,6.5z\"><\/path><\/svg><\/div><div class=\"uagb-container-inner-blocks-wrap\">\n<div class=\"wp-block-uagb-container uagb-block-d0ea2a21\">\n<div class=\"wp-block-uagb-image uagb-block-bcc8bd16 wp-block-uagb-image--layout-default wp-block-uagb-image--effect-static wp-block-uagb-image--align-none\"><figure class=\"wp-block-uagb-image__figure\"><img decoding=\"async\" srcset=\"https:\/\/www.texgraf.com\/wp-content\/uploads\/2022\/10\/texgraf-lanyard-personalizado-para-acreditaciones-1024x655.jpg\n \" sizes=\"auto, (max-width: 480px) 150px\" src=\"https:\/\/www.texgraf.com\/wp-content\/uploads\/2022\/10\/texgraf-lanyard-personalizado-para-acreditaciones-1024x655.jpg\" alt=\"\" class=\"uag-image-1464\" width=\"1024\" height=\"655\" title=\"\" loading=\"lazy\" role=\"img\"><\/figure><\/div>\n<\/div>\n\n\n\n<div class=\"wp-block-uagb-container uagb-block-3867e9a4\">\n<div class=\"wp-block-uagb-advanced-heading uagb-block-bbbef9f9\"><h3 class=\"uagb-heading-text\">Utilisations des lani\u00e8res<\/h3><div class=\"uagb-separator\"><\/div><\/div>\n\n\n\n<p>Les lani\u00e8res pour cl\u00e9s ou pour \u00e9v\u00e9nements sont d&rsquo;excellents accessoires pour identifier les visiteurs, les groupes et les travailleurs d&rsquo;entreprise lors de foires commerciales, de conf\u00e9rences et de festivals, mais elles sont \u00e9galement tr\u00e8s utiles dans la vie de tous les jours. Si vous recherchez un tour de cou d\u00e9coratif et durable, nous vous recommandons de cr\u00e9er votre propre tour de cou.<\/p>\n\n\n\n<div class=\"wp-block-uagb-info-box uagb-block-35148c93 uagb-infobox__content-wrap  uagb-infobox-icon-left-title uagb-infobox-left uagb-infobox-image-valign-top\"><div class=\"uagb-ifb-content\"><div class=\"uagb-ifb-left-title-image\"><div class=\"uagb-ifb-icon-wrap\"><svg xmlns=\"https:\/\/www.w3.org\/2000\/svg\" viewbox=\"0 0 448 512\"><path d=\"M246.6 233.4l-160-160c-12.5-12.5-32.75-12.5-45.25 0s-12.5 32.75 0 45.25L178.8 256l-137.4 137.4c-12.5 12.5-12.5 32.75 0 45.25C47.63 444.9 55.81 448 64 448s16.38-3.125 22.62-9.375l160-160C259.1 266.1 259.1 245.9 246.6 233.4zM438.6 233.4l-160-160c-12.5-12.5-32.75-12.5-45.25 0s-12.5 32.75 0 45.25L370.8 256l-137.4 137.4c-12.5 12.5-12.5 32.75 0 45.25C239.6 444.9 247.8 448 256 448s16.38-3.125 22.62-9.375l160-160C451.1 266.1 451.1 245.9 438.6 233.4z\"><\/path><\/svg><\/div><div class=\"uagb-ifb-title-wrap\"><h3 class=\"uagb-ifb-title\">Nous fabriquons des lanyards \u00e0 l&rsquo;image de votre entreprise.<\/h3><\/div><\/div><\/div><\/div>\n<\/div>\n<\/div><\/div>\n\n<div class=\"wp-block-uagb-container uagb-block-a509ac16 alignfull uagb-is-root-container\"><div class=\"uagb-container-inner-blocks-wrap\">\n<div class=\"wp-block-uagb-container uagb-block-bca1874e\">\n<div class=\"wp-block-uagb-advanced-heading uagb-block-daa63a49\"><h3 class=\"uagb-heading-text\">Nos lani\u00e8res et rubans personnalis\u00e9s<\/h3><div class=\"uagb-separator\"><\/div><\/div>\n\n\n\n<div class=\"wp-block-uagb-advanced-heading uagb-block-61c90455\"><h5 class=\"uagb-heading-text\">Personnalisation de la couleur, de l&rsquo;impression&#8230;<\/h5><\/div>\n\n\n\n<div class=\"wp-block-uagb-advanced-heading uagb-block-3df0d90a\"><p class=\"uagb-heading-text\">Somos fabricantes as\u00ed que puedes solicitar el colgante para tu acreditaci\u00f3n con el ancho y color que necesites, tambi\u00e9n podr\u00e1s incluir el logotipo, texto y lema que necesites. Nosotros podemos ayudarte tambi\u00e9n con el dise\u00f1o.<\/p><\/div>\n<\/div>\n\n\n\n<div class=\"wp-block-uagb-container uagb-block-7d84a433\">\n<div class=\"wp-block-uagb-advanced-heading uagb-block-26574e55\"><h5 class=\"uagb-heading-text\">Impression et finition des lani\u00e8res<\/h5><\/div>\n\n\n\n<p class=\"has-ast-global-color-1-color has-text-color\">Chez <strong>TEXGRAF <\/strong>, nous sommes fabricants de rubans personnalis\u00e9s, nous pouvons les imprimer en s\u00e9rigraphie, s\u00e9rigraphie 3D, sublimation, estampage et finitions m\u00e9talliques. Nous pouvons personnaliser le cordon \u00e0 partir du dessin que vous nous envoyez. Nous ajusterons le dessin pour qu&rsquo;il s&rsquo;imprime et se lise correctement une fois qu&rsquo;il est accroch\u00e9.<\/p>\n<\/div>\n<\/div><\/div>\n","protected":false},"excerpt":{"rendered":"<p>Lani\u00e8res et rubans de badge personnalis\u00e9s Dans la plupart des salons professionnels et des conventions, les participants doivent s&rsquo;inscrire et re\u00e7oivent alors un certificat, mais&#8230; o\u00f9 le conserver pendant toute la dur\u00e9e de l&rsquo;\u00e9v\u00e9nement, savoir o\u00f9 le mettre, et savoir o\u00f9 le mettre lorsqu&rsquo;on le quitte ou qu&rsquo;on y entre ? La solution con\u00e7ue \u00e0 [&hellip;]<\/p>\n","protected":false},"author":1,"featured_media":0,"parent":0,"menu_order":0,"comment_status":"closed","ping_status":"closed","template":"","meta":{"_uag_custom_page_level_css":"","site-sidebar-layout":"default","site-content-layout":"plain-container","ast-site-content-layout":"normal-width-container","site-content-style":"unboxed","site-sidebar-style":"unboxed","ast-global-header-display":"","ast-banner-title-visibility":"","ast-main-header-display":"","ast-hfb-above-header-display":"","ast-hfb-below-header-display":"","ast-hfb-mobile-header-display":"","site-post-title":"disabled","ast-breadcrumbs-content":"","ast-featured-img":"","footer-sml-layout":"","ast-disable-related-posts":"","theme-transparent-header-meta":"enabled","adv-header-id-meta":"","stick-header-meta":"","header-above-stick-meta":"","header-main-stick-meta":"","header-below-stick-meta":"","astra-migrate-meta-layouts":"default","ast-page-background-enabled":"default","ast-page-background-meta":{"desktop":{"background-color":"var(--ast-global-color-4)","background-image":"","background-repeat":"repeat","background-position":"center center","background-size":"auto","background-attachment":"scroll","background-type":"","background-media":"","overlay-type":"","overlay-color":"","overlay-opacity":"","overlay-gradient":""},"tablet":{"background-color":"","background-image":"","background-repeat":"repeat","background-position":"center center","background-size":"auto","background-attachment":"scroll","background-type":"","background-media":"","overlay-type":"","overlay-color":"","overlay-opacity":"","overlay-gradient":""},"mobile":{"background-color":"","background-image":"","background-repeat":"repeat","background-position":"center center","background-size":"auto","background-attachment":"scroll","background-type":"","background-media":"","overlay-type":"","overlay-color":"","overlay-opacity":"","overlay-gradient":""}},"ast-content-background-meta":{"desktop":{"background-color":"var(--ast-global-color-5)","background-image":"","background-repeat":"repeat","background-position":"center center","background-size":"auto","background-attachment":"scroll","background-type":"","background-media":"","overlay-type":"","overlay-color":"","overlay-opacity":"","overlay-gradient":""},"tablet":{"background-color":"var(--ast-global-color-5)","background-image":"","background-repeat":"repeat","background-position":"center center","background-size":"auto","background-attachment":"scroll","background-type":"","background-media":"","overlay-type":"","overlay-color":"","overlay-opacity":"","overlay-gradient":""},"mobile":{"background-color":"var(--ast-global-color-5)","background-image":"","background-repeat":"repeat","background-position":"center center","background-size":"auto","background-attachment":"scroll","background-type":"","background-media":"","overlay-type":"","overlay-color":"","overlay-opacity":"","overlay-gradient":""}},"footnotes":""},"class_list":["post-3144","page","type-page","status-publish","hentry"],"uagb_featured_image_src":{"full":false,"thumbnail":false,"medium":false,"medium_large":false,"large":false,"1536x1536":false,"2048x2048":false,"woocommerce_thumbnail":false,"woocommerce_single":false,"woocommerce_gallery_thumbnail":false,"variation_swatches_image_size":false,"variation_swatches_tooltip_size":false},"uagb_author_info":{"display_name":"empiezapori","author_link":"https:\/\/www.texgraf.com\/fr\/author\/empiezapori\/"},"uagb_comment_info":0,"uagb_excerpt":"Lani\u00e8res et rubans de badge personnalis\u00e9s Dans la plupart des salons professionnels et des conventions, les participants doivent s&rsquo;inscrire et re\u00e7oivent alors un certificat, mais&#8230; o\u00f9 le conserver pendant toute la dur\u00e9e de l&rsquo;\u00e9v\u00e9nement, savoir o\u00f9 le mettre, et savoir o\u00f9 le mettre lorsqu&rsquo;on le quitte ou qu&rsquo;on y entre ? La solution con\u00e7ue \u00e0\u2026","_links":{"self":[{"href":"https:\/\/www.texgraf.com\/fr\/wp-json\/wp\/v2\/pages\/3144","targetHints":{"allow":["GET"]}}],"collection":[{"href":"https:\/\/www.texgraf.com\/fr\/wp-json\/wp\/v2\/pages"}],"about":[{"href":"https:\/\/www.texgraf.com\/fr\/wp-json\/wp\/v2\/types\/page"}],"author":[{"embeddable":true,"href":"https:\/\/www.texgraf.com\/fr\/wp-json\/wp\/v2\/users\/1"}],"replies":[{"embeddable":true,"href":"https:\/\/www.texgraf.com\/fr\/wp-json\/wp\/v2\/comments?post=3144"}],"version-history":[{"count":5,"href":"https:\/\/www.texgraf.com\/fr\/wp-json\/wp\/v2\/pages\/3144\/revisions"}],"predecessor-version":[{"id":3979,"href":"https:\/\/www.texgraf.com\/fr\/wp-json\/wp\/v2\/pages\/3144\/revisions\/3979"}],"wp:attachment":[{"href":"https:\/\/www.texgraf.com\/fr\/wp-json\/wp\/v2\/media?parent=3144"}],"curies":[{"name":"wp","href":"https:\/\/api.w.org\/{rel}","templated":true}]}}