{"id":3127,"date":"2022-10-24T17:17:32","date_gmt":"2022-10-24T15:17:32","guid":{"rendered":"https:\/\/texgraf.dissenyesplugues.com\/rubans-de-reclame-publicitaire\/"},"modified":"2026-01-14T10:25:16","modified_gmt":"2026-01-14T09:25:16","slug":"rubans-de-reclame-publicitaire","status":"publish","type":"page","link":"https:\/\/www.texgraf.com\/fr\/rubans-de-reclame-publicitaire\/","title":{"rendered":"Rubans de r\u00e9clame publicitaire"},"content":{"rendered":"\n<div class=\"wp-block-uagb-container uagb-block-754d6c15 alignfull uagb-is-root-container\"><div class=\"uagb-container__shape uagb-container__shape-bottom uagb-container__invert\" data-negative=\"false\"><svg xmlns=\"https:\/\/www.w3.org\/2000\/svg\" viewBox=\"0 0 2600 131.1\" preserveAspectRatio=\"none\"><path class=\"uagb-container__shape-fill\" d=\"M0 0L2600 0 2600 69.1 0 0z\"><\/path><path class=\"uagb-container__shape-fill\" opacity=\"0.5\" d=\"M0 0L2600 0 2600 69.1 0 69.1z\"><\/path><path class=\"uagb-container__shape-fill\" opacity=\"0.25\" d=\"M2600 0L0 0 0 130.1 2600 69.1z\"><\/path><\/svg><\/div><div class=\"uagb-container-inner-blocks-wrap\">\n<div class=\"wp-block-uagb-container uagb-block-0989a721\">\n<div class=\"wp-block-uagb-info-box uagb-block-f4da1a26 uagb-infobox__content-wrap  uagb-infobox-icon-above-title uagb-infobox-image-valign-top\"><div class=\"uagb-ifb-content\"><div class=\"uagb-ifb-title-wrap\"><h1 class=\"uagb-ifb-title\">Rubans d&rsquo;accr\u00e9ditation et de r\u00e9clamation publicitaire<\/h1><\/div><p class=\"uagb-ifb-desc\">Bracelets et lani\u00e8res<\/p><div class=\"uagb-ifb-button-wrapper wp-block-button\"><a href=\"tel:+34937361436\" class=\"uagb-infobox-cta-link wp-block-button__link\" target=\"_self\" rel=\"noopener noreferrer\" onclick=\"return true;\"><span class=\"uagb-inline-editing\">Appelez-nous au +34 93 736 14 36<\/span><\/a><\/div><\/div><\/div>\n\n\n\n<div class=\"wp-block-uagb-buttons uagb-buttons__outer-wrap uagb-btn__default-btn uagb-btn-tablet__default-btn uagb-btn-mobile__default-btn uagb-block-b353bd99\"><div class=\"uagb-buttons__wrap uagb-buttons-layout-wrap \">\n<div class=\"wp-block-uagb-buttons-child uagb-buttons__outer-wrap uagb-block-ba94ad04 wp-block-button is-style-outline\"><div class=\"uagb-button__wrapper\"><a class=\"uagb-buttons-repeater wp-block-button__link\" aria-label=\"\" href=\"https:\/\/www.texgraf.com\/fr\/boutique-en-ligne-de-rubans-decoratifs\/\" rel=\"follow noopener\" target=\"_self\" role=\"button\"><div class=\"uagb-button__link\">Acheter des bandes en ligne<\/div><\/a><\/div><\/div>\n<\/div><\/div>\n<\/div>\n\n\n\n<div class=\"wp-block-uagb-container uagb-block-ba36cb85\">\n<div class=\"wp-block-contact-form-7-contact-form-selector\">\n<div class=\"wpcf7 no-js\" id=\"wpcf7-f4024-o1\" lang=\"fr-FR\" dir=\"ltr\" data-wpcf7-id=\"4024\">\n<div class=\"screen-reader-response\"><p role=\"status\" aria-live=\"polite\" aria-atomic=\"true\"><\/p> <ul><\/ul><\/div>\n<form action=\"\/fr\/wp-json\/wp\/v2\/pages\/3127#wpcf7-f4024-o1\" method=\"post\" class=\"wpcf7-form init\" aria-label=\"Formulaire de contact\" novalidate=\"novalidate\" data-status=\"init\">\n<fieldset class=\"hidden-fields-container\"><input type=\"hidden\" name=\"_wpcf7\" value=\"4024\" \/><input type=\"hidden\" name=\"_wpcf7_version\" value=\"6.1.5\" \/><input type=\"hidden\" name=\"_wpcf7_locale\" value=\"fr_FR\" \/><input type=\"hidden\" name=\"_wpcf7_unit_tag\" value=\"wpcf7-f4024-o1\" \/><input type=\"hidden\" name=\"_wpcf7_container_post\" value=\"0\" \/><input type=\"hidden\" name=\"_wpcf7_posted_data_hash\" value=\"\" \/><input type=\"hidden\" name=\"_wpcf7_recaptcha_response\" value=\"\" \/>\n<\/fieldset>\n<p><label><span class=\"wpcf7-form-control-wrap\" data-name=\"nombre\"><input size=\"40\" maxlength=\"400\" class=\"wpcf7-form-control wpcf7-text wpcf7-validates-as-required\" aria-required=\"true\" aria-invalid=\"false\" placeholder=\"*Nom\" value=\"\" type=\"text\" name=\"nombre\" \/><\/span> <\/label><br \/>\n<label><span class=\"wpcf7-form-control-wrap\" data-name=\"email\"><input size=\"40\" maxlength=\"400\" class=\"wpcf7-form-control wpcf7-email wpcf7-validates-as-required wpcf7-text wpcf7-validates-as-email\" aria-required=\"true\" aria-invalid=\"false\" placeholder=\"*E-mail\" value=\"\" type=\"email\" name=\"email\" \/><\/span> <\/label><br \/>\n<label><span class=\"wpcf7-form-control-wrap\" data-name=\"telefono\"><input size=\"40\" maxlength=\"13\" minlength=\"9\" class=\"wpcf7-form-control wpcf7-tel wpcf7-validates-as-required wpcf7-text wpcf7-validates-as-tel\" aria-required=\"true\" aria-invalid=\"false\" placeholder=\"*T\u00e9l\u00e9phone\" value=\"\" type=\"tel\" name=\"telefono\" \/><\/span><\/label><br \/>\n<label><span class=\"wpcf7-form-control-wrap\" data-name=\"cp\"><input size=\"40\" maxlength=\"400\" class=\"wpcf7-form-control wpcf7-text\" aria-invalid=\"false\" placeholder=\"Code Postal\" value=\"\" type=\"text\" name=\"cp\" \/><\/span><\/label><br \/>\nJe suis int\u00e9ress\u00e9<br \/>\n<span class=\"wpcf7-form-control-wrap\" data-name=\"interesado\"><select class=\"wpcf7-form-control wpcf7-select wpcf7-validates-as-required\" aria-required=\"true\" aria-invalid=\"false\" name=\"interesado\"><option value=\"Rubans adh\u00e9sifs d&#039;emballage\">Rubans adh\u00e9sifs d&#039;emballage<\/option><option value=\"Rubans adh\u00e9sifs pour badges\">Rubans adh\u00e9sifs pour badges<\/option><option value=\"Rubans adh\u00e9sifs pour bracelets\">Rubans adh\u00e9sifs pour bracelets<\/option><option value=\"Impression en petites quantit\u00e9s\">Impression en petites quantit\u00e9s<\/option><option value=\"Casquettes personnalis\u00e9es\">Casquettes personnalis\u00e9es<\/option><option value=\"Braceletes tyvek personnalisables\">Braceletes tyvek personnalisables<\/option><option value=\"Autres\">Autres<\/option><\/select><\/span><br \/>\n<span class=\"wpcf7-form-control-wrap\" data-name=\"acepto\"><span class=\"wpcf7-form-control wpcf7-acceptance\"><span class=\"wpcf7-list-item\"><label><input type=\"checkbox\" name=\"acepto\" value=\"1\" aria-invalid=\"false\" \/><span class=\"wpcf7-list-item-label\">J'ai lu et j'accepte la <a href=\"https:\/\/www.texgraf.com\/politica-de-privacidad\/\" target=\"blank\">politique de confidentialit\u00e9.<\/a><\/span><\/label><\/span><\/span><\/span><br \/>\n<input class=\"wpcf7-form-control wpcf7-submit has-spinner\" type=\"submit\" value=\"Envoyer\" \/>\n<\/p><div class=\"wpcf7-response-output\" aria-hidden=\"true\"><\/div>\n<\/form>\n<\/div>\n<\/div>\n<\/div>\n<\/div><\/div>\n\n<div class=\"wp-block-uagb-container uagb-block-56e18fc5 alignwide uagb-is-root-container\">\n<div class=\"wp-block-uagb-container uagb-block-94a557c1\">\n<div class=\"wp-block-uagb-info-box uagb-block-f480f38d uagb-infobox__content-wrap  uagb-infobox-icon-above-title uagb-infobox-image-valign-top\"><div class=\"uagb-ifb-content\"><div class=\"uagb-ifb-image-content\"><img decoding=\"async\" src=\"https:\/\/www.texgraf.com\/wp-content\/uploads\/2023\/04\/pulsera-acreditacion-mockup-300x239.png\" alt=\"\" width=\"400\" height=\"318\" loading=\"lazy\"\/><\/div><div class=\"uagb-ifb-title-wrap\"><h3 class=\"uagb-ifb-title\"><a href=\"https:\/\/www.texgraf.com\/fr\/bracelets-personnalises-pour-evenements\/\">Bracelets de contr\u00f4le d&rsquo;acc\u00e8s personnalis\u00e9s<\/a><\/h3><\/div><p class=\"uagb-ifb-desc\">Les rubans personnalis\u00e9s sont une excellente option pour ajouter une touche d&rsquo;\u00e9l\u00e9gance et de personnalisation \u00e0 vos envois et emballages. Disponible en diff\u00e9rentes finitions d&rsquo;impression : s\u00e9rigraphie, s\u00e9rigraphie 3D, m\u00e9tallisation, sublimation et estampage.<\/p><div class=\"uagb-ifb-button-wrapper wp-block-button\"><a href=\"\/pulseras-personalizadas\/\" class=\"uagb-infobox-cta-link wp-block-button__link\" target=\"_self\" rel=\"noopener noreferrer\" onclick=\"return true;\"><span class=\"uagb-inline-editing\">Plus d&rsquo;informations<\/span><\/a><\/div><\/div><\/div>\n<\/div>\n\n\n\n<div class=\"wp-block-uagb-container uagb-block-fe8d8ac1\">\n<div class=\"wp-block-uagb-info-box uagb-block-eee3b1bb uagb-infobox__content-wrap  uagb-infobox-icon-above-title uagb-infobox-image-valign-top\"><div class=\"uagb-ifb-content\"><div class=\"uagb-ifb-image-content\"><img decoding=\"async\" src=\"https:\/\/www.texgraf.com\/wp-content\/uploads\/2023\/03\/texgraf-lanyard-publicidad-300x239.png\" alt=\"\" width=\"400\" height=\"318\" loading=\"lazy\"\/><\/div><div class=\"uagb-ifb-title-wrap\"><h3 class=\"uagb-ifb-title\"><a href=\"https:\/\/www.texgraf.com\/fr\/lanyard-personnalise\/\">Lani\u00e8res et rubans de badge personnalis\u00e9s<\/a><\/h3><\/div><p class=\"uagb-ifb-desc\">Les rubans personnalis\u00e9s sont un excellent outil pour promouvoir votre marque ou votre entreprise. Ces rubans peuvent \u00eatre personnalis\u00e9s avec votre logo ou votre dessin pour cr\u00e9er une publicit\u00e9 efficace.<\/p><div class=\"uagb-ifb-button-wrapper wp-block-button\"><a href=\"https:\/\/www.texgraf.com\/fr\/lanyard-personnalise\/\" class=\"uagb-infobox-cta-link wp-block-button__link\" target=\"_self\" rel=\"noopener noreferrer\" onclick=\"return true;\"><span class=\"uagb-inline-editing\">Plus d&rsquo;informations<\/span><\/a><\/div><\/div><\/div>\n<\/div>\n\n\n\n<div class=\"wp-block-uagb-container uagb-block-c0fa0627\">\n<div class=\"wp-block-uagb-info-box uagb-block-869ada74 uagb-infobox__content-wrap  uagb-infobox-icon-above-title uagb-infobox-image-valign-top\"><div class=\"uagb-ifb-content\"><div class=\"uagb-ifb-image-content\"><img decoding=\"async\" src=\"https:\/\/www.texgraf.com\/wp-content\/uploads\/2026\/01\/tyvek-300x226.png\" alt=\"\" width=\"400\" height=\"301\" loading=\"lazy\"\/><\/div><div class=\"uagb-ifb-title-wrap\"><h3 class=\"uagb-ifb-title\"><a href=\"https:\/\/www.texgraf.com\/fr\/bracelets-tyvek-personnalisables\/\" data-type=\"page\" data-id=\"4044\">Bracelets en papier Tyvek<\/a> <a href=\"https:\/\/www.texgraf.com\/fr\/bracelets-tyvek-personnalisables\/\" data-type=\"page\" data-id=\"4044\">personnalis\u00e9s<\/a><\/h3><\/div><p class=\"uagb-ifb-desc\">Les bracelets en papier Tyvek personnalisables constituent une solution de contr\u00f4le d&rsquo;acc\u00e8s pratique, durable et efficace pour tous types d&rsquo;\u00e9v\u00e9nements. Ils offrent un haut niveau de s\u00e9curit\u00e9, une grande r\u00e9sistance et de multiples options de personnalisation. <\/p><div class=\"uagb-ifb-button-wrapper wp-block-button\"><a href=\"https:\/\/www.texgraf.com\/fr\/bracelets-tyvek-personnalisables\/\" class=\"uagb-infobox-cta-link wp-block-button__link\" target=\"_self\" rel=\"noopener noreferrer\" onclick=\"return true;\"><span class=\"uagb-inline-editing\">Plus d&rsquo;informations<\/span><\/a><\/div><\/div><\/div>\n<\/div>\n<\/div>\n\n<div class=\"wp-block-uagb-container uagb-block-3b1c0f69 alignfull uagb-is-root-container\"><div class=\"uagb-container-inner-blocks-wrap\">\n<div class=\"wp-block-uagb-container uagb-block-fde6203a\">\n<div class=\"wp-block-uagb-advanced-heading uagb-block-388683f9\"><h3 class=\"uagb-heading-text\">Bracelets et lanyards personnalis\u00e9s pour le contr\u00f4le d&rsquo;acc\u00e8s lors d&rsquo;\u00e9v\u00e9nements sportifs et musicaux, de campings, d&rsquo;h\u00f4tels, de foires commerciales&#8230;<\/h3><div class=\"uagb-separator\"><\/div><\/div>\n\n\n\n<p class=\"has-text-align-center\">Chez TEXGRAF, nous sommes fabricants de bracelets, nous pouvons les imprimer en s\u00e9rigraphie, s\u00e9rigraphie 3D, sublimation, estampage et avec des finitions m\u00e9talliques.<\/p>\n<\/div>\n<\/div><\/div>\n\n<div class=\"wp-block-uagb-container uagb-block-49c6c6f8 alignfull uagb-is-root-container\"><div class=\"uagb-container__video-wrap\"><video autoplay=\"\" loop=\"\" muted=\"\" playsinline=\"\"><source src=\"https:\/\/www.texgraf.com\/wp-content\/uploads\/2023\/03\/texgraf-cintas-personalizadas-video.mp4\" type=\"video\/mp4\"\/><\/video><\/div><div class=\"uagb-container-inner-blocks-wrap\"><\/div><\/div>\n\n<div class=\"wp-block-uagb-advanced-heading uagb-block-d7f3ce2e\"><h3 class=\"uagb-heading-text\">Options d&rsquo;impression de rubans personnalis\u00e9s<\/h3><div class=\"uagb-separator\"><\/div><\/div>\n\n<div class=\"wp-block-uagb-container uagb-block-3649dd4a alignfull uagb-is-root-container\"><div class=\"uagb-container-inner-blocks-wrap\">\n<div class=\"wp-block-uagb-container uagb-block-4254d16c\">\n<div class=\"wp-block-uagb-info-box uagb-block-5ad5dd49 uagb-infobox__content-wrap  uagb-infobox-icon-above-title uagb-infobox-image-valign-top\"><div class=\"uagb-ifb-content\"><div class=\"uagb-ifb-image-content\"><img decoding=\"async\" src=\"https:\/\/www.texgraf.com\/wp-content\/uploads\/2023\/03\/TEXGRAF-SERIGRAFIA.jpg\" alt=\"\" width=\"\" height=\"0\" loading=\"lazy\"\/><\/div><div class=\"uagb-ifb-title-wrap\"><span class=\"uagb-ifb-title-prefix\">imprimer<\/span><h3 class=\"uagb-ifb-title\">S\u00e9rigraphie<\/h3><\/div><p class=\"uagb-ifb-desc\">C&rsquo;est notre sp\u00e9cialit\u00e9, jusqu&rsquo;\u00e0 quatre couleurs peuvent \u00eatre appliqu\u00e9es avec une finition de haute qualit\u00e9. Il est absolument r\u00e9sistant au lavage et nous disposons d&rsquo;une multitude d&rsquo;encres pour chaque type d&rsquo;application \u00e0 laquelle le ruban doit r\u00e9sister.<\/p><div class=\"uagb-ifb-button-wrapper wp-block-button\"><a href=\"https:\/\/www.texgraf.com\/fr\/rubans-demballage-personnalises-pour-caisses-et-emballages\/#serigrafia\" class=\"uagb-infobox-cta-link wp-block-button__link\" target=\"_self\" rel=\"noopener noreferrer\" onclick=\"return true;\"><span class=\"uagb-inline-editing\">Plus d&rsquo;informations.<\/span><svg xmlns=\"https:\/\/www.w3.org\/2000\/svg\" viewbox=\"0 0 512 512\"><path d=\"M504.3 273.6l-112.1 104c-6.992 6.484-17.18 8.218-25.94 4.406c-8.758-3.812-14.42-12.45-14.42-21.1L351.9 288H32C14.33 288 .0002 273.7 .0002 255.1S14.33 224 32 224h319.9l0-72c0-9.547 5.66-18.19 14.42-22c8.754-3.809 18.95-2.075 25.94 4.41l112.1 104C514.6 247.9 514.6 264.1 504.3 273.6z\"><\/path><\/svg><\/a><\/div><\/div><\/div>\n<\/div>\n\n\n\n<div class=\"wp-block-uagb-container uagb-block-4e5c6e88\">\n<div class=\"wp-block-uagb-info-box uagb-block-63d4665d uagb-infobox__content-wrap  uagb-infobox-icon-above-title uagb-infobox-image-valign-top\"><div class=\"uagb-ifb-content\"><div class=\"uagb-ifb-image-content\"><img decoding=\"async\" src=\"https:\/\/www.texgraf.com\/wp-content\/uploads\/2023\/03\/TEXGRAF-METALIZADOS.jpg\" alt=\"\" width=\"\" height=\"0\" loading=\"lazy\"\/><\/div><div class=\"uagb-ifb-title-wrap\"><span class=\"uagb-ifb-title-prefix\">imprimer<\/span><h3 class=\"uagb-ifb-title\">M\u00e9tallis\u00e9<\/h3><\/div><p class=\"uagb-ifb-desc\">Nous cr\u00e9ons l&rsquo;effet d&rsquo;une <strong>brillance m\u00e9tallique<\/strong> sur tout type de logo, il peut \u00eatre appliqu\u00e9 avec ou sans relief, et nous disposons de plusieurs couleurs, ainsi que d&rsquo;effets holographiques ou iris\u00e9s.<\/p><div class=\"uagb-ifb-button-wrapper wp-block-button\"><a href=\"https:\/\/www.texgraf.com\/fr\/rubans-demballage-personnalises-pour-caisses-et-emballages\/#metalizados\" class=\"uagb-infobox-cta-link wp-block-button__link\" target=\"_self\" rel=\"noopener noreferrer\" onclick=\"return true;\"><span class=\"uagb-inline-editing\">Plus d&rsquo;informations.<\/span><svg xmlns=\"https:\/\/www.w3.org\/2000\/svg\" viewbox=\"0 0 512 512\"><path d=\"M504.3 273.6l-112.1 104c-6.992 6.484-17.18 8.218-25.94 4.406c-8.758-3.812-14.42-12.45-14.42-21.1L351.9 288H32C14.33 288 .0002 273.7 .0002 255.1S14.33 224 32 224h319.9l0-72c0-9.547 5.66-18.19 14.42-22c8.754-3.809 18.95-2.075 25.94 4.41l112.1 104C514.6 247.9 514.6 264.1 504.3 273.6z\"><\/path><\/svg><\/a><\/div><\/div><\/div>\n<\/div>\n\n\n\n<div class=\"wp-block-uagb-container uagb-block-5fc4dfed\">\n<div class=\"wp-block-uagb-info-box uagb-block-9a4ce51f uagb-infobox__content-wrap  uagb-infobox-icon-above-title uagb-infobox-image-valign-top\"><div class=\"uagb-ifb-content\"><div class=\"uagb-ifb-image-content\"><img decoding=\"async\" src=\"https:\/\/www.texgraf.com\/wp-content\/uploads\/2023\/03\/TEXGRAF-SUBLIMACION.jpg\" alt=\"\" width=\"\" height=\"0\" loading=\"lazy\"\/><\/div><div class=\"uagb-ifb-title-wrap\"><span class=\"uagb-ifb-title-prefix\">imprimer<\/span><h3 class=\"uagb-ifb-title\">Sublimation<\/h3><\/div><p class=\"uagb-ifb-desc\">C&rsquo;est sans aucun doute l&rsquo;une des finitions les plus spectaculaires, gr\u00e2ce \u00e0 la cr\u00e9ation d&rsquo;une base num\u00e9rique, nous obtenons une qualit\u00e9 photographique sur le ruban, sans limite de couleurs ou de rapport, la r\u00e9sistance au lavage est absolue et maintient les propri\u00e9t\u00e9s du ruban, tant au niveau du toucher que de l&rsquo;\u00e9lasticit\u00e9.<\/p><div class=\"uagb-ifb-button-wrapper wp-block-button\"><a href=\"https:\/\/www.texgraf.com\/fr\/rubans-demballage-personnalises-pour-caisses-et-emballages\/#sublimacion\" class=\"uagb-infobox-cta-link wp-block-button__link\" target=\"_self\" rel=\"noopener noreferrer\" onclick=\"return true;\"><span class=\"uagb-inline-editing\">Plus d&rsquo;informations.<\/span><svg xmlns=\"https:\/\/www.w3.org\/2000\/svg\" viewbox=\"0 0 512 512\"><path d=\"M504.3 273.6l-112.1 104c-6.992 6.484-17.18 8.218-25.94 4.406c-8.758-3.812-14.42-12.45-14.42-21.1L351.9 288H32C14.33 288 .0002 273.7 .0002 255.1S14.33 224 32 224h319.9l0-72c0-9.547 5.66-18.19 14.42-22c8.754-3.809 18.95-2.075 25.94 4.41l112.1 104C514.6 247.9 514.6 264.1 504.3 273.6z\"><\/path><\/svg><\/a><\/div><\/div><\/div>\n<\/div>\n<\/div><\/div>\n","protected":false},"excerpt":{"rendered":"<p>Bracelets et lanyards personnalis\u00e9s pour le contr\u00f4le d&rsquo;acc\u00e8s lors d&rsquo;\u00e9v\u00e9nements sportifs et musicaux, de campings, d&rsquo;h\u00f4tels, de foires commerciales&#8230; Chez TEXGRAF, nous sommes fabricants de bracelets, nous pouvons les imprimer en s\u00e9rigraphie, s\u00e9rigraphie 3D, sublimation, estampage et avec des finitions m\u00e9talliques. Options d&rsquo;impression de rubans personnalis\u00e9s<\/p>\n","protected":false},"author":1,"featured_media":0,"parent":0,"menu_order":0,"comment_status":"closed","ping_status":"closed","template":"","meta":{"_uag_custom_page_level_css":"","site-sidebar-layout":"no-sidebar","site-content-layout":"plain-container","ast-site-content-layout":"normal-width-container","site-content-style":"unboxed","site-sidebar-style":"unboxed","ast-global-header-display":"","ast-banner-title-visibility":"","ast-main-header-display":"","ast-hfb-above-header-display":"","ast-hfb-below-header-display":"","ast-hfb-mobile-header-display":"","site-post-title":"disabled","ast-breadcrumbs-content":"","ast-featured-img":"","footer-sml-layout":"","ast-disable-related-posts":"","theme-transparent-header-meta":"enabled","adv-header-id-meta":"","stick-header-meta":"","header-above-stick-meta":"","header-main-stick-meta":"","header-below-stick-meta":"","astra-migrate-meta-layouts":"set","ast-page-background-enabled":"default","ast-page-background-meta":{"desktop":{"background-color":"var(--ast-global-color-4)","background-image":"","background-repeat":"repeat","background-position":"center center","background-size":"auto","background-attachment":"scroll","background-type":"","background-media":"","overlay-type":"","overlay-color":"","overlay-opacity":"","overlay-gradient":""},"tablet":{"background-color":"","background-image":"","background-repeat":"repeat","background-position":"center center","background-size":"auto","background-attachment":"scroll","background-type":"","background-media":"","overlay-type":"","overlay-color":"","overlay-opacity":"","overlay-gradient":""},"mobile":{"background-color":"","background-image":"","background-repeat":"repeat","background-position":"center center","background-size":"auto","background-attachment":"scroll","background-type":"","background-media":"","overlay-type":"","overlay-color":"","overlay-opacity":"","overlay-gradient":""}},"ast-content-background-meta":{"desktop":{"background-color":"var(--ast-global-color-5)","background-image":"","background-repeat":"repeat","background-position":"center center","background-size":"auto","background-attachment":"scroll","background-type":"","background-media":"","overlay-type":"","overlay-color":"","overlay-opacity":"","overlay-gradient":""},"tablet":{"background-color":"var(--ast-global-color-5)","background-image":"","background-repeat":"repeat","background-position":"center center","background-size":"auto","background-attachment":"scroll","background-type":"","background-media":"","overlay-type":"","overlay-color":"","overlay-opacity":"","overlay-gradient":""},"mobile":{"background-color":"var(--ast-global-color-5)","background-image":"","background-repeat":"repeat","background-position":"center center","background-size":"auto","background-attachment":"scroll","background-type":"","background-media":"","overlay-type":"","overlay-color":"","overlay-opacity":"","overlay-gradient":""}},"footnotes":""},"class_list":["post-3127","page","type-page","status-publish","hentry"],"uagb_featured_image_src":{"full":false,"thumbnail":false,"medium":false,"medium_large":false,"large":false,"1536x1536":false,"2048x2048":false,"woocommerce_thumbnail":false,"woocommerce_single":false,"woocommerce_gallery_thumbnail":false,"variation_swatches_image_size":false,"variation_swatches_tooltip_size":false},"uagb_author_info":{"display_name":"empiezapori","author_link":"https:\/\/www.texgraf.com\/fr\/author\/empiezapori\/"},"uagb_comment_info":0,"uagb_excerpt":"Bracelets et lanyards personnalis\u00e9s pour le contr\u00f4le d&rsquo;acc\u00e8s lors d&rsquo;\u00e9v\u00e9nements sportifs et musicaux, de campings, d&rsquo;h\u00f4tels, de foires commerciales&#8230; Chez TEXGRAF, nous sommes fabricants de bracelets, nous pouvons les imprimer en s\u00e9rigraphie, s\u00e9rigraphie 3D, sublimation, estampage et avec des finitions m\u00e9talliques. Options d&rsquo;impression de rubans personnalis\u00e9s","_links":{"self":[{"href":"https:\/\/www.texgraf.com\/fr\/wp-json\/wp\/v2\/pages\/3127","targetHints":{"allow":["GET"]}}],"collection":[{"href":"https:\/\/www.texgraf.com\/fr\/wp-json\/wp\/v2\/pages"}],"about":[{"href":"https:\/\/www.texgraf.com\/fr\/wp-json\/wp\/v2\/types\/page"}],"author":[{"embeddable":true,"href":"https:\/\/www.texgraf.com\/fr\/wp-json\/wp\/v2\/users\/1"}],"replies":[{"embeddable":true,"href":"https:\/\/www.texgraf.com\/fr\/wp-json\/wp\/v2\/comments?post=3127"}],"version-history":[{"count":10,"href":"https:\/\/www.texgraf.com\/fr\/wp-json\/wp\/v2\/pages\/3127\/revisions"}],"predecessor-version":[{"id":4252,"href":"https:\/\/www.texgraf.com\/fr\/wp-json\/wp\/v2\/pages\/3127\/revisions\/4252"}],"wp:attachment":[{"href":"https:\/\/www.texgraf.com\/fr\/wp-json\/wp\/v2\/media?parent=3127"}],"curies":[{"name":"wp","href":"https:\/\/api.w.org\/{rel}","templated":true}]}}