{"id":3123,"date":"2022-10-24T17:00:18","date_gmt":"2022-10-24T15:00:18","guid":{"rendered":"https:\/\/texgraf.dissenyesplugues.com\/cassettes-beacon\/"},"modified":"2024-02-14T12:06:24","modified_gmt":"2024-02-14T11:06:24","slug":"cassettes-beacon","status":"publish","type":"page","link":"https:\/\/www.texgraf.com\/fr\/cassettes-beacon\/","title":{"rendered":"Cassettes Beacon"},"content":{"rendered":"\n<div class=\"wp-block-uagb-container uagb-block-223913c0 alignfull uagb-is-root-container\"><div class=\"uagb-container__shape uagb-container__shape-bottom uagb-container__invert\" data-negative=\"false\"><svg xmlns=\"https:\/\/www.w3.org\/2000\/svg\" viewBox=\"0 0 2600 131.1\" preserveAspectRatio=\"none\"><path class=\"uagb-container__shape-fill\" d=\"M0 0L2600 0 2600 69.1 0 0z\"><\/path><path class=\"uagb-container__shape-fill\" opacity=\"0.5\" d=\"M0 0L2600 0 2600 69.1 0 69.1z\"><\/path><path class=\"uagb-container__shape-fill\" opacity=\"0.25\" d=\"M2600 0L0 0 0 130.1 2600 69.1z\"><\/path><\/svg><\/div><div class=\"uagb-container-inner-blocks-wrap\">\n<div class=\"wp-block-uagb-container uagb-block-b39ea550\">\n<div class=\"wp-block-uagb-info-box uagb-block-f5b9692e uagb-infobox__content-wrap  uagb-infobox-icon-above-title uagb-infobox-image-valign-top\"><div class=\"uagb-ifb-content\"><div class=\"uagb-ifb-title-wrap\"><h1 class=\"uagb-ifb-title\">Rubans de balisage personnalis\u00e9s<\/h1><\/div><p class=\"uagb-ifb-desc\">Les rubans de marquage sont parfaits pour d\u00e9limiter les zones accessibles au public dans les magasins. Ils peuvent \u00eatre utilis\u00e9s pour interdire le passage dans des zones limit\u00e9es par la capacit\u00e9.<\/p><div class=\"uagb-ifb-button-wrapper wp-block-button\"><a href=\"tel:+34937361436\" class=\"uagb-infobox-cta-link wp-block-button__link\" target=\"_self\" rel=\"noopener noreferrer\" onclick=\"return true;\" alt=\"\"><span class=\"uagb-inline-editing\">Appelez-nous au +34 93 736 14 36<\/span><\/a><\/div><\/div><\/div>\n<\/div>\n\n\n\n<div class=\"wp-block-uagb-container uagb-block-168dbf53\">\n<div class=\"wp-block-contact-form-7-contact-form-selector\">\n<div class=\"wpcf7 no-js\" id=\"wpcf7-f4024-o1\" lang=\"fr-FR\" dir=\"ltr\" data-wpcf7-id=\"4024\">\n<div class=\"screen-reader-response\"><p role=\"status\" aria-live=\"polite\" aria-atomic=\"true\"><\/p> <ul><\/ul><\/div>\n<form action=\"\/fr\/wp-json\/wp\/v2\/pages\/3123#wpcf7-f4024-o1\" method=\"post\" class=\"wpcf7-form init\" aria-label=\"Formulaire de contact\" novalidate=\"novalidate\" data-status=\"init\">\n<fieldset class=\"hidden-fields-container\"><input type=\"hidden\" name=\"_wpcf7\" value=\"4024\" \/><input type=\"hidden\" name=\"_wpcf7_version\" value=\"6.1.5\" \/><input type=\"hidden\" name=\"_wpcf7_locale\" value=\"fr_FR\" \/><input type=\"hidden\" name=\"_wpcf7_unit_tag\" value=\"wpcf7-f4024-o1\" \/><input type=\"hidden\" name=\"_wpcf7_container_post\" value=\"0\" \/><input type=\"hidden\" name=\"_wpcf7_posted_data_hash\" value=\"\" \/><input type=\"hidden\" name=\"_wpcf7_recaptcha_response\" value=\"\" \/>\n<\/fieldset>\n<p><label><span class=\"wpcf7-form-control-wrap\" data-name=\"nombre\"><input size=\"40\" maxlength=\"400\" class=\"wpcf7-form-control wpcf7-text wpcf7-validates-as-required\" aria-required=\"true\" aria-invalid=\"false\" placeholder=\"*Nom\" value=\"\" type=\"text\" name=\"nombre\" \/><\/span> <\/label><br \/>\n<label><span class=\"wpcf7-form-control-wrap\" data-name=\"email\"><input size=\"40\" maxlength=\"400\" class=\"wpcf7-form-control wpcf7-email wpcf7-validates-as-required wpcf7-text wpcf7-validates-as-email\" aria-required=\"true\" aria-invalid=\"false\" placeholder=\"*E-mail\" value=\"\" type=\"email\" name=\"email\" \/><\/span> <\/label><br \/>\n<label><span class=\"wpcf7-form-control-wrap\" data-name=\"telefono\"><input size=\"40\" maxlength=\"13\" minlength=\"9\" class=\"wpcf7-form-control wpcf7-tel wpcf7-validates-as-required wpcf7-text wpcf7-validates-as-tel\" aria-required=\"true\" aria-invalid=\"false\" placeholder=\"*T\u00e9l\u00e9phone\" value=\"\" type=\"tel\" name=\"telefono\" \/><\/span><\/label><br \/>\n<label><span class=\"wpcf7-form-control-wrap\" data-name=\"cp\"><input size=\"40\" maxlength=\"400\" class=\"wpcf7-form-control wpcf7-text\" aria-invalid=\"false\" placeholder=\"Code Postal\" value=\"\" type=\"text\" name=\"cp\" \/><\/span><\/label><br \/>\nJe suis int\u00e9ress\u00e9<br \/>\n<span class=\"wpcf7-form-control-wrap\" data-name=\"interesado\"><select class=\"wpcf7-form-control wpcf7-select wpcf7-validates-as-required\" aria-required=\"true\" aria-invalid=\"false\" name=\"interesado\"><option value=\"Rubans adh\u00e9sifs d&#039;emballage\">Rubans adh\u00e9sifs d&#039;emballage<\/option><option value=\"Rubans adh\u00e9sifs pour badges\">Rubans adh\u00e9sifs pour badges<\/option><option value=\"Rubans adh\u00e9sifs pour bracelets\">Rubans adh\u00e9sifs pour bracelets<\/option><option value=\"Impression en petites quantit\u00e9s\">Impression en petites quantit\u00e9s<\/option><option value=\"Casquettes personnalis\u00e9es\">Casquettes personnalis\u00e9es<\/option><option value=\"Braceletes tyvek personnalisables\">Braceletes tyvek personnalisables<\/option><option value=\"Autres\">Autres<\/option><\/select><\/span><br \/>\n<span class=\"wpcf7-form-control-wrap\" data-name=\"acepto\"><span class=\"wpcf7-form-control wpcf7-acceptance\"><span class=\"wpcf7-list-item\"><label><input type=\"checkbox\" name=\"acepto\" value=\"1\" aria-invalid=\"false\" \/><span class=\"wpcf7-list-item-label\">J'ai lu et j'accepte la <a href=\"https:\/\/www.texgraf.com\/politica-de-privacidad\/\" target=\"blank\">politique de confidentialit\u00e9.<\/a><\/span><\/label><\/span><\/span><\/span><br \/>\n<input class=\"wpcf7-form-control wpcf7-submit has-spinner\" type=\"submit\" value=\"Envoyer\" \/>\n<\/p><div class=\"wpcf7-response-output\" aria-hidden=\"true\"><\/div>\n<\/form>\n<\/div>\n<\/div>\n<\/div>\n<\/div><\/div>\n\n<div class=\"wp-block-uagb-container uagb-block-692b6869 alignfull uagb-is-root-container\"><div class=\"uagb-container-inner-blocks-wrap\">\n<div class=\"wp-block-uagb-advanced-heading uagb-block-627b3d11\"><h3 class=\"uagb-heading-text\">Nous personnalisons les rubans Beacon<\/h3><div class=\"uagb-separator\"><\/div><\/div>\n\n\n\n<p class=\"has-text-align-center\">Le ruban de balisage est le moyen le plus rapide et le plus \u00e9conomique de d\u00e9limiter la zone, d&rsquo;assurer la s\u00e9curit\u00e9 et de fournir un support publicitaire, car il est possible de personnaliser le ruban avec le logo du client et d&rsquo;imprimer le lettrage en plusieurs couleurs ou en une seule couleur. Marquage ou signalisation de la bande. Temps ou recto-verso selon les besoins du client.<\/p>\n\n\n\n<p class=\"has-text-align-center\">Une fois que vous avez s\u00e9lectionn\u00e9 votre badge pr\u00e9f\u00e9r\u00e9, ajoutez votre style personnalis\u00e9 dans notre studio de cr\u00e9ation. Vous pouvez ajouter votre nom, votre titre, votre logo et le nom de votre entreprise \u00e0 la lani\u00e8re imprim\u00e9e. Nous donnerons ensuite vie \u00e0 votre projet. Votre ruban personnalis\u00e9 est pr\u00eat \u00e0 l&#8217;emploi.<\/p>\n<\/div><\/div>\n\n<div class=\"wp-block-uagb-container uagb-block-52d35ae1 alignfull uagb-is-root-container\"><div class=\"uagb-container__shape uagb-container__shape-top\"><svg xmlns=\"https:\/\/www.w3.org\/2000\/svg\" viewBox=\"0 0 1000 100\" preserveAspectRatio=\"none\"><path class=\"uagb-container__shape-fill\" d=\"M421.9,6.5c22.6-2.5,51.5,0.4,75.5,5.3c23.6,4.9,70.9,23.5,100.5,35.7c75.8,32.2,133.7,44.5,192.6,49.7  c23.6,2.1,48.7,3.5,103.4-2.5c54.7-6,106.2-25.6,106.2-25.6V0H0v30.3c0,0,72,32.6,158.4,30.5c39.2-0.7,92.8-6.7,134-22.4  c21.2-8.1,52.2-18.2,79.7-24.2C399.3,7.9,411.6,7.5,421.9,6.5z\"><\/path><\/svg><\/div><div class=\"uagb-container-inner-blocks-wrap\">\n<div class=\"wp-block-uagb-container uagb-block-9f45aec2\">\n<div class=\"wp-block-uagb-image uagb-block-942d1612 wp-block-uagb-image--layout-default wp-block-uagb-image--effect-static wp-block-uagb-image--align-none\"><figure class=\"wp-block-uagb-image__figure\"><img decoding=\"async\" srcset=\"https:\/\/www.texgraf.com\/wp-content\/uploads\/2022\/10\/texgraf-cintas-de-balizamiento-y-senalizacion-2-1024x747.jpg \" sizes=\"auto, (max-width: 480px) 150px\" src=\"https:\/\/www.texgraf.com\/wp-content\/uploads\/2022\/10\/texgraf-cintas-de-balizamiento-y-senalizacion-2-1024x747.jpg\" alt=\"\" class=\"uag-image-1608\" width=\"1024\" height=\"747\" title=\"\" loading=\"lazy\"\/><\/figure><\/div>\n<\/div>\n\n\n\n<div class=\"wp-block-uagb-container uagb-block-ca3d629c\">\n<div class=\"wp-block-uagb-advanced-heading uagb-block-0d8ee5cc\"><h3 class=\"uagb-heading-text\">Signalisation \u00e0 l&rsquo;aide de bandes<\/h3><div class=\"uagb-separator\"><\/div><\/div>\n\n\n\n<p>Les rubans utilis\u00e9s pour marquer les espaces confin\u00e9s aident \u00e0 maintenir une distance de s\u00e9curit\u00e9, indiquent clairement les zones qui peuvent \u00eatre utilis\u00e9es et, enfin, permettent de planifier correctement la protection des travailleurs et des clients. En m\u00eame temps, une signalisation bien con\u00e7ue donnera un sentiment de s\u00e9curit\u00e9 aux travailleurs et aux clients.<\/p>\n\n\n\n<div class=\"wp-block-uagb-info-box uagb-block-6abe1e7f uagb-infobox__content-wrap  uagb-infobox-icon-left-title uagb-infobox-left uagb-infobox-image-valign-top\"><div class=\"uagb-ifb-content\"><div class=\"uagb-ifb-left-title-image\"><div class=\"uagb-ifb-icon-wrap\"><svg xmlns=\"https:\/\/www.w3.org\/2000\/svg\" viewbox=\"0 0 448 512\"><path d=\"M246.6 233.4l-160-160c-12.5-12.5-32.75-12.5-45.25 0s-12.5 32.75 0 45.25L178.8 256l-137.4 137.4c-12.5 12.5-12.5 32.75 0 45.25C47.63 444.9 55.81 448 64 448s16.38-3.125 22.62-9.375l160-160C259.1 266.1 259.1 245.9 246.6 233.4zM438.6 233.4l-160-160c-12.5-12.5-32.75-12.5-45.25 0s-12.5 32.75 0 45.25L370.8 256l-137.4 137.4c-12.5 12.5-12.5 32.75 0 45.25C239.6 444.9 247.8 448 256 448s16.38-3.125 22.62-9.375l160-160C451.1 266.1 451.1 245.9 438.6 233.4z\"><\/path><\/svg><\/div><div class=\"uagb-ifb-title-wrap\"><h3 class=\"uagb-ifb-title\">Nous fabriquons des rubans personnalis\u00e9s \u00e0 l&rsquo;image de votre entreprise. Nous les servons en rouleaux de 100 m\u00e8tres. Ils sont r\u00e9utilisables et peuvent \u00eatre coup\u00e9s \u00e0 la taille souhait\u00e9e.<\/h3><\/div><\/div><\/div><\/div>\n<\/div>\n<\/div><\/div>\n\n<div class=\"wp-block-uagb-container uagb-block-3528d091 alignfull uagb-is-root-container\"><div class=\"uagb-container-inner-blocks-wrap\">\n<div class=\"wp-block-uagb-container uagb-block-c3810dc3\">\n<div class=\"wp-block-uagb-advanced-heading uagb-block-22d35539\"><h3 class=\"uagb-heading-text\">Rubans marqueurs personnalis\u00e9s<\/h3><div class=\"uagb-separator\"><\/div><\/div>\n\n\n\n<div class=\"wp-block-uagb-advanced-heading uagb-block-1a654437\"><h5 class=\"uagb-heading-text\">Couloirs, zones de circulation et postes de travail<\/h5><\/div>\n\n\n\n<div class=\"wp-block-uagb-advanced-heading uagb-block-04c9fba9\"><p class=\"uagb-heading-text\">Con el fin de minimizar el contacto entre los trabajadores y los clientes potenciales o el p\u00fablico que pueda ingresar a sus lugares de trabajo, el Ministerio de Salud insta a las empresas a garantizar que la distancia de seguridad entre los trabajadores sea de al menos 1,5 metros.<\/p><\/div>\n<\/div>\n\n\n\n<div class=\"wp-block-uagb-container uagb-block-c40b1955\">\n<div class=\"wp-block-uagb-advanced-heading uagb-block-0fff809d\"><h5 class=\"uagb-heading-text\">S\u00e9parations et limitations de capacit\u00e9<\/h5><\/div>\n\n\n\n<p class=\"has-ast-global-color-1-color has-text-color\">Assurer la s\u00e9paration, la limitation de la capacit\u00e9 et la distance de s\u00e9curit\u00e9. Nous pouvons utiliser des rubans de couleur pour indiquer les zones \u00e0 d\u00e9gager, les passages, l&rsquo;obligation de garder une distance de s\u00e9curit\u00e9, ou si nous d\u00e9limitons des all\u00e9es pour s\u00e9parer le sens de la marche, nous pouvons tracer des fl\u00e8ches sur le sol.<\/p>\n<\/div>\n<\/div><\/div>\n","protected":false},"excerpt":{"rendered":"<p>Nous personnalisons les rubans Beacon Le ruban de balisage est le moyen le plus rapide et le plus \u00e9conomique de d\u00e9limiter la zone, d&rsquo;assurer la s\u00e9curit\u00e9 et de fournir un support publicitaire, car il est possible de personnaliser le ruban avec le logo du client et d&rsquo;imprimer le lettrage en plusieurs couleurs ou en une [&hellip;]<\/p>\n","protected":false},"author":1,"featured_media":0,"parent":0,"menu_order":0,"comment_status":"closed","ping_status":"closed","template":"","meta":{"_uag_custom_page_level_css":"","site-sidebar-layout":"default","site-content-layout":"plain-container","ast-site-content-layout":"normal-width-container","site-content-style":"unboxed","site-sidebar-style":"unboxed","ast-global-header-display":"","ast-banner-title-visibility":"","ast-main-header-display":"","ast-hfb-above-header-display":"","ast-hfb-below-header-display":"","ast-hfb-mobile-header-display":"","site-post-title":"disabled","ast-breadcrumbs-content":"","ast-featured-img":"","footer-sml-layout":"","ast-disable-related-posts":"","theme-transparent-header-meta":"enabled","adv-header-id-meta":"","stick-header-meta":"","header-above-stick-meta":"","header-main-stick-meta":"","header-below-stick-meta":"","astra-migrate-meta-layouts":"default","ast-page-background-enabled":"default","ast-page-background-meta":{"desktop":{"background-color":"var(--ast-global-color-4)","background-image":"","background-repeat":"repeat","background-position":"center center","background-size":"auto","background-attachment":"scroll","background-type":"","background-media":"","overlay-type":"","overlay-color":"","overlay-opacity":"","overlay-gradient":""},"tablet":{"background-color":"","background-image":"","background-repeat":"repeat","background-position":"center center","background-size":"auto","background-attachment":"scroll","background-type":"","background-media":"","overlay-type":"","overlay-color":"","overlay-opacity":"","overlay-gradient":""},"mobile":{"background-color":"","background-image":"","background-repeat":"repeat","background-position":"center center","background-size":"auto","background-attachment":"scroll","background-type":"","background-media":"","overlay-type":"","overlay-color":"","overlay-opacity":"","overlay-gradient":""}},"ast-content-background-meta":{"desktop":{"background-color":"var(--ast-global-color-5)","background-image":"","background-repeat":"repeat","background-position":"center center","background-size":"auto","background-attachment":"scroll","background-type":"","background-media":"","overlay-type":"","overlay-color":"","overlay-opacity":"","overlay-gradient":""},"tablet":{"background-color":"var(--ast-global-color-5)","background-image":"","background-repeat":"repeat","background-position":"center center","background-size":"auto","background-attachment":"scroll","background-type":"","background-media":"","overlay-type":"","overlay-color":"","overlay-opacity":"","overlay-gradient":""},"mobile":{"background-color":"var(--ast-global-color-5)","background-image":"","background-repeat":"repeat","background-position":"center center","background-size":"auto","background-attachment":"scroll","background-type":"","background-media":"","overlay-type":"","overlay-color":"","overlay-opacity":"","overlay-gradient":""}},"footnotes":""},"class_list":["post-3123","page","type-page","status-publish","hentry"],"uagb_featured_image_src":{"full":false,"thumbnail":false,"medium":false,"medium_large":false,"large":false,"1536x1536":false,"2048x2048":false,"woocommerce_thumbnail":false,"woocommerce_single":false,"woocommerce_gallery_thumbnail":false,"variation_swatches_image_size":false,"variation_swatches_tooltip_size":false},"uagb_author_info":{"display_name":"empiezapori","author_link":"https:\/\/www.texgraf.com\/fr\/author\/empiezapori\/"},"uagb_comment_info":0,"uagb_excerpt":"Nous personnalisons les rubans Beacon Le ruban de balisage est le moyen le plus rapide et le plus \u00e9conomique de d\u00e9limiter la zone, d&rsquo;assurer la s\u00e9curit\u00e9 et de fournir un support publicitaire, car il est possible de personnaliser le ruban avec le logo du client et d&rsquo;imprimer le lettrage en plusieurs couleurs ou en une\u2026","_links":{"self":[{"href":"https:\/\/www.texgraf.com\/fr\/wp-json\/wp\/v2\/pages\/3123","targetHints":{"allow":["GET"]}}],"collection":[{"href":"https:\/\/www.texgraf.com\/fr\/wp-json\/wp\/v2\/pages"}],"about":[{"href":"https:\/\/www.texgraf.com\/fr\/wp-json\/wp\/v2\/types\/page"}],"author":[{"embeddable":true,"href":"https:\/\/www.texgraf.com\/fr\/wp-json\/wp\/v2\/users\/1"}],"replies":[{"embeddable":true,"href":"https:\/\/www.texgraf.com\/fr\/wp-json\/wp\/v2\/comments?post=3123"}],"version-history":[{"count":3,"href":"https:\/\/www.texgraf.com\/fr\/wp-json\/wp\/v2\/pages\/3123\/revisions"}],"predecessor-version":[{"id":3898,"href":"https:\/\/www.texgraf.com\/fr\/wp-json\/wp\/v2\/pages\/3123\/revisions\/3898"}],"wp:attachment":[{"href":"https:\/\/www.texgraf.com\/fr\/wp-json\/wp\/v2\/media?parent=3123"}],"curies":[{"name":"wp","href":"https:\/\/api.w.org\/{rel}","templated":true}]}}