{"id":4183,"date":"2022-10-19T10:20:23","date_gmt":"2022-10-19T08:20:23","guid":{"rendered":"https:\/\/www.texgraf.com\/online-store-for-decorative-tapes\/"},"modified":"2026-01-13T10:53:46","modified_gmt":"2026-01-13T09:53:46","slug":"online-store-for-decorative-tapes","status":"publish","type":"page","link":"https:\/\/www.texgraf.com\/en\/online-store-for-decorative-tapes\/","title":{"rendered":"Online Store for Decorative Tapes"},"content":{"rendered":"\n<div class=\"wp-block-uagb-container uagb-block-62c32f2f alignfull uagb-is-root-container\"><div class=\"uagb-container__shape uagb-container__shape-bottom uagb-container__invert\" data-negative=\"false\"><\/div><div class=\"uagb-container-inner-blocks-wrap\">\n<div class=\"wp-block-uagb-container uagb-block-c59c3e0a\">\n<div class=\"wp-block-uagb-info-box uagb-block-fae2e4bd uagb-infobox__content-wrap  uagb-infobox-icon-above-title uagb-infobox-image-valign-top\"><div class=\"uagb-ifb-content\"><div class=\"uagb-ifb-title-wrap\"><h1 class=\"uagb-ifb-title\">Online Store for Decorative Tapes<\/h1><\/div><p class=\"uagb-ifb-desc\">At TEXGRAF, we manufacture decorative cotton ribbons, satin ribbons, grosgrain ribbons, and custom decorative ribbons for events, accreditation, packaging, fashion, and more. In our online store for decorative ribbons, you can buy our ribbons directly; simply choose the type of ribbon, color, width, and the number of reels or meters you need.<\/p><\/div><\/div>\n\n\n\n<div class=\"wp-block-uagb-buttons uagb-buttons__outer-wrap uagb-btn__default-btn uagb-btn-tablet__default-btn uagb-btn-mobile__default-btn uagb-block-171cc775\"><div class=\"uagb-buttons__wrap uagb-buttons-layout-wrap\">\n<div class=\"wp-block-uagb-buttons-child uagb-buttons__outer-wrap uagb-block-51fb9d31 wp-block-button\"><div class=\"uagb-button__wrapper\"><a class=\"uagb-buttons-repeater wp-block-button__link\" href=\"#25\" rel=\"follow noopener\" target=\"_self\"><div class=\"uagb-button__link\">Rolls of 25 meters<\/div><span class=\"uagb-button__icon uagb-button__icon-position-after\"><\/span><\/a><\/div><\/div>\n\n\n\n<div class=\"wp-block-uagb-buttons-child uagb-buttons__outer-wrap uagb-block-f23bff46 wp-block-button\"><div class=\"uagb-button__wrapper\"><a class=\"uagb-buttons-repeater wp-block-button__link\" href=\"#100\" rel=\"follow noopener\" target=\"_self\"><div class=\"uagb-button__link\">Rolls of 100 meters<\/div><span class=\"uagb-button__icon uagb-button__icon-position-after\"><\/span><\/a><\/div><\/div>\n<\/div><\/div>\n<\/div>\n<\/div><\/div>\n<style>.kb-row-layout-id1377_c1b658-c5 > .kt-row-column-wrap{align-content:start;}:where(.kb-row-layout-id1377_c1b658-c5 > .kt-row-column-wrap) > .wp-block-kadence-column{justify-content:start;}.kb-row-layout-id1377_c1b658-c5 > .kt-row-column-wrap{column-gap:var(--global-kb-gap-md, 2rem);row-gap:var(--global-kb-gap-md, 2rem);padding-top:24px;padding-bottom:24px;grid-template-columns:repeat(2, minmax(0, 1fr));}.kb-row-layout-id1377_c1b658-c5 > .kt-row-layout-overlay{opacity:0.30;}@media all and (max-width: 1024px){.kb-row-layout-id1377_c1b658-c5 > .kt-row-column-wrap{grid-template-columns:repeat(2, minmax(0, 1fr));}}@media all and (max-width: 767px){.kb-row-layout-wrap.wp-block-kadence-rowlayout.kb-row-layout-id1377_c1b658-c5{margin-bottom:0px;}.kb-row-layout-id1377_c1b658-c5 > .kt-row-column-wrap{padding-right:10px;padding-bottom:0px;padding-left:10px;grid-template-columns:minmax(0, 1fr);}}<\/style><div class=\"kb-row-layout-wrap kb-row-layout-id1377_c1b658-c5 alignnone has-ast-global-color-5-background-color kt-row-has-bg wp-block-kadence-rowlayout\"><div class=\"kt-row-column-wrap kt-has-2-columns kt-row-layout-equal kt-tab-layout-inherit kt-mobile-layout-row kt-row-valign-top\">\n<style>.kadence-column1377_7ac857-9b > .kt-inside-inner-col,.kadence-column1377_7ac857-9b > .kt-inside-inner-col:before{border-top-left-radius:0px;border-top-right-radius:0px;border-bottom-right-radius:0px;border-bottom-left-radius:0px;}.kadence-column1377_7ac857-9b > .kt-inside-inner-col{column-gap:var(--global-kb-gap-sm, 1rem);}.kadence-column1377_7ac857-9b > .kt-inside-inner-col{flex-direction:column;}.kadence-column1377_7ac857-9b > .kt-inside-inner-col > .aligncenter{width:100%;}.kadence-column1377_7ac857-9b > .kt-inside-inner-col:before{opacity:0.3;}.kadence-column1377_7ac857-9b{position:relative;}@media all and (max-width: 1024px){.kadence-column1377_7ac857-9b > .kt-inside-inner-col{flex-direction:column;justify-content:center;}}@media all and (max-width: 767px){.kadence-column1377_7ac857-9b > .kt-inside-inner-col{flex-direction:column;justify-content:center;}}<\/style>\n<div class=\"wp-block-kadence-column kadence-column1377_7ac857-9b\"><div class=\"kt-inside-inner-col\">\n<div class=\"wp-block-uagb-advanced-heading uagb-block-ea524408\"><p class=\"uagb-heading-text\"><strong>Welcome to our online store for decorative tapes! <\/strong>Aqu\u00ed encontrar\u00e1s una amplia variedad de cintas de algod\u00f3n, raso y grosgrain para dar un toque especial a tus proyectos.<br \/><br \/>Our ribbons are high quality and come in a wide variety of colors and designs so you can choose the perfect option for your project. Whether you&#8217;re crafting, decorating your home, or preparing a themed party, our ribbons are the perfect complement to any occasion. <br \/><br \/>Furthermore, our ribbons are incredibly versatile. You can use them to decorate your furniture, create hair accessories, make gift bows, or even personalize your clothing. The possibilities are endless.<br \/>In our online store, you&#8217;ll find cotton, satin, and grosgrain ribbons in various widths and lengths, so you can find the perfect size for your projects. We also offer competitive prices and fast shipping so you can receive your ribbons quickly and get started on your decorating projects.   <br \/><\/p><\/div>\n<\/div><\/div>\n\n\n<style>.kadence-column1377_56769f-f2 > .kt-inside-inner-col{padding-top:0px;}.kadence-column1377_56769f-f2 > .kt-inside-inner-col,.kadence-column1377_56769f-f2 > .kt-inside-inner-col:before{border-top-left-radius:0px;border-top-right-radius:0px;border-bottom-right-radius:0px;border-bottom-left-radius:0px;}.kadence-column1377_56769f-f2 > .kt-inside-inner-col{column-gap:var(--global-kb-gap-sm, 1rem);}.kadence-column1377_56769f-f2 > .kt-inside-inner-col{flex-direction:column;}.kadence-column1377_56769f-f2 > .kt-inside-inner-col > .aligncenter{width:100%;}.kadence-column1377_56769f-f2 > .kt-inside-inner-col:before{opacity:0.3;}.kadence-column1377_56769f-f2{position:relative;}.kadence-column1377_56769f-f2, .kt-inside-inner-col > .kadence-column1377_56769f-f2:not(.specificity){margin-top:0px;}@media all and (max-width: 1024px){.kadence-column1377_56769f-f2 > .kt-inside-inner-col{flex-direction:column;justify-content:center;}}@media all and (max-width: 767px){.kadence-column1377_56769f-f2 > .kt-inside-inner-col{flex-direction:column;justify-content:center;}}<\/style>\n<div class=\"wp-block-kadence-column kadence-column1377_56769f-f2\"><div class=\"kt-inside-inner-col\">\n<div class=\"wp-block-uagb-image aligncenter uagb-block-1a36d04f wp-block-uagb-image--layout-default wp-block-uagb-image--effect-static wp-block-uagb-image--align-center\"><figure class=\"wp-block-uagb-image__figure\"><img decoding=\"async\" src=\"https:\/\/www.texgraf.com\/wp-content\/uploads\/2022\/10\/texgraf-cinta-personalizada-demo-texto-ejemplo4-1.jpg\" alt=\"\" class=\"uag-image-1584\" width=\"412\" height=\"412\" title=\"\" loading=\"lazy\"><\/figure><\/div>\n\n\n\n<div class=\"wp-block-uagb-advanced-heading uagb-block-71e1c8b4\"><h4 class=\"uagb-heading-text\"><mark class=\"has-inline-color has-ast-global-color-8-color\">Don&#8217;t wait any longer to add a special touch to your decorating projects!<\/mark> <\/h4><p class=\"uagb-desc-text\">Explore our selection of decorative ribbons in cotton, satin, and grosgrain and find the perfect option for you.<\/p><\/div>\n<\/div><\/div>\n\n<\/div><\/div>\n<div class=\"wp-block-uagb-container uagb-block-441452eb alignfull uagb-is-root-container\"><div class=\"uagb-container-inner-blocks-wrap\">\n<div class=\"wp-block-uagb-advanced-heading uagb-block-c7af184c\"><h3 class=\"uagb-heading-text\">Decorative ribbons made of cotton, satin and grosgrain, available in rolls or packs of <mark class=\"has-inline-color has-ast-global-color-8-color\">25 <\/mark>or <mark class=\"has-inline-color has-ast-global-color-8-color\">100 <\/mark>meters.<\/h3><div class=\"uagb-separator\"><\/div><\/div>\n<\/div><\/div>\n\n<div id=\"100\" class=\"wp-block-uagb-container uagb-block-83051dfc alignfull uagb-is-root-container\"><div class=\"uagb-container-inner-blocks-wrap\">\n<div class=\"wp-block-uagb-container uagb-block-399ef876\">\n<div class=\"wp-block-uagb-info-box uagb-block-179d91d0 uagb-infobox__content-wrap  uagb-infobox-icon-above-title uagb-infobox-image-valign-top\"><div class=\"uagb-ifb-content\"><div class=\"uagb-ifb-image-content\"><img decoding=\"async\" src=\"https:\/\/www.texgraf.com\/wp-content\/uploads\/2022\/10\/azul-medio-93-300x230.jpg\" alt=\"\" width=\"\" height=\"0\" loading=\"lazy\" \/><\/div><div class=\"uagb-ifb-separator\"><\/div><div class=\"uagb-ifb-title-wrap\"><span class=\"uagb-ifb-title-prefix\">Starting from <strong>\u20ac23.60<\/strong><br \/>VAT and shipping included<\/span><h3 class=\"uagb-ifb-title\">Cotton Ribbons<\/h3><\/div><p class=\"uagb-ifb-desc\">Decorative tapes in rolls of<br \/><strong>100 meters<\/strong><\/p><div class=\"uagb-ifb-button-wrapper wp-block-button\"><a href=\"\/producto\/cinta-decorativa-de-algodon-rollo-100-metros\/\" class=\"uagb-infobox-cta-link wp-block-button__link\" target=\"_self\" rel=\"noopener noreferrer\"><span class=\"uagb-inline-editing\">See Options<\/span><\/a><\/div><\/div><\/div>\n<\/div>\n\n\n\n<div class=\"wp-block-uagb-container uagb-block-45429bcd\">\n<div class=\"wp-block-uagb-info-box uagb-block-c7ff32f3 uagb-infobox__content-wrap  uagb-infobox-icon-above-title uagb-infobox-image-valign-top\"><div class=\"uagb-ifb-content\"><div class=\"uagb-ifb-image-content\"><img decoding=\"async\" src=\"https:\/\/www.texgraf.com\/wp-content\/uploads\/2022\/10\/fucsia-82-300x230.jpg\" alt=\"\" width=\"\" height=\"0\" loading=\"lazy\" \/><\/div><div class=\"uagb-ifb-separator\"><\/div><div class=\"uagb-ifb-title-wrap\"><span class=\"uagb-ifb-title-prefix\">Starting from <strong>\u20ac23.60<\/strong><br \/>VAT and shipping included<\/span><h3 class=\"uagb-ifb-title\">Satin Ribbons<\/h3><\/div><p class=\"uagb-ifb-desc\">Decorative tapes in rolls of<br \/><strong>100 meters<\/strong><\/p><div class=\"uagb-ifb-button-wrapper wp-block-button\"><a href=\"\/producto\/cinta-de-raso-rollo-100-metros\/\" class=\"uagb-infobox-cta-link wp-block-button__link\" target=\"_self\" rel=\"noopener noreferrer\"><span class=\"uagb-inline-editing\">See Options<\/span><\/a><\/div><\/div><\/div>\n<\/div>\n\n\n\n<div class=\"wp-block-uagb-container uagb-block-b29e00ba\">\n<div class=\"wp-block-uagb-info-box uagb-block-89f66ec5 uagb-infobox__content-wrap  uagb-infobox-icon-above-title uagb-infobox-image-valign-top\"><div class=\"uagb-ifb-content\"><div class=\"uagb-ifb-image-content\"><img decoding=\"async\" src=\"https:\/\/www.texgraf.com\/wp-content\/uploads\/2022\/10\/amarillo-32-300x230.jpg\" alt=\"\" width=\"\" height=\"0\" loading=\"lazy\" \/><\/div><div class=\"uagb-ifb-separator\"><\/div><div class=\"uagb-ifb-title-wrap\"><span class=\"uagb-ifb-title-prefix\">A partir de <strong>25,80<\/strong>\u20ac<br \/>IVA y env\u00edo incluidos<\/span><h3 class=\"uagb-ifb-title\">Grosgrain ribbons<\/h3><\/div><p class=\"uagb-ifb-desc\">Decorative tapes in rolls of<br \/><strong>100 meters<\/strong><\/p><div class=\"uagb-ifb-button-wrapper wp-block-button\"><a href=\"\/producto\/cinta-grosgrain-rollo-100-metros\/\" class=\"uagb-infobox-cta-link wp-block-button__link\" target=\"_self\" rel=\"noopener noreferrer\"><span class=\"uagb-inline-editing\">See Options<\/span><\/a><\/div><\/div><\/div>\n<\/div>\n<\/div><\/div>\n\n<div id=\"25\" class=\"wp-block-uagb-container uagb-block-8d921052 alignfull uagb-is-root-container\"><div class=\"uagb-container-inner-blocks-wrap\">\n<div class=\"wp-block-uagb-container uagb-block-92cf64b0\">\n<div class=\"wp-block-uagb-info-box uagb-block-1e71760a uagb-infobox__content-wrap  uagb-infobox-icon-above-title uagb-infobox-image-valign-top\"><div class=\"uagb-ifb-content\"><div class=\"uagb-ifb-image-content\"><img decoding=\"async\" src=\"https:\/\/www.texgraf.com\/wp-content\/uploads\/2022\/10\/azul-medio-93-300x230.jpg\" alt=\"\" width=\"\" height=\"0\" loading=\"lazy\" \/><\/div><div class=\"uagb-ifb-separator\"><\/div><div class=\"uagb-ifb-title-wrap\"><span class=\"uagb-ifb-title-prefix\">Starting from <strong>\u20ac4.60<\/strong><br \/>VAT and shipping included<\/span><h3 class=\"uagb-ifb-title\">Cotton Ribbons<\/h3><\/div><p class=\"uagb-ifb-desc\">Decorative tapes in rolls of<br \/><strong>25 meters<\/strong><\/p><div class=\"uagb-ifb-button-wrapper wp-block-button\"><a href=\"\/producto\/cinta-de-raso-rollo-25-metros\/\" class=\"uagb-infobox-cta-link wp-block-button__link\" target=\"_self\" rel=\"noopener noreferrer\"><span class=\"uagb-inline-editing\">See Options<\/span><\/a><\/div><\/div><\/div>\n<\/div>\n\n\n\n<div class=\"wp-block-uagb-container uagb-block-d9de3125\">\n<div class=\"wp-block-uagb-info-box uagb-block-4522064e uagb-infobox__content-wrap  uagb-infobox-icon-above-title uagb-infobox-image-valign-top\"><div class=\"uagb-ifb-content\"><div class=\"uagb-ifb-image-content\"><img decoding=\"async\" src=\"https:\/\/www.texgraf.com\/wp-content\/uploads\/2022\/10\/fucsia-82-300x230.jpg\" alt=\"\" width=\"\" height=\"0\" loading=\"lazy\" \/><\/div><div class=\"uagb-ifb-separator\"><\/div><div class=\"uagb-ifb-title-wrap\"><span class=\"uagb-ifb-title-prefix\">Starting from <strong>\u20ac4.60<\/strong><br \/>VAT and shipping included<\/span><h3 class=\"uagb-ifb-title\">Satin Ribbons<\/h3><\/div><p class=\"uagb-ifb-desc\">Decorative tapes in rolls of<br \/><strong>25 meters<\/strong><\/p><div class=\"uagb-ifb-button-wrapper wp-block-button\"><a href=\"\/producto\/cinta-de-raso-rollo-25-metros\/\" class=\"uagb-infobox-cta-link wp-block-button__link\" target=\"_self\" rel=\"noopener noreferrer\"><span class=\"uagb-inline-editing\">See Options<\/span><\/a><\/div><\/div><\/div>\n<\/div>\n\n\n\n<div class=\"wp-block-uagb-container uagb-block-2d8ebce2\">\n<div class=\"wp-block-uagb-info-box uagb-block-b6a1b17a uagb-infobox__content-wrap  uagb-infobox-icon-above-title uagb-infobox-image-valign-top\"><div class=\"uagb-ifb-content\"><div class=\"uagb-ifb-image-content\"><img decoding=\"async\" src=\"https:\/\/www.texgraf.com\/wp-content\/uploads\/2022\/10\/amarillo-32-300x230.jpg\" alt=\"\" width=\"\" height=\"0\" loading=\"lazy\" \/><\/div><div class=\"uagb-ifb-separator\"><\/div><div class=\"uagb-ifb-title-wrap\"><span class=\"uagb-ifb-title-prefix\">Starting from \u20ac5.18<br \/>VAT and shipping included<\/span><h3 class=\"uagb-ifb-title\">Grosgrain ribbons<\/h3><\/div><p class=\"uagb-ifb-desc\">Decorative tapes in rolls of<br \/><strong>25 meters<\/strong><\/p><div class=\"uagb-ifb-button-wrapper wp-block-button\"><a href=\"\/producto\/cinta-grosgrain-rollo-25-metros\/\" class=\"uagb-infobox-cta-link wp-block-button__link\" target=\"_self\" rel=\"noopener noreferrer\"><span class=\"uagb-inline-editing\">See Options<\/span><\/a><\/div><\/div><\/div>\n<\/div>\n<\/div><\/div>\n","protected":false},"excerpt":{"rendered":"<p>Welcome to our online store for decorative tapes! Aqu\u00ed encontrar\u00e1s una amplia variedad de cintas de algod\u00f3n, raso y grosgrain para dar un toque especial a tus proyectos. Our ribbons are high quality and come in a wide variety of colors and designs so you can choose the perfect option for your project. Whether you&#8217;re [&hellip;]<\/p>\n","protected":false},"author":1,"featured_media":0,"parent":0,"menu_order":0,"comment_status":"closed","ping_status":"closed","template":"","meta":{"_uag_custom_page_level_css":"","site-sidebar-layout":"default","site-content-layout":"plain-container","ast-site-content-layout":"normal-width-container","site-content-style":"unboxed","site-sidebar-style":"unboxed","ast-global-header-display":"","ast-banner-title-visibility":"","ast-main-header-display":"","ast-hfb-above-header-display":"","ast-hfb-below-header-display":"","ast-hfb-mobile-header-display":"","site-post-title":"disabled","ast-breadcrumbs-content":"","ast-featured-img":"","footer-sml-layout":"","ast-disable-related-posts":"","theme-transparent-header-meta":"enabled","adv-header-id-meta":"","stick-header-meta":"","header-above-stick-meta":"","header-main-stick-meta":"","header-below-stick-meta":"","astra-migrate-meta-layouts":"default","ast-page-background-enabled":"default","ast-page-background-meta":{"desktop":{"background-color":"var(--ast-global-color-4)","background-image":"","background-repeat":"repeat","background-position":"center center","background-size":"auto","background-attachment":"scroll","background-type":"","background-media":"","overlay-type":"","overlay-color":"","overlay-opacity":"","overlay-gradient":""},"tablet":{"background-color":"","background-image":"","background-repeat":"repeat","background-position":"center center","background-size":"auto","background-attachment":"scroll","background-type":"","background-media":"","overlay-type":"","overlay-color":"","overlay-opacity":"","overlay-gradient":""},"mobile":{"background-color":"","background-image":"","background-repeat":"repeat","background-position":"center center","background-size":"auto","background-attachment":"scroll","background-type":"","background-media":"","overlay-type":"","overlay-color":"","overlay-opacity":"","overlay-gradient":""}},"ast-content-background-meta":{"desktop":{"background-color":"var(--ast-global-color-5)","background-image":"","background-repeat":"repeat","background-position":"center center","background-size":"auto","background-attachment":"scroll","background-type":"","background-media":"","overlay-type":"","overlay-color":"","overlay-opacity":"","overlay-gradient":""},"tablet":{"background-color":"var(--ast-global-color-5)","background-image":"","background-repeat":"repeat","background-position":"center center","background-size":"auto","background-attachment":"scroll","background-type":"","background-media":"","overlay-type":"","overlay-color":"","overlay-opacity":"","overlay-gradient":""},"mobile":{"background-color":"var(--ast-global-color-5)","background-image":"","background-repeat":"repeat","background-position":"center center","background-size":"auto","background-attachment":"scroll","background-type":"","background-media":"","overlay-type":"","overlay-color":"","overlay-opacity":"","overlay-gradient":""}},"footnotes":""},"class_list":["post-4183","page","type-page","status-publish","hentry"],"uagb_featured_image_src":{"full":false,"thumbnail":false,"medium":false,"medium_large":false,"large":false,"1536x1536":false,"2048x2048":false,"woocommerce_thumbnail":false,"woocommerce_single":false,"woocommerce_gallery_thumbnail":false,"variation_swatches_image_size":false,"variation_swatches_tooltip_size":false},"uagb_author_info":{"display_name":"empiezapori","author_link":"https:\/\/www.texgraf.com\/en\/author\/empiezapori\/"},"uagb_comment_info":0,"uagb_excerpt":"Welcome to our online store for decorative tapes! Aqu\u00ed encontrar\u00e1s una amplia variedad de cintas de algod\u00f3n, raso y grosgrain para dar un toque especial a tus proyectos. Our ribbons are high quality and come in a wide variety of colors and designs so you can choose the perfect option for your project. Whether you&#8217;re&hellip;","_links":{"self":[{"href":"https:\/\/www.texgraf.com\/en\/wp-json\/wp\/v2\/pages\/4183","targetHints":{"allow":["GET"]}}],"collection":[{"href":"https:\/\/www.texgraf.com\/en\/wp-json\/wp\/v2\/pages"}],"about":[{"href":"https:\/\/www.texgraf.com\/en\/wp-json\/wp\/v2\/types\/page"}],"author":[{"embeddable":true,"href":"https:\/\/www.texgraf.com\/en\/wp-json\/wp\/v2\/users\/1"}],"replies":[{"embeddable":true,"href":"https:\/\/www.texgraf.com\/en\/wp-json\/wp\/v2\/comments?post=4183"}],"version-history":[{"count":2,"href":"https:\/\/www.texgraf.com\/en\/wp-json\/wp\/v2\/pages\/4183\/revisions"}],"predecessor-version":[{"id":4185,"href":"https:\/\/www.texgraf.com\/en\/wp-json\/wp\/v2\/pages\/4183\/revisions\/4185"}],"wp:attachment":[{"href":"https:\/\/www.texgraf.com\/en\/wp-json\/wp\/v2\/media?parent=4183"}],"curies":[{"name":"wp","href":"https:\/\/api.w.org\/{rel}","templated":true}]}}