{"id":3142,"date":"2022-10-19T12:12:03","date_gmt":"2022-10-19T10:12:03","guid":{"rendered":"https:\/\/texgraf.dissenyesplugues.com\/personalized-lanyard\/"},"modified":"2024-09-26T11:38:34","modified_gmt":"2024-09-26T09:38:34","slug":"personalized-lanyard","status":"publish","type":"page","link":"https:\/\/www.texgraf.com\/en\/personalized-lanyard\/","title":{"rendered":"Personalized Lanyard"},"content":{"rendered":"\n<div class=\"wp-block-uagb-container uagb-block-f5a501b8 alignfull uagb-is-root-container\"><div class=\"uagb-container__shape uagb-container__shape-bottom uagb-container__invert\" data-negative=\"false\"><svg xmlns=\"https:\/\/www.w3.org\/2000\/svg\" viewBox=\"0 0 2600 131.1\" preserveAspectRatio=\"none\"><path class=\"uagb-container__shape-fill\" d=\"M0 0L2600 0 2600 69.1 0 0z\"><\/path><path class=\"uagb-container__shape-fill\" opacity=\"0.5\" d=\"M0 0L2600 0 2600 69.1 0 69.1z\"><\/path><path class=\"uagb-container__shape-fill\" opacity=\"0.25\" d=\"M2600 0L0 0 0 130.1 2600 69.1z\"><\/path><\/svg><\/div><div class=\"uagb-container-inner-blocks-wrap\">\n<div class=\"wp-block-uagb-container uagb-block-3074f28a\">\n<div class=\"wp-block-uagb-info-box uagb-block-0b997367 uagb-infobox__content-wrap  uagb-infobox-icon-above-title uagb-infobox-image-valign-top\"><div class=\"uagb-ifb-content\"><div class=\"uagb-ifb-title-wrap\"><h1 class=\"uagb-ifb-title\">Personalized Lanyard<\/h1><\/div><p class=\"uagb-ifb-desc\">Silkscreen and Sublimation printing of personalized lanyards and badge ribbons.<\/p><div class=\"uagb-ifb-button-wrapper wp-block-button\"><a href=\"tel:+34937361436\" class=\"uagb-infobox-cta-link wp-block-button__link\" target=\"_self\" rel=\"noopener noreferrer\" onclick=\"return true;\"><span class=\"uagb-inline-editing\">Call us on +34 93 736 14 36<\/span><\/a><\/div><\/div><\/div>\n<\/div>\n\n\n\n<div class=\"wp-block-uagb-container uagb-block-c89c67e8\">\n<div class=\"wp-block-contact-form-7-contact-form-selector\">\n<div class=\"wpcf7 no-js\" id=\"wpcf7-f3261-o1\" lang=\"en-US\" dir=\"ltr\" data-wpcf7-id=\"3261\">\n<div class=\"screen-reader-response\"><p role=\"status\" aria-live=\"polite\" aria-atomic=\"true\"><\/p> <ul><\/ul><\/div>\n<form action=\"\/en\/wp-json\/wp\/v2\/pages\/3142#wpcf7-f3261-o1\" method=\"post\" class=\"wpcf7-form init\" aria-label=\"Contact form\" novalidate=\"novalidate\" data-status=\"init\">\n<fieldset class=\"hidden-fields-container\"><input type=\"hidden\" name=\"_wpcf7\" value=\"3261\" \/><input type=\"hidden\" name=\"_wpcf7_version\" value=\"6.1.5\" \/><input type=\"hidden\" name=\"_wpcf7_locale\" value=\"en_US\" \/><input type=\"hidden\" name=\"_wpcf7_unit_tag\" value=\"wpcf7-f3261-o1\" \/><input type=\"hidden\" name=\"_wpcf7_container_post\" value=\"0\" \/><input type=\"hidden\" name=\"_wpcf7_posted_data_hash\" value=\"\" \/><input type=\"hidden\" name=\"_wpcf7_recaptcha_response\" value=\"\" \/>\n<\/fieldset>\n<p><label><span class=\"wpcf7-form-control-wrap\" data-name=\"nombre\"><input size=\"40\" maxlength=\"400\" class=\"wpcf7-form-control wpcf7-text wpcf7-validates-as-required\" aria-required=\"true\" aria-invalid=\"false\" placeholder=\"*Name\" value=\"\" type=\"text\" name=\"nombre\" \/><\/span> <\/label><br \/>\n<label><span class=\"wpcf7-form-control-wrap\" data-name=\"email\"><input size=\"40\" maxlength=\"400\" class=\"wpcf7-form-control wpcf7-email wpcf7-validates-as-required wpcf7-text wpcf7-validates-as-email\" aria-required=\"true\" aria-invalid=\"false\" placeholder=\"*E-mail\" value=\"\" type=\"email\" name=\"email\" \/><\/span> <\/label><br \/>\n<label><span class=\"wpcf7-form-control-wrap\" data-name=\"telefono\"><input size=\"40\" maxlength=\"13\" minlength=\"9\" class=\"wpcf7-form-control wpcf7-tel wpcf7-validates-as-required wpcf7-text wpcf7-validates-as-tel\" aria-required=\"true\" aria-invalid=\"false\" placeholder=\"*Phone number\" value=\"\" type=\"tel\" name=\"telefono\" \/><\/span><\/label>\n<\/p>\n<p><label><span class=\"wpcf7-form-control-wrap\" data-name=\"cp\"><input size=\"40\" maxlength=\"400\" class=\"wpcf7-form-control wpcf7-text\" aria-invalid=\"false\" placeholder=\"Zip code\" value=\"\" type=\"text\" name=\"cp\" \/><\/span><\/label>\n<\/p>\n<p>I am inerested in:<br \/>\n<span class=\"wpcf7-form-control-wrap\" data-name=\"interesado\"><select class=\"wpcf7-form-control wpcf7-select wpcf7-validates-as-required\" aria-required=\"true\" aria-invalid=\"false\" name=\"interesado\"><option value=\"Packaging tapes\">Packaging tapes<\/option><option value=\"Ribbons for  Accreditation\">Ribbons for  Accreditation<\/option><option value=\"Wristband straps\">Wristband straps<\/option><option value=\"Small quantity stamping\">Small quantity stamping<\/option><option value=\"Custom Hats\">Custom Hats<\/option><option value=\"Custom tyvek wristbands\">Custom tyvek wristbands<\/option><option value=\"Others\">Others<\/option><\/select><\/span><br \/>\n<span class=\"wpcf7-form-control-wrap\" data-name=\"acepto\"><span class=\"wpcf7-form-control wpcf7-acceptance\"><span class=\"wpcf7-list-item\"><label><input type=\"checkbox\" name=\"acepto\" value=\"1\" aria-invalid=\"false\" \/><span class=\"wpcf7-list-item-label\">I have read and agree to the <a href=\"https:\/\/www.texgraf.com\/politica-de-privacidad\/\" target=\"blank\">Privacy Policy.<\/a><\/span><\/label><\/span><\/span><\/span><br \/>\n<input class=\"wpcf7-form-control wpcf7-submit has-spinner\" type=\"submit\" value=\"Send\" \/>\n<\/p><div class=\"wpcf7-response-output\" aria-hidden=\"true\"><\/div>\n<\/form>\n<\/div>\n<\/div>\n<\/div>\n<\/div><\/div>\n\n<div class=\"wp-block-uagb-container uagb-block-8c577d75 alignfull uagb-is-root-container\"><div class=\"uagb-container-inner-blocks-wrap\">\n<div class=\"wp-block-uagb-container uagb-block-64018e9e\">\n<div class=\"wp-block-uagb-advanced-heading uagb-block-150ee59b\"><h2 class=\"uagb-heading-text\">Personalized lanyards and badge ribbons<\/h2><div class=\"uagb-separator\"><\/div><\/div>\n\n\n\n<p>At most trade shows and conventions, attendees have to register, and when they register they get certified, but&#8230; where do you keep them for the entire event, know where to put them Hand to leave or enter? The solution designed for this are the lanyards, which have a small carabiner at the end to hang the identification.<\/p>\n\n\n\n<p>Today, all participating companies are giving away these <strong>custom lanyards with company logos as advertising items<\/strong>, as the fact that all participating companies are permanently displaying their branding creates a lot of branding.<\/p>\n\n\n\n<p>Again, this is not limited to the occasional moment, as more and more companies are adding a special certification to be able to enter the office, turning these ribbons into practically advertising lanyards that workers wear every day.<\/p>\n<\/div>\n\n\n\n<div class=\"wp-block-uagb-container uagb-block-57c8a38a\">\n<figure style=\"padding-top:0;padding-right:var(--wp--preset--spacing--30);padding-bottom:0;padding-left:var(--wp--preset--spacing--30)\" class=\"wp-block-video\"><video height=\"1920\" style=\"aspect-ratio: 1080 \/ 1920;\" width=\"1080\" autoplay=\"\" controls=\"\" loop=\"\" muted=\"\" src=\"https:\/\/www.texgraf.com\/wp-content\/uploads\/2023\/03\/texgraf-lanyard-personalizado-serigrafia-fabricacion.mp4\"><\/video><\/figure>\n<\/div>\n<\/div><\/div>\n\n<div class=\"wp-block-uagb-container uagb-block-35c6e6b6 alignfull uagb-is-root-container\"><div class=\"uagb-container-inner-blocks-wrap\">\n<div class=\"wp-block-uagb-advanced-heading uagb-block-ecd279b5\"><h3 class=\"uagb-heading-text\">Personalized Lanyards Price<\/h3><div class=\"uagb-separator\"><\/div><p class=\"uagb-desc-text\">Here we show you our prices for <strong>Lanyards for ID cards<\/strong>.<br\/>Prices indicated for Lanyards 2cm wide by 90cm long with carabiner, printed in sublimation on lanyard tape (100% Polyester).<br\/>All our lanyards are made from recycled polyester. <\/p><\/div>\n\n\n<style>.wp-block-kadence-advancedheading.kt-adv-heading1411_da989f-d3, .wp-block-kadence-advancedheading.kt-adv-heading1411_da989f-d3[data-kb-block=\"kb-adv-heading1411_da989f-d3\"]{font-size:var(--global-kb-font-size-md, 1.25rem);font-style:normal;}.wp-block-kadence-advancedheading.kt-adv-heading1411_da989f-d3 mark.kt-highlight, .wp-block-kadence-advancedheading.kt-adv-heading1411_da989f-d3[data-kb-block=\"kb-adv-heading1411_da989f-d3\"] mark.kt-highlight{font-style:normal;color:#f76a0c;-webkit-box-decoration-break:clone;box-decoration-break:clone;padding-top:0px;padding-right:0px;padding-bottom:0px;padding-left:0px;}.wp-block-kadence-advancedheading.kt-adv-heading1411_da989f-d3 img.kb-inline-image, .wp-block-kadence-advancedheading.kt-adv-heading1411_da989f-d3[data-kb-block=\"kb-adv-heading1411_da989f-d3\"] img.kb-inline-image{width:150px;vertical-align:baseline;}@media all and (max-width: 767px){.wp-block-kadence-advancedheading.kt-adv-heading1411_da989f-d3, .wp-block-kadence-advancedheading.kt-adv-heading1411_da989f-d3[data-kb-block=\"kb-adv-heading1411_da989f-d3\"]{text-align:center!important;}}<\/style>\n<h2 class=\"kt-adv-heading1411_da989f-d3 wp-block-kadence-advancedheading\" data-kb-block=\"kb-adv-heading1411_da989f-d3\"><strong>VAT and shipping included<\/strong><\/h2>\n<\/div><\/div>\n\n<div class=\"wp-block-uagb-container uagb-block-2ab21a2a alignfull uagb-is-root-container\"><div class=\"uagb-container-inner-blocks-wrap\">\n<div class=\"wp-block-uagb-container uagb-block-467f80e6\">\n<div class=\"wp-block-uagb-info-box uagb-block-cdab2eb4 uagb-infobox__content-wrap  uagb-infobox-icon-above-title uagb-infobox-image-valign-top\"><div class=\"uagb-ifb-content\"><div class=\"uagb-ifb-title-wrap\"><span class=\"uagb-ifb-title-prefix\">with carabiner<\/span><h3 class=\"uagb-ifb-title\">100 Lanyards<\/h3><\/div><p class=\"uagb-ifb-desc\">2 \u20ac\/unit<\/p><\/div><\/div>\n<\/div>\n\n\n\n<div class=\"wp-block-uagb-container uagb-block-852f78ce\">\n<div class=\"wp-block-uagb-info-box uagb-block-1f974b48 uagb-infobox__content-wrap  uagb-infobox-icon-above-title uagb-infobox-image-valign-top\"><div class=\"uagb-ifb-content\"><div class=\"uagb-ifb-title-wrap\"><span class=\"uagb-ifb-title-prefix\">with carabiner<\/span><h3 class=\"uagb-ifb-title\">250 Lanyards<\/h3><\/div><p class=\"uagb-ifb-desc\">1,52 \u20ac\/unit<\/p><\/div><\/div>\n<\/div>\n\n\n\n<div class=\"wp-block-uagb-container uagb-block-6df1a4c8\">\n<div class=\"wp-block-uagb-info-box uagb-block-f52cbff5 uagb-infobox__content-wrap  uagb-infobox-icon-above-title uagb-infobox-image-valign-top\"><div class=\"uagb-ifb-content\"><div class=\"uagb-ifb-title-wrap\"><span class=\"uagb-ifb-title-prefix\">with carabiner<\/span><h3 class=\"uagb-ifb-title\">1,000 Lanyards<\/h3><\/div><p class=\"uagb-ifb-desc\">1,35 \u20ac\/unit<\/p><\/div><\/div>\n<\/div>\n<\/div><\/div>\n\n<div class=\"wp-block-uagb-container uagb-block-a88d7b15 alignfull uagb-is-root-container\"><div class=\"uagb-container-inner-blocks-wrap\">\n<div class=\"wp-block-uagb-advanced-heading uagb-block-91000c6e\"><h3 class=\"uagb-heading-text\">Personalized Name Badge Holders<\/h3><div class=\"uagb-separator\"><\/div><\/div>\n\n\n\n<p class=\"has-text-align-center\">Personalized badge holders help identify visitors to your facility or trade show and are ideal for employees and visitors. Our personalized name badge holders and badge clips can be hung around the neck. They help identify your employees while improving safety. You can include a branded lanyard in your new team member&#8217;s welcome bag. Available in a variety of colors, it&#8217;s easy to find the perfect color for your logo.<\/p>\n\n\n\n<p class=\"has-text-align-center\">Once you have selected your favorite badge, add your custom style in our design studio. You can add your name, title, logo and company name to the printed lanyard. Then we will bring your design to life. Your personalized name ribbon will be ready to use.<\/p>\n<\/div><\/div>\n\n<div class=\"wp-block-uagb-separator uagb-block-a5dd19e7\"><div class=\"wp-block-uagb-separator__inner\" style=\"--my-background-image:\"><\/div><\/div>\n\n<div class=\"wp-block-uagb-container uagb-block-8aec78d7 alignfull uagb-is-root-container\"><div class=\"uagb-container__shape uagb-container__shape-top\"><svg xmlns=\"https:\/\/www.w3.org\/2000\/svg\" viewBox=\"0 0 1000 100\" preserveAspectRatio=\"none\"><path class=\"uagb-container__shape-fill\" d=\"M421.9,6.5c22.6-2.5,51.5,0.4,75.5,5.3c23.6,4.9,70.9,23.5,100.5,35.7c75.8,32.2,133.7,44.5,192.6,49.7  c23.6,2.1,48.7,3.5,103.4-2.5c54.7-6,106.2-25.6,106.2-25.6V0H0v30.3c0,0,72,32.6,158.4,30.5c39.2-0.7,92.8-6.7,134-22.4  c21.2-8.1,52.2-18.2,79.7-24.2C399.3,7.9,411.6,7.5,421.9,6.5z\"><\/path><\/svg><\/div><div class=\"uagb-container-inner-blocks-wrap\">\n<div class=\"wp-block-uagb-container uagb-block-d0ea2a21\">\n<div class=\"wp-block-uagb-image uagb-block-bcc8bd16 wp-block-uagb-image--layout-default wp-block-uagb-image--effect-static wp-block-uagb-image--align-none\"><figure class=\"wp-block-uagb-image__figure\"><img decoding=\"async\" srcset=\"https:\/\/www.texgraf.com\/wp-content\/uploads\/2022\/10\/texgraf-lanyard-personalizado-para-acreditaciones-1024x655.jpg\n \" sizes=\"auto, (max-width: 480px) 150px\" src=\"https:\/\/www.texgraf.com\/wp-content\/uploads\/2022\/10\/texgraf-lanyard-personalizado-para-acreditaciones-1024x655.jpg\" alt=\"\" class=\"uag-image-1464\" width=\"1024\" height=\"655\" title=\"\" loading=\"lazy\" role=\"img\"><\/figure><\/div>\n<\/div>\n\n\n\n<div class=\"wp-block-uagb-container uagb-block-3867e9a4\">\n<div class=\"wp-block-uagb-advanced-heading uagb-block-bbbef9f9\"><h3 class=\"uagb-heading-text\">Uses of Lanyards<\/h3><div class=\"uagb-separator\"><\/div><\/div>\n\n\n\n<p>Key or event lanyards are excellent as accessories to identify visitors, groups and corporate workers at trade shows, conferences and festivals, but they are also very useful in everyday life. If you are looking for a decorative and durable neckband, we recommend that you design your own.<\/p>\n\n\n\n<div class=\"wp-block-uagb-info-box uagb-block-35148c93 uagb-infobox__content-wrap  uagb-infobox-icon-left-title uagb-infobox-left uagb-infobox-image-valign-top\"><div class=\"uagb-ifb-content\"><div class=\"uagb-ifb-left-title-image\"><div class=\"uagb-ifb-icon-wrap\"><svg xmlns=\"https:\/\/www.w3.org\/2000\/svg\" viewbox=\"0 0 448 512\"><path d=\"M246.6 233.4l-160-160c-12.5-12.5-32.75-12.5-45.25 0s-12.5 32.75 0 45.25L178.8 256l-137.4 137.4c-12.5 12.5-12.5 32.75 0 45.25C47.63 444.9 55.81 448 64 448s16.38-3.125 22.62-9.375l160-160C259.1 266.1 259.1 245.9 246.6 233.4zM438.6 233.4l-160-160c-12.5-12.5-32.75-12.5-45.25 0s-12.5 32.75 0 45.25L370.8 256l-137.4 137.4c-12.5 12.5-12.5 32.75 0 45.25C239.6 444.9 247.8 448 256 448s16.38-3.125 22.62-9.375l160-160C451.1 266.1 451.1 245.9 438.6 233.4z\"><\/path><\/svg><\/div><div class=\"uagb-ifb-title-wrap\"><h3 class=\"uagb-ifb-title\">We manufacture lanyards with the image of your company.<\/h3><\/div><\/div><\/div><\/div>\n<\/div>\n<\/div><\/div>\n\n<div class=\"wp-block-uagb-container uagb-block-a509ac16 alignfull uagb-is-root-container\"><div class=\"uagb-container-inner-blocks-wrap\">\n<div class=\"wp-block-uagb-container uagb-block-bca1874e\">\n<div class=\"wp-block-uagb-advanced-heading uagb-block-daa63a49\"><h3 class=\"uagb-heading-text\">Our Personalized Lanyards and Ribbons<\/h3><div class=\"uagb-separator\"><\/div><\/div>\n\n\n\n<div class=\"wp-block-uagb-advanced-heading uagb-block-61c90455\"><h5 class=\"uagb-heading-text\">Customizable in color, printing&#8230;<\/h5><\/div>\n\n\n\n<div class=\"wp-block-uagb-advanced-heading uagb-block-3df0d90a\"><p class=\"uagb-heading-text\">Somos fabricantes as\u00ed que puedes solicitar el colgante para tu acreditaci\u00f3n con el ancho y color que necesites, tambi\u00e9n podr\u00e1s incluir el logotipo, texto y lema que necesites. Nosotros podemos ayudarte tambi\u00e9n con el dise\u00f1o.<\/p><\/div>\n<\/div>\n\n\n\n<div class=\"wp-block-uagb-container uagb-block-7d84a433\">\n<div class=\"wp-block-uagb-advanced-heading uagb-block-26574e55\"><h5 class=\"uagb-heading-text\">Lanyard printing and finishing<\/h5><\/div>\n\n\n\n<p class=\"has-ast-global-color-1-color has-text-color\">In <strong>TEXGRAF <\/strong>we are manufacturers of customized ribbons, we can print them with screen printing, 3D screen printing, sublimation, stamping and metallic finishes. We can customize the lanyard based on the design you send us, we will adjust the design so that it prints and reads correctly once hung.<\/p>\n<\/div>\n<\/div><\/div>\n","protected":false},"excerpt":{"rendered":"<p>Personalized lanyards and badge ribbons At most trade shows and conventions, attendees have to register, and when they register they get certified, but&#8230; where do you keep them for the entire event, know where to put them Hand to leave or enter? The solution designed for this are the lanyards, which have a small carabiner [&hellip;]<\/p>\n","protected":false},"author":1,"featured_media":0,"parent":0,"menu_order":0,"comment_status":"closed","ping_status":"closed","template":"","meta":{"_uag_custom_page_level_css":"","site-sidebar-layout":"default","site-content-layout":"plain-container","ast-site-content-layout":"normal-width-container","site-content-style":"unboxed","site-sidebar-style":"unboxed","ast-global-header-display":"","ast-banner-title-visibility":"","ast-main-header-display":"","ast-hfb-above-header-display":"","ast-hfb-below-header-display":"","ast-hfb-mobile-header-display":"","site-post-title":"disabled","ast-breadcrumbs-content":"","ast-featured-img":"","footer-sml-layout":"","ast-disable-related-posts":"","theme-transparent-header-meta":"enabled","adv-header-id-meta":"","stick-header-meta":"","header-above-stick-meta":"","header-main-stick-meta":"","header-below-stick-meta":"","astra-migrate-meta-layouts":"default","ast-page-background-enabled":"default","ast-page-background-meta":{"desktop":{"background-color":"var(--ast-global-color-4)","background-image":"","background-repeat":"repeat","background-position":"center center","background-size":"auto","background-attachment":"scroll","background-type":"","background-media":"","overlay-type":"","overlay-color":"","overlay-opacity":"","overlay-gradient":""},"tablet":{"background-color":"","background-image":"","background-repeat":"repeat","background-position":"center center","background-size":"auto","background-attachment":"scroll","background-type":"","background-media":"","overlay-type":"","overlay-color":"","overlay-opacity":"","overlay-gradient":""},"mobile":{"background-color":"","background-image":"","background-repeat":"repeat","background-position":"center center","background-size":"auto","background-attachment":"scroll","background-type":"","background-media":"","overlay-type":"","overlay-color":"","overlay-opacity":"","overlay-gradient":""}},"ast-content-background-meta":{"desktop":{"background-color":"var(--ast-global-color-5)","background-image":"","background-repeat":"repeat","background-position":"center center","background-size":"auto","background-attachment":"scroll","background-type":"","background-media":"","overlay-type":"","overlay-color":"","overlay-opacity":"","overlay-gradient":""},"tablet":{"background-color":"var(--ast-global-color-5)","background-image":"","background-repeat":"repeat","background-position":"center center","background-size":"auto","background-attachment":"scroll","background-type":"","background-media":"","overlay-type":"","overlay-color":"","overlay-opacity":"","overlay-gradient":""},"mobile":{"background-color":"var(--ast-global-color-5)","background-image":"","background-repeat":"repeat","background-position":"center center","background-size":"auto","background-attachment":"scroll","background-type":"","background-media":"","overlay-type":"","overlay-color":"","overlay-opacity":"","overlay-gradient":""}},"footnotes":""},"class_list":["post-3142","page","type-page","status-publish","hentry"],"uagb_featured_image_src":{"full":false,"thumbnail":false,"medium":false,"medium_large":false,"large":false,"1536x1536":false,"2048x2048":false,"woocommerce_thumbnail":false,"woocommerce_single":false,"woocommerce_gallery_thumbnail":false,"variation_swatches_image_size":false,"variation_swatches_tooltip_size":false},"uagb_author_info":{"display_name":"empiezapori","author_link":"https:\/\/www.texgraf.com\/en\/author\/empiezapori\/"},"uagb_comment_info":0,"uagb_excerpt":"Personalized lanyards and badge ribbons At most trade shows and conventions, attendees have to register, and when they register they get certified, but&#8230; where do you keep them for the entire event, know where to put them Hand to leave or enter? The solution designed for this are the lanyards, which have a small carabiner&hellip;","_links":{"self":[{"href":"https:\/\/www.texgraf.com\/en\/wp-json\/wp\/v2\/pages\/3142","targetHints":{"allow":["GET"]}}],"collection":[{"href":"https:\/\/www.texgraf.com\/en\/wp-json\/wp\/v2\/pages"}],"about":[{"href":"https:\/\/www.texgraf.com\/en\/wp-json\/wp\/v2\/types\/page"}],"author":[{"embeddable":true,"href":"https:\/\/www.texgraf.com\/en\/wp-json\/wp\/v2\/users\/1"}],"replies":[{"embeddable":true,"href":"https:\/\/www.texgraf.com\/en\/wp-json\/wp\/v2\/comments?post=3142"}],"version-history":[{"count":5,"href":"https:\/\/www.texgraf.com\/en\/wp-json\/wp\/v2\/pages\/3142\/revisions"}],"predecessor-version":[{"id":3978,"href":"https:\/\/www.texgraf.com\/en\/wp-json\/wp\/v2\/pages\/3142\/revisions\/3978"}],"wp:attachment":[{"href":"https:\/\/www.texgraf.com\/en\/wp-json\/wp\/v2\/media?parent=3142"}],"curies":[{"name":"wp","href":"https:\/\/api.w.org\/{rel}","templated":true}]}}