{"id":4195,"date":"2022-10-19T10:20:23","date_gmt":"2022-10-19T08:20:23","guid":{"rendered":"https:\/\/www.texgraf.com\/tienda-online-de-cintas-decorativas\/"},"modified":"2026-02-09T13:07:54","modified_gmt":"2026-02-09T12:07:54","slug":"tienda-online-de-cintas-decorativas","status":"publish","type":"page","link":"https:\/\/www.texgraf.com\/ca\/tienda-online-de-cintas-decorativas\/","title":{"rendered":"Botiga Online de Cintes Decoratives"},"content":{"rendered":"\n<div class=\"wp-block-uagb-container uagb-block-62c32f2f alignfull uagb-is-root-container\"><div class=\"uagb-container__shape uagb-container__shape-bottom uagb-container__invert\" data-negative=\"false\"><svg xmlns=\"https:\/\/www.w3.org\/2000\/svg\" viewBox=\"0 0 2600 131.1\" preserveAspectRatio=\"none\"><path class=\"uagb-container__shape-fill\" d=\"M0 0L2600 0 2600 69.1 0 0z\"><\/path><path class=\"uagb-container__shape-fill\" opacity=\"0.5\" d=\"M0 0L2600 0 2600 69.1 0 69.1z\"><\/path><path class=\"uagb-container__shape-fill\" opacity=\"0.25\" d=\"M2600 0L0 0 0 130.1 2600 69.1z\"><\/path><\/svg><\/div><div class=\"uagb-container-inner-blocks-wrap\">\n<div class=\"wp-block-uagb-container uagb-block-c59c3e0a\">\n<div class=\"wp-block-uagb-info-box uagb-block-fae2e4bd uagb-infobox__content-wrap  uagb-infobox-icon-above-title uagb-infobox-image-valign-top\"><div class=\"uagb-ifb-content\"><div class=\"uagb-ifb-title-wrap\"><h1 class=\"uagb-ifb-title\">Botiga Online de Cintes Decoratives<\/h1><\/div><p class=\"uagb-ifb-desc\">A TEXGRAF som fabricants de cintes decoratives de cot\u00f3, cintes decoratives de ras, grosgrain i cintes decoratives personalitzades, per a esdeveniments, acreditaci\u00f3, packaging, moda\u2026 A la nostra botiga online de cintes decoratives pots comprar directament les nostres cintes, nom\u00e9s has de triar el tipus de cintes.<\/p><\/div><\/div>\n\n\n\n<div class=\"wp-block-uagb-buttons uagb-buttons__outer-wrap uagb-btn__default-btn uagb-btn-tablet__default-btn uagb-btn-mobile__default-btn uagb-block-171cc775\"><div class=\"uagb-buttons__wrap uagb-buttons-layout-wrap \">\n<div class=\"wp-block-uagb-buttons-child uagb-buttons__outer-wrap uagb-block-51fb9d31 wp-block-button\"><div class=\"uagb-button__wrapper\"><a class=\"uagb-buttons-repeater wp-block-button__link\" aria-label=\"\" href=\"#25\" rel=\"follow noopener\" target=\"_self\" role=\"button\"><div class=\"uagb-button__link\">Rollos de 25 metros<\/div><span class=\"uagb-button__icon uagb-button__icon-position-after\"><svg xmlns=\"https:\/\/www.w3.org\/2000\/svg\" viewBox=\"0 0 384 512\" aria-hidden=\"true\" focussable=\"false\"><path d=\"M374.6 310.6l-160 160C208.4 476.9 200.2 480 192 480s-16.38-3.125-22.62-9.375l-160-160c-12.5-12.5-12.5-32.75 0-45.25s32.75-12.5 45.25 0L160 370.8V64c0-17.69 14.33-31.1 31.1-31.1S224 46.31 224 64v306.8l105.4-105.4c12.5-12.5 32.75-12.5 45.25 0S387.1 298.1 374.6 310.6z\"><\/path><\/svg><\/span><\/a><\/div><\/div>\n\n\n\n<div class=\"wp-block-uagb-buttons-child uagb-buttons__outer-wrap uagb-block-f23bff46 wp-block-button\"><div class=\"uagb-button__wrapper\"><a class=\"uagb-buttons-repeater wp-block-button__link\" aria-label=\"\" href=\"#100\" rel=\"follow noopener\" target=\"_self\" role=\"button\"><div class=\"uagb-button__link\">Rollos de 100 metros<\/div><span class=\"uagb-button__icon uagb-button__icon-position-after\"><svg xmlns=\"https:\/\/www.w3.org\/2000\/svg\" viewBox=\"0 0 320 512\" aria-hidden=\"true\" focussable=\"false\"><path d=\"M9.375 329.4c12.51-12.51 32.76-12.49 45.25 0L128 402.8V32c0-17.69 14.31-32 32-32s32 14.31 32 32v370.8l73.38-73.38c12.5-12.5 32.75-12.5 45.25 0s12.5 32.75 0 45.25l-128 128c-12.5 12.5-32.75 12.5-45.25 0l-128-128C-3.125 362.1-3.125 341.9 9.375 329.4z\"><\/path><\/svg><\/span><\/a><\/div><\/div>\n<\/div><\/div>\n<\/div>\n<\/div><\/div>\n\n\n<style>.kb-row-layout-id4195_769539-85 > .kt-row-column-wrap{align-content:start;}:where(.kb-row-layout-id4195_769539-85 > .kt-row-column-wrap) > .wp-block-kadence-column{justify-content:start;}.kb-row-layout-id4195_769539-85 > .kt-row-column-wrap{column-gap:var(--global-kb-gap-md, 2rem);row-gap:var(--global-kb-gap-md, 2rem);padding-top:24px;padding-bottom:24px;grid-template-columns:repeat(2, minmax(0, 1fr));}.kb-row-layout-id4195_769539-85 > .kt-row-layout-overlay{opacity:0.30;}@media all and (max-width: 1024px){.kb-row-layout-id4195_769539-85 > .kt-row-column-wrap{grid-template-columns:repeat(2, minmax(0, 1fr));}}@media all and (max-width: 767px){.kb-row-layout-wrap.wp-block-kadence-rowlayout.kb-row-layout-id4195_769539-85{margin-bottom:0px;}.kb-row-layout-id4195_769539-85 > .kt-row-column-wrap{padding-right:10px;padding-bottom:0px;padding-left:10px;grid-template-columns:minmax(0, 1fr);}}<\/style><div class=\"kb-row-layout-wrap kb-row-layout-id4195_769539-85 alignnone has-ast-global-color-5-background-color kt-row-has-bg wp-block-kadence-rowlayout\"><div class=\"kt-row-column-wrap kt-has-2-columns kt-row-layout-equal kt-tab-layout-inherit kt-mobile-layout-row kt-row-valign-top\">\n<style>.kadence-column4195_995942-ec > .kt-inside-inner-col,.kadence-column4195_995942-ec > .kt-inside-inner-col:before{border-top-left-radius:0px;border-top-right-radius:0px;border-bottom-right-radius:0px;border-bottom-left-radius:0px;}.kadence-column4195_995942-ec > .kt-inside-inner-col{column-gap:var(--global-kb-gap-sm, 1rem);}.kadence-column4195_995942-ec > .kt-inside-inner-col{flex-direction:column;}.kadence-column4195_995942-ec > .kt-inside-inner-col > .aligncenter{width:100%;}.kadence-column4195_995942-ec > .kt-inside-inner-col:before{opacity:0.3;}.kadence-column4195_995942-ec{position:relative;}@media all and (max-width: 1024px){.kadence-column4195_995942-ec > .kt-inside-inner-col{flex-direction:column;justify-content:center;}}@media all and (max-width: 767px){.kadence-column4195_995942-ec > .kt-inside-inner-col{flex-direction:column;justify-content:center;}}<\/style>\n<div class=\"wp-block-kadence-column kadence-column4195_995942-ec\"><div class=\"kt-inside-inner-col\">\n<div class=\"wp-block-uagb-advanced-heading uagb-block-ea524408\"><p class=\"uagb-heading-text\"><strong>Benvingut a la nostra botiga online de cintes decoratives! <\/strong>Aqu\u00ed trobar\u00e0s una \u00e0mplia varietat de cintes de cot\u00f3, ras i grosgrain per donar un toc especial als teus projectes.<br><br>Les nostres cintes s\u00f3n d&#8217;alta qualitat i v\u00e9nen en una gran varietat de colors i dissenys perqu\u00e8 pugueu triar l&#8217;opci\u00f3 perfecta per al vostre projecte. Ja sigui que estiguis fent manualitats, decorant casa teva, o preparant una festa tem\u00e0tica, les nostres cintes s\u00f3n el complement perfecte per a qualsevol ocasi\u00f3. <br><br>A m\u00e9s, les nostres cintes s\u00f3n molt vers\u00e0tils. Pots utilitzar-les per decorar els teus mobles, crear accessoris per als cabells, fer lla\u00e7os per a regals, o fins i tot personalitzar la teva roba. Les possibilitats s\u00f3n infinites.<br>A la nostra botiga online, trobar\u00e0s cintes de cot\u00f3, ras i grosgrain en diferents amplades i longituds, de manera que podr\u00e0s trobar la mida perfecta per als teus projectes. Tamb\u00e9 oferim preus competitius i enviament r\u00e0pid perqu\u00e8 puguis rebre les teves cintes en poc temps i comen\u00e7ar a treballar als teus projectes de decoraci\u00f3.   <br><\/p><\/div>\n<\/div><\/div>\n\n\n<style>.kadence-column4195_fac698-bc > .kt-inside-inner-col{padding-top:0px;}.kadence-column4195_fac698-bc > .kt-inside-inner-col,.kadence-column4195_fac698-bc > .kt-inside-inner-col:before{border-top-left-radius:0px;border-top-right-radius:0px;border-bottom-right-radius:0px;border-bottom-left-radius:0px;}.kadence-column4195_fac698-bc > .kt-inside-inner-col{column-gap:var(--global-kb-gap-sm, 1rem);}.kadence-column4195_fac698-bc > .kt-inside-inner-col{flex-direction:column;}.kadence-column4195_fac698-bc > .kt-inside-inner-col > .aligncenter{width:100%;}.kadence-column4195_fac698-bc > .kt-inside-inner-col:before{opacity:0.3;}.kadence-column4195_fac698-bc{position:relative;}.kadence-column4195_fac698-bc, .kt-inside-inner-col > .kadence-column4195_fac698-bc:not(.specificity){margin-top:0px;}@media all and (max-width: 1024px){.kadence-column4195_fac698-bc > .kt-inside-inner-col{flex-direction:column;justify-content:center;}}@media all and (max-width: 767px){.kadence-column4195_fac698-bc > .kt-inside-inner-col{flex-direction:column;justify-content:center;}}<\/style>\n<div class=\"wp-block-kadence-column kadence-column4195_fac698-bc\"><div class=\"kt-inside-inner-col\">\n<div class=\"wp-block-uagb-image aligncenter uagb-block-1a36d04f wp-block-uagb-image--layout-default wp-block-uagb-image--effect-static wp-block-uagb-image--align-center\"><figure class=\"wp-block-uagb-image__figure\"><img decoding=\"async\" srcset=\"https:\/\/www.texgraf.com\/wp-content\/uploads\/2022\/10\/texgraf-cinta-personalizada-demo-texto-ejemplo4-1.jpg \" sizes=\"auto, (max-width: 480px) 150px\" src=\"https:\/\/www.texgraf.com\/wp-content\/uploads\/2022\/10\/texgraf-cinta-personalizada-demo-texto-ejemplo4-1.jpg\" alt=\"\" class=\"uag-image-1584\" width=\"412\" height=\"412\" title=\"\" loading=\"lazy\" role=\"img\"\/><\/figure><\/div>\n\n\n\n<div class=\"wp-block-uagb-advanced-heading uagb-block-71e1c8b4\"><h4 class=\"uagb-heading-text\"><mark style=\"background-color:rgba(0, 0, 0, 0)\" class=\"has-inline-color has-ast-global-color-8-color\">No esperis m\u00e9s per afegir un toc especial als teus projectes de decoraci\u00f3!<\/mark> <\/h4><p class=\"uagb-desc-text\">Explora la nostra selecci\u00f3 de cintes decoratives de cot\u00f3, ras i grosgrain i troba l&#8217;opci\u00f3 perfecta per a tu.<\/p><\/div>\n<\/div><\/div>\n\n<\/div><\/div>\n\n\n<div class=\"wp-block-uagb-container uagb-block-441452eb alignfull uagb-is-root-container\"><div class=\"uagb-container-inner-blocks-wrap\">\n<div class=\"wp-block-uagb-advanced-heading uagb-block-c7af184c\"><h3 class=\"uagb-heading-text\">Cintes Decoratives de Cot\u00f3, Ras i GrosGrain servides en Rotllo o Pack de<mark style=\"background-color:rgba(0, 0, 0, 0)\" class=\"has-inline-color has-ast-global-color-8-color\"> 25 <\/mark>o<mark style=\"background-color:rgba(0, 0, 0, 0)\" class=\"has-inline-color has-ast-global-color-8-color\"> 100<\/mark> metres<\/h3><div class=\"uagb-separator\"><\/div><\/div>\n<\/div><\/div>\n\n\n\n<div id=\"100\" class=\"wp-block-uagb-container uagb-block-83051dfc alignfull uagb-is-root-container\"><div class=\"uagb-container-inner-blocks-wrap\">\n<div class=\"wp-block-uagb-container uagb-block-399ef876\">\n<div class=\"wp-block-uagb-info-box uagb-block-179d91d0 uagb-infobox__content-wrap  uagb-infobox-icon-above-title uagb-infobox-image-valign-top\"><div class=\"uagb-ifb-content\"><div class=\"uagb-ifb-image-content\"><img decoding=\"async\" src=\"https:\/\/www.texgraf.com\/wp-content\/uploads\/2022\/10\/azul-medio-93-300x230.jpg\" alt=\"\" width=\"\" height=\"0\" loading=\"lazy\"\/><\/div><div class=\"uagb-ifb-separator\"><\/div><div class=\"uagb-ifb-title-wrap\"><span class=\"uagb-ifb-title-prefix\">A partir de <strong>23,60\u20ac<\/strong><br>IVA i enviament inclosos<\/span><h3 class=\"uagb-ifb-title\">Cintas de Algod\u00f3n<\/h3><\/div><p class=\"uagb-ifb-desc\">Cintes Decoratives en rotllos de<br><strong>100 metres<\/strong><\/p><div class=\"uagb-ifb-button-wrapper wp-block-button\"><a href=\"\/producto\/cinta-decorativa-de-algodon-rollo-100-metros\/\" class=\"uagb-infobox-cta-link wp-block-button__link\" target=\"_self\" rel=\"noopener noreferrer\" onclick=\"return true;\"><span class=\"uagb-inline-editing\">Ver Opciones<\/span><svg xmlns=\"https:\/\/www.w3.org\/2000\/svg\" viewBox=\"0 0 576 512\"><path d=\"M0 24C0 10.75 10.75 0 24 0H96C107.5 0 117.4 8.19 119.6 19.51L121.1 32H312V134.1L288.1 111C279.6 101.7 264.4 101.7 255 111C245.7 120.4 245.7 135.6 255 144.1L319 208.1C328.4 218.3 343.6 218.3 352.1 208.1L416.1 144.1C426.3 135.6 426.3 120.4 416.1 111C407.6 101.7 392.4 101.7 383 111L360 134.1V32H541.8C562.1 32 578.3 52.25 572.6 72.66L518.6 264.7C514.7 278.5 502.1 288 487.8 288H170.7L179.9 336H488C501.3 336 512 346.7 512 360C512 373.3 501.3 384 488 384H159.1C148.5 384 138.6 375.8 136.4 364.5L76.14 48H24C10.75 48 0 37.25 0 24V24zM224 464C224 490.5 202.5 512 176 512C149.5 512 128 490.5 128 464C128 437.5 149.5 416 176 416C202.5 416 224 437.5 224 464zM416 464C416 437.5 437.5 416 464 416C490.5 416 512 437.5 512 464C512 490.5 490.5 512 464 512C437.5 512 416 490.5 416 464z\"><\/path><\/svg><\/a><\/div><\/div><\/div>\n<\/div>\n\n\n\n<div class=\"wp-block-uagb-container uagb-block-45429bcd\">\n<div class=\"wp-block-uagb-info-box uagb-block-c7ff32f3 uagb-infobox__content-wrap  uagb-infobox-icon-above-title uagb-infobox-image-valign-top\"><div class=\"uagb-ifb-content\"><div class=\"uagb-ifb-image-content\"><img decoding=\"async\" src=\"https:\/\/www.texgraf.com\/wp-content\/uploads\/2022\/10\/fucsia-82-300x230.jpg\" alt=\"\" width=\"\" height=\"0\" loading=\"lazy\"\/><\/div><div class=\"uagb-ifb-separator\"><\/div><div class=\"uagb-ifb-title-wrap\"><span class=\"uagb-ifb-title-prefix\">A partir de <strong>23,60\u20ac<\/strong><br>IVA i enviament inclosos<\/span><h3 class=\"uagb-ifb-title\">Cintes de Ras<\/h3><\/div><p class=\"uagb-ifb-desc\">Cintes Decoratives en rotllos de<br><strong>100 metres<\/strong><\/p><div class=\"uagb-ifb-button-wrapper wp-block-button\"><a href=\"\/producto\/cinta-de-raso-rollo-100-metros\/\" class=\"uagb-infobox-cta-link wp-block-button__link\" target=\"_self\" rel=\"noopener noreferrer\" onclick=\"return true;\"><span class=\"uagb-inline-editing\">Ver Opciones<\/span><svg xmlns=\"https:\/\/www.w3.org\/2000\/svg\" viewBox=\"0 0 576 512\"><path d=\"M0 24C0 10.75 10.75 0 24 0H96C107.5 0 117.4 8.19 119.6 19.51L121.1 32H312V134.1L288.1 111C279.6 101.7 264.4 101.7 255 111C245.7 120.4 245.7 135.6 255 144.1L319 208.1C328.4 218.3 343.6 218.3 352.1 208.1L416.1 144.1C426.3 135.6 426.3 120.4 416.1 111C407.6 101.7 392.4 101.7 383 111L360 134.1V32H541.8C562.1 32 578.3 52.25 572.6 72.66L518.6 264.7C514.7 278.5 502.1 288 487.8 288H170.7L179.9 336H488C501.3 336 512 346.7 512 360C512 373.3 501.3 384 488 384H159.1C148.5 384 138.6 375.8 136.4 364.5L76.14 48H24C10.75 48 0 37.25 0 24V24zM224 464C224 490.5 202.5 512 176 512C149.5 512 128 490.5 128 464C128 437.5 149.5 416 176 416C202.5 416 224 437.5 224 464zM416 464C416 437.5 437.5 416 464 416C490.5 416 512 437.5 512 464C512 490.5 490.5 512 464 512C437.5 512 416 490.5 416 464z\"><\/path><\/svg><\/a><\/div><\/div><\/div>\n<\/div>\n\n\n\n<div class=\"wp-block-uagb-container uagb-block-b29e00ba\">\n<div class=\"wp-block-uagb-info-box uagb-block-89f66ec5 uagb-infobox__content-wrap  uagb-infobox-icon-above-title uagb-infobox-image-valign-top\"><div class=\"uagb-ifb-content\"><div class=\"uagb-ifb-image-content\"><img decoding=\"async\" src=\"https:\/\/www.texgraf.com\/wp-content\/uploads\/2022\/10\/amarillo-32-300x230.jpg\" alt=\"\" width=\"\" height=\"0\" loading=\"lazy\"\/><\/div><div class=\"uagb-ifb-separator\"><\/div><div class=\"uagb-ifb-title-wrap\"><span class=\"uagb-ifb-title-prefix\">A partir de <strong>25,80 \u20ac<\/strong><br>IVA i enviament inclosos<\/span><h3 class=\"uagb-ifb-title\">Cintes de Grosgrain<\/h3><\/div><p class=\"uagb-ifb-desc\">Cintes Decoratives en rotllos de<br><strong>100 metres<\/strong><\/p><div class=\"uagb-ifb-button-wrapper wp-block-button\"><a href=\"\/producto\/cinta-grosgrain-rollo-100-metros\/\" class=\"uagb-infobox-cta-link wp-block-button__link\" target=\"_self\" rel=\"noopener noreferrer\" onclick=\"return true;\"><span class=\"uagb-inline-editing\">Ver Opciones<\/span><svg xmlns=\"https:\/\/www.w3.org\/2000\/svg\" viewBox=\"0 0 576 512\"><path d=\"M0 24C0 10.75 10.75 0 24 0H96C107.5 0 117.4 8.19 119.6 19.51L121.1 32H312V134.1L288.1 111C279.6 101.7 264.4 101.7 255 111C245.7 120.4 245.7 135.6 255 144.1L319 208.1C328.4 218.3 343.6 218.3 352.1 208.1L416.1 144.1C426.3 135.6 426.3 120.4 416.1 111C407.6 101.7 392.4 101.7 383 111L360 134.1V32H541.8C562.1 32 578.3 52.25 572.6 72.66L518.6 264.7C514.7 278.5 502.1 288 487.8 288H170.7L179.9 336H488C501.3 336 512 346.7 512 360C512 373.3 501.3 384 488 384H159.1C148.5 384 138.6 375.8 136.4 364.5L76.14 48H24C10.75 48 0 37.25 0 24V24zM224 464C224 490.5 202.5 512 176 512C149.5 512 128 490.5 128 464C128 437.5 149.5 416 176 416C202.5 416 224 437.5 224 464zM416 464C416 437.5 437.5 416 464 416C490.5 416 512 437.5 512 464C512 490.5 490.5 512 464 512C437.5 512 416 490.5 416 464z\"><\/path><\/svg><\/a><\/div><\/div><\/div>\n<\/div>\n<\/div><\/div>\n\n\n\n<div id=\"25\" class=\"wp-block-uagb-container uagb-block-8d921052 alignfull uagb-is-root-container\"><div class=\"uagb-container-inner-blocks-wrap\">\n<div class=\"wp-block-uagb-container uagb-block-92cf64b0\">\n<div class=\"wp-block-uagb-info-box uagb-block-1e71760a uagb-infobox__content-wrap  uagb-infobox-icon-above-title uagb-infobox-image-valign-top\"><div class=\"uagb-ifb-content\"><div class=\"uagb-ifb-image-content\"><img decoding=\"async\" src=\"https:\/\/www.texgraf.com\/wp-content\/uploads\/2022\/10\/azul-medio-93-300x230.jpg\" alt=\"\" width=\"\" height=\"0\" loading=\"lazy\"\/><\/div><div class=\"uagb-ifb-separator\"><\/div><div class=\"uagb-ifb-title-wrap\"><span class=\"uagb-ifb-title-prefix\">A partir de<strong> 4,60\u20ac<\/strong><br>IVA i enviament inclosos<\/span><h3 class=\"uagb-ifb-title\">Cintas de Algod\u00f3n<\/h3><\/div><p class=\"uagb-ifb-desc\">Cintes Decoratives en rotlles de<br><strong>25 metres<\/strong><\/p><div class=\"uagb-ifb-button-wrapper wp-block-button\"><a href=\"\/producto\/cinta-de-raso-rollo-25-metros\/\" class=\"uagb-infobox-cta-link wp-block-button__link\" target=\"_self\" rel=\"noopener noreferrer\" onclick=\"return true;\"><span class=\"uagb-inline-editing\">Ver Opciones<\/span><svg xmlns=\"https:\/\/www.w3.org\/2000\/svg\" viewBox=\"0 0 576 512\"><path d=\"M0 24C0 10.75 10.75 0 24 0H96C107.5 0 117.4 8.19 119.6 19.51L121.1 32H312V134.1L288.1 111C279.6 101.7 264.4 101.7 255 111C245.7 120.4 245.7 135.6 255 144.1L319 208.1C328.4 218.3 343.6 218.3 352.1 208.1L416.1 144.1C426.3 135.6 426.3 120.4 416.1 111C407.6 101.7 392.4 101.7 383 111L360 134.1V32H541.8C562.1 32 578.3 52.25 572.6 72.66L518.6 264.7C514.7 278.5 502.1 288 487.8 288H170.7L179.9 336H488C501.3 336 512 346.7 512 360C512 373.3 501.3 384 488 384H159.1C148.5 384 138.6 375.8 136.4 364.5L76.14 48H24C10.75 48 0 37.25 0 24V24zM224 464C224 490.5 202.5 512 176 512C149.5 512 128 490.5 128 464C128 437.5 149.5 416 176 416C202.5 416 224 437.5 224 464zM416 464C416 437.5 437.5 416 464 416C490.5 416 512 437.5 512 464C512 490.5 490.5 512 464 512C437.5 512 416 490.5 416 464z\"><\/path><\/svg><\/a><\/div><\/div><\/div>\n<\/div>\n\n\n\n<div class=\"wp-block-uagb-container uagb-block-d9de3125\">\n<div class=\"wp-block-uagb-info-box uagb-block-4522064e uagb-infobox__content-wrap  uagb-infobox-icon-above-title uagb-infobox-image-valign-top\"><div class=\"uagb-ifb-content\"><div class=\"uagb-ifb-image-content\"><img decoding=\"async\" src=\"https:\/\/www.texgraf.com\/wp-content\/uploads\/2022\/10\/fucsia-82-300x230.jpg\" alt=\"\" width=\"\" height=\"0\" loading=\"lazy\"\/><\/div><div class=\"uagb-ifb-separator\"><\/div><div class=\"uagb-ifb-title-wrap\"><span class=\"uagb-ifb-title-prefix\">A partir de<strong> 4,60\u20ac<\/strong><br>IVA i enviament inclosos<\/span><h3 class=\"uagb-ifb-title\">Cintes de Ras<\/h3><\/div><p class=\"uagb-ifb-desc\">Cintes Decoratives en rotlles de<br><strong>25 metres<\/strong><\/p><div class=\"uagb-ifb-button-wrapper wp-block-button\"><a href=\"\/producto\/cinta-de-raso-rollo-25-metros\/\" class=\"uagb-infobox-cta-link wp-block-button__link\" target=\"_self\" rel=\"noopener noreferrer\" onclick=\"return true;\"><span class=\"uagb-inline-editing\">Ver Opciones<\/span><svg xmlns=\"https:\/\/www.w3.org\/2000\/svg\" viewBox=\"0 0 576 512\"><path d=\"M0 24C0 10.75 10.75 0 24 0H96C107.5 0 117.4 8.19 119.6 19.51L121.1 32H312V134.1L288.1 111C279.6 101.7 264.4 101.7 255 111C245.7 120.4 245.7 135.6 255 144.1L319 208.1C328.4 218.3 343.6 218.3 352.1 208.1L416.1 144.1C426.3 135.6 426.3 120.4 416.1 111C407.6 101.7 392.4 101.7 383 111L360 134.1V32H541.8C562.1 32 578.3 52.25 572.6 72.66L518.6 264.7C514.7 278.5 502.1 288 487.8 288H170.7L179.9 336H488C501.3 336 512 346.7 512 360C512 373.3 501.3 384 488 384H159.1C148.5 384 138.6 375.8 136.4 364.5L76.14 48H24C10.75 48 0 37.25 0 24V24zM224 464C224 490.5 202.5 512 176 512C149.5 512 128 490.5 128 464C128 437.5 149.5 416 176 416C202.5 416 224 437.5 224 464zM416 464C416 437.5 437.5 416 464 416C490.5 416 512 437.5 512 464C512 490.5 490.5 512 464 512C437.5 512 416 490.5 416 464z\"><\/path><\/svg><\/a><\/div><\/div><\/div>\n<\/div>\n\n\n\n<div class=\"wp-block-uagb-container uagb-block-2d8ebce2\">\n<div class=\"wp-block-uagb-info-box uagb-block-b6a1b17a uagb-infobox__content-wrap  uagb-infobox-icon-above-title uagb-infobox-image-valign-top\"><div class=\"uagb-ifb-content\"><div class=\"uagb-ifb-image-content\"><img decoding=\"async\" src=\"https:\/\/www.texgraf.com\/wp-content\/uploads\/2022\/10\/amarillo-32-300x230.jpg\" alt=\"\" width=\"\" height=\"0\" loading=\"lazy\"\/><\/div><div class=\"uagb-ifb-separator\"><\/div><div class=\"uagb-ifb-title-wrap\"><span class=\"uagb-ifb-title-prefix\">A partir de <strong>5,18\u20ac<\/strong><br>IVA i enviament inclosos<\/span><h3 class=\"uagb-ifb-title\">Cintes de Grosgrain<\/h3><\/div><p class=\"uagb-ifb-desc\">Cintes Decoratives en rotlles de<br><strong>25 metres<\/strong><\/p><div class=\"uagb-ifb-button-wrapper wp-block-button\"><a href=\"\/producto\/cinta-grosgrain-rollo-25-metros\/\" class=\"uagb-infobox-cta-link wp-block-button__link\" target=\"_self\" rel=\"noopener noreferrer\" onclick=\"return true;\"><span class=\"uagb-inline-editing\">Ver Opciones<\/span><svg xmlns=\"https:\/\/www.w3.org\/2000\/svg\" viewBox=\"0 0 576 512\"><path d=\"M0 24C0 10.75 10.75 0 24 0H96C107.5 0 117.4 8.19 119.6 19.51L121.1 32H312V134.1L288.1 111C279.6 101.7 264.4 101.7 255 111C245.7 120.4 245.7 135.6 255 144.1L319 208.1C328.4 218.3 343.6 218.3 352.1 208.1L416.1 144.1C426.3 135.6 426.3 120.4 416.1 111C407.6 101.7 392.4 101.7 383 111L360 134.1V32H541.8C562.1 32 578.3 52.25 572.6 72.66L518.6 264.7C514.7 278.5 502.1 288 487.8 288H170.7L179.9 336H488C501.3 336 512 346.7 512 360C512 373.3 501.3 384 488 384H159.1C148.5 384 138.6 375.8 136.4 364.5L76.14 48H24C10.75 48 0 37.25 0 24V24zM224 464C224 490.5 202.5 512 176 512C149.5 512 128 490.5 128 464C128 437.5 149.5 416 176 416C202.5 416 224 437.5 224 464zM416 464C416 437.5 437.5 416 464 416C490.5 416 512 437.5 512 464C512 490.5 490.5 512 464 512C437.5 512 416 490.5 416 464z\"><\/path><\/svg><\/a><\/div><\/div><\/div>\n<\/div>\n<\/div><\/div>\n","protected":false},"excerpt":{"rendered":"<p>Benvingut a la nostra botiga online de cintes decoratives! Aqu\u00ed trobar\u00e0s una \u00e0mplia varietat de cintes de cot\u00f3, ras i grosgrain per donar un toc especial als teus projectes. Les nostres cintes s\u00f3n d&#8217;alta qualitat i v\u00e9nen en una gran varietat de colors i dissenys perqu\u00e8 pugueu triar l&#8217;opci\u00f3 perfecta per al vostre projecte. Ja [&hellip;]<\/p>\n","protected":false},"author":1,"featured_media":0,"parent":0,"menu_order":0,"comment_status":"closed","ping_status":"closed","template":"","meta":{"_uag_custom_page_level_css":"","site-sidebar-layout":"default","site-content-layout":"plain-container","ast-site-content-layout":"normal-width-container","site-content-style":"unboxed","site-sidebar-style":"unboxed","ast-global-header-display":"","ast-banner-title-visibility":"","ast-main-header-display":"","ast-hfb-above-header-display":"","ast-hfb-below-header-display":"","ast-hfb-mobile-header-display":"","site-post-title":"disabled","ast-breadcrumbs-content":"","ast-featured-img":"","footer-sml-layout":"","ast-disable-related-posts":"","theme-transparent-header-meta":"enabled","adv-header-id-meta":"","stick-header-meta":"","header-above-stick-meta":"","header-main-stick-meta":"","header-below-stick-meta":"","astra-migrate-meta-layouts":"set","ast-page-background-enabled":"default","ast-page-background-meta":{"desktop":{"background-color":"var(--ast-global-color-4)","background-image":"","background-repeat":"repeat","background-position":"center center","background-size":"auto","background-attachment":"scroll","background-type":"","background-media":"","overlay-type":"","overlay-color":"","overlay-opacity":"","overlay-gradient":""},"tablet":{"background-color":"","background-image":"","background-repeat":"repeat","background-position":"center center","background-size":"auto","background-attachment":"scroll","background-type":"","background-media":"","overlay-type":"","overlay-color":"","overlay-opacity":"","overlay-gradient":""},"mobile":{"background-color":"","background-image":"","background-repeat":"repeat","background-position":"center center","background-size":"auto","background-attachment":"scroll","background-type":"","background-media":"","overlay-type":"","overlay-color":"","overlay-opacity":"","overlay-gradient":""}},"ast-content-background-meta":{"desktop":{"background-color":"var(--ast-global-color-5)","background-image":"","background-repeat":"repeat","background-position":"center center","background-size":"auto","background-attachment":"scroll","background-type":"","background-media":"","overlay-type":"","overlay-color":"","overlay-opacity":"","overlay-gradient":""},"tablet":{"background-color":"var(--ast-global-color-5)","background-image":"","background-repeat":"repeat","background-position":"center center","background-size":"auto","background-attachment":"scroll","background-type":"","background-media":"","overlay-type":"","overlay-color":"","overlay-opacity":"","overlay-gradient":""},"mobile":{"background-color":"var(--ast-global-color-5)","background-image":"","background-repeat":"repeat","background-position":"center center","background-size":"auto","background-attachment":"scroll","background-type":"","background-media":"","overlay-type":"","overlay-color":"","overlay-opacity":"","overlay-gradient":""}},"footnotes":""},"class_list":["post-4195","page","type-page","status-publish","hentry"],"uagb_featured_image_src":{"full":false,"thumbnail":false,"medium":false,"medium_large":false,"large":false,"1536x1536":false,"2048x2048":false,"woocommerce_thumbnail":false,"woocommerce_single":false,"woocommerce_gallery_thumbnail":false,"variation_swatches_image_size":false,"variation_swatches_tooltip_size":false},"uagb_author_info":{"display_name":"empiezapori","author_link":"https:\/\/www.texgraf.com\/ca\/author\/empiezapori\/"},"uagb_comment_info":0,"uagb_excerpt":"Benvingut a la nostra botiga online de cintes decoratives! Aqu\u00ed trobar\u00e0s una \u00e0mplia varietat de cintes de cot\u00f3, ras i grosgrain per donar un toc especial als teus projectes. Les nostres cintes s\u00f3n d&#8217;alta qualitat i v\u00e9nen en una gran varietat de colors i dissenys perqu\u00e8 pugueu triar l&#8217;opci\u00f3 perfecta per al vostre projecte. Ja&hellip;","_links":{"self":[{"href":"https:\/\/www.texgraf.com\/ca\/wp-json\/wp\/v2\/pages\/4195","targetHints":{"allow":["GET"]}}],"collection":[{"href":"https:\/\/www.texgraf.com\/ca\/wp-json\/wp\/v2\/pages"}],"about":[{"href":"https:\/\/www.texgraf.com\/ca\/wp-json\/wp\/v2\/types\/page"}],"author":[{"embeddable":true,"href":"https:\/\/www.texgraf.com\/ca\/wp-json\/wp\/v2\/users\/1"}],"replies":[{"embeddable":true,"href":"https:\/\/www.texgraf.com\/ca\/wp-json\/wp\/v2\/comments?post=4195"}],"version-history":[{"count":7,"href":"https:\/\/www.texgraf.com\/ca\/wp-json\/wp\/v2\/pages\/4195\/revisions"}],"predecessor-version":[{"id":4256,"href":"https:\/\/www.texgraf.com\/ca\/wp-json\/wp\/v2\/pages\/4195\/revisions\/4256"}],"wp:attachment":[{"href":"https:\/\/www.texgraf.com\/ca\/wp-json\/wp\/v2\/media?parent=4195"}],"curies":[{"name":"wp","href":"https:\/\/api.w.org\/{rel}","templated":true}]}}