{"id":3125,"date":"2022-10-24T17:17:32","date_gmt":"2022-10-24T15:17:32","guid":{"rendered":"https:\/\/texgraf.dissenyesplugues.com\/cintes-per-a-reclam-publicitari\/"},"modified":"2026-01-14T10:19:35","modified_gmt":"2026-01-14T09:19:35","slug":"cintes-per-a-reclam-publicitari","status":"publish","type":"page","link":"https:\/\/www.texgraf.com\/ca\/cintes-per-a-reclam-publicitari\/","title":{"rendered":"Cintes per a Reclam Publicitari"},"content":{"rendered":"\n<div class=\"wp-block-uagb-container uagb-block-754d6c15 alignfull uagb-is-root-container\"><div class=\"uagb-container__shape uagb-container__shape-bottom uagb-container__invert\" data-negative=\"false\"><svg xmlns=\"https:\/\/www.w3.org\/2000\/svg\" viewBox=\"0 0 2600 131.1\" preserveAspectRatio=\"none\"><path class=\"uagb-container__shape-fill\" d=\"M0 0L2600 0 2600 69.1 0 0z\"><\/path><path class=\"uagb-container__shape-fill\" opacity=\"0.5\" d=\"M0 0L2600 0 2600 69.1 0 69.1z\"><\/path><path class=\"uagb-container__shape-fill\" opacity=\"0.25\" d=\"M2600 0L0 0 0 130.1 2600 69.1z\"><\/path><\/svg><\/div><div class=\"uagb-container-inner-blocks-wrap\">\n<div class=\"wp-block-uagb-container uagb-block-0989a721\">\n<div class=\"wp-block-uagb-info-box uagb-block-f4da1a26 uagb-infobox__content-wrap  uagb-infobox-icon-above-title uagb-infobox-image-valign-top\"><div class=\"uagb-ifb-content\"><div class=\"uagb-ifb-title-wrap\"><h1 class=\"uagb-ifb-title\">Cintes per a Acreditacions i Reclam Publicitari<\/h1><\/div><p class=\"uagb-ifb-desc\">Polseres i Lanyards<\/p><div class=\"uagb-ifb-button-wrapper wp-block-button\"><a href=\"tel:+34937361436\" class=\"uagb-infobox-cta-link wp-block-button__link\" target=\"_self\" rel=\"noopener noreferrer\" onclick=\"return true;\"><span class=\"uagb-inline-editing\">Truca&#8217;ns +34 93 736 14 36<\/span><\/a><\/div><\/div><\/div>\n\n\n\n<div class=\"wp-block-uagb-buttons uagb-buttons__outer-wrap uagb-btn__default-btn uagb-btn-tablet__default-btn uagb-btn-mobile__default-btn uagb-block-b353bd99\"><div class=\"uagb-buttons__wrap uagb-buttons-layout-wrap \">\n<div class=\"wp-block-uagb-buttons-child uagb-buttons__outer-wrap uagb-block-ba94ad04 wp-block-button is-style-outline\"><div class=\"uagb-button__wrapper\"><a class=\"uagb-buttons-repeater wp-block-button__link\" aria-label=\"\" href=\"https:\/\/www.texgraf.com\/ca\/tienda-online-de-cintas-decorativas\/\" rel=\"follow noopener\" target=\"_self\" role=\"button\"><div class=\"uagb-button__link\">Comprar Cintes Online<\/div><\/a><\/div><\/div>\n<\/div><\/div>\n<\/div>\n\n\n\n<div class=\"wp-block-uagb-container uagb-block-ba36cb85\">\n<div class=\"wp-block-contact-form-7-contact-form-selector\">\n<div class=\"wpcf7 no-js\" id=\"wpcf7-f3258-o1\" lang=\"ca\" dir=\"ltr\" data-wpcf7-id=\"3258\">\n<div class=\"screen-reader-response\"><p role=\"status\" aria-live=\"polite\" aria-atomic=\"true\"><\/p> <ul><\/ul><\/div>\n<form action=\"\/ca\/wp-json\/wp\/v2\/pages\/3125#wpcf7-f3258-o1\" method=\"post\" class=\"wpcf7-form init\" aria-label=\"Formulari de contacte\" novalidate=\"novalidate\" data-status=\"init\">\n<fieldset class=\"hidden-fields-container\"><input type=\"hidden\" name=\"_wpcf7\" value=\"3258\" \/><input type=\"hidden\" name=\"_wpcf7_version\" value=\"6.1.5\" \/><input type=\"hidden\" name=\"_wpcf7_locale\" value=\"ca\" \/><input type=\"hidden\" name=\"_wpcf7_unit_tag\" value=\"wpcf7-f3258-o1\" \/><input type=\"hidden\" name=\"_wpcf7_container_post\" value=\"0\" \/><input type=\"hidden\" name=\"_wpcf7_posted_data_hash\" value=\"\" \/><input type=\"hidden\" name=\"_wpcf7_recaptcha_response\" value=\"\" \/>\n<\/fieldset>\n<p><label><span class=\"wpcf7-form-control-wrap\" data-name=\"nombre\"><input size=\"40\" maxlength=\"400\" class=\"wpcf7-form-control wpcf7-text wpcf7-validates-as-required\" aria-required=\"true\" aria-invalid=\"false\" placeholder=\"*Nom\" value=\"\" type=\"text\" name=\"nombre\" \/><\/span> <\/label><br \/>\n<label><span class=\"wpcf7-form-control-wrap\" data-name=\"email\"><input size=\"40\" maxlength=\"400\" class=\"wpcf7-form-control wpcf7-email wpcf7-validates-as-required wpcf7-text wpcf7-validates-as-email\" aria-required=\"true\" aria-invalid=\"false\" placeholder=\"*Correu Electr\u00f2nic\" value=\"\" type=\"email\" name=\"email\" \/><\/span> <\/label><br \/>\n<label><span class=\"wpcf7-form-control-wrap\" data-name=\"telefono\"><input size=\"40\" maxlength=\"13\" minlength=\"9\" class=\"wpcf7-form-control wpcf7-tel wpcf7-validates-as-required wpcf7-text wpcf7-validates-as-tel\" aria-required=\"true\" aria-invalid=\"false\" placeholder=\"*Tel\u00e8fon\" value=\"\" type=\"tel\" name=\"telefono\" \/><\/span><\/label><br \/>\n<label><span class=\"wpcf7-form-control-wrap\" data-name=\"cp\"><input size=\"40\" maxlength=\"400\" class=\"wpcf7-form-control wpcf7-text\" aria-invalid=\"false\" placeholder=\"Codi Postal\" value=\"\" type=\"text\" name=\"cp\" \/><\/span><\/label><br \/>\nEstic interessat en:<br \/>\n<span class=\"wpcf7-form-control-wrap\" data-name=\"interesado\"><select class=\"wpcf7-form-control wpcf7-select wpcf7-validates-as-required\" aria-required=\"true\" aria-invalid=\"false\" name=\"interesado\"><option value=\"Cintes per Packaging\">Cintes per Packaging<\/option><option value=\"Cintes per Acreditaciones\">Cintes per Acreditaciones<\/option><option value=\"Cintes per pulseras\">Cintes per pulseras<\/option><option value=\"Estampaci\u00f3 petites quantitas\">Estampaci\u00f3 petites quantitas<\/option><option value=\"Barrets Personalizats\">Barrets Personalizats<\/option><option value=\"Pulseres Tyvek personalizables\">Pulseres Tyvek personalizables<\/option><option value=\"Altres\">Altres<\/option><\/select><\/span><br \/>\n<span class=\"wpcf7-form-control-wrap\" data-name=\"acepto\"><span class=\"wpcf7-form-control wpcf7-acceptance\"><span class=\"wpcf7-list-item\"><label><input type=\"checkbox\" name=\"acepto\" value=\"1\" aria-invalid=\"false\" \/><span class=\"wpcf7-list-item-label\">He llegit i accepto la <a href=\"https:\/\/www.texgraf.com\/politica-de-privacidad\/\" target=\"blank\">Pol\u00edtica de privadesa.<\/a><\/span><\/label><\/span><\/span><\/span><br \/>\n<input class=\"wpcf7-form-control wpcf7-submit has-spinner\" type=\"submit\" value=\"Enviar\" \/>\n<\/p><div class=\"wpcf7-response-output\" aria-hidden=\"true\"><\/div>\n<\/form>\n<\/div>\n<\/div>\n<\/div>\n<\/div><\/div>\n\n<div class=\"wp-block-uagb-container uagb-block-56e18fc5 alignwide uagb-is-root-container\">\n<div class=\"wp-block-uagb-container uagb-block-94a557c1\">\n<div class=\"wp-block-uagb-info-box uagb-block-f480f38d uagb-infobox__content-wrap  uagb-infobox-icon-above-title uagb-infobox-image-valign-top\"><div class=\"uagb-ifb-content\"><div class=\"uagb-ifb-image-content\"><img decoding=\"async\" src=\"https:\/\/www.texgraf.com\/wp-content\/uploads\/2023\/04\/pulsera-acreditacion-mockup-300x239.png\" alt=\"\" width=\"400\" height=\"318\" loading=\"lazy\"\/><\/div><div class=\"uagb-ifb-title-wrap\"><h3 class=\"uagb-ifb-title\"><a href=\"https:\/\/www.texgraf.com\/ca\/polseres-personalitzades-per-a-esdeveniments\/\">Polseres Personalitzades Control d&#8217;Accessos<\/a><\/h3><\/div><p class=\"uagb-ifb-desc\">Les cintes personalitzades s\u00f3n una excel\u00b7lent opci\u00f3 per afegir un toc d&#8217;eleg\u00e0ncia i personalitzaci\u00f3 als enviaments i packaging. Disponibles en diferents acabats d&#8217;impressi\u00f3: serigrafia, serigrafia 3D, metal\u00b7litzats, sublimaci\u00f3 i stamping.<\/p><div class=\"uagb-ifb-button-wrapper wp-block-button\"><a href=\"\/pulseras-personalizadas\/\" class=\"uagb-infobox-cta-link wp-block-button__link\" target=\"_self\" rel=\"noopener noreferrer\" onclick=\"return true;\"><span class=\"uagb-inline-editing\">M\u00e9s informaci\u00f3<\/span><\/a><\/div><\/div><\/div>\n<\/div>\n\n\n\n<div class=\"wp-block-uagb-container uagb-block-fe8d8ac1\">\n<div class=\"wp-block-uagb-info-box uagb-block-eee3b1bb uagb-infobox__content-wrap  uagb-infobox-icon-above-title uagb-infobox-image-valign-top\"><div class=\"uagb-ifb-content\"><div class=\"uagb-ifb-image-content\"><img decoding=\"async\" src=\"https:\/\/www.texgraf.com\/wp-content\/uploads\/2023\/03\/texgraf-lanyard-publicidad-300x239.png\" alt=\"\" width=\"400\" height=\"318\" loading=\"lazy\"\/><\/div><div class=\"uagb-ifb-title-wrap\"><h3 class=\"uagb-ifb-title\"><a href=\"https:\/\/www.texgraf.com\/ca\/lanyard-personalitzat\/\">Lanyards personalitzats i Cintes per a acreditacions<\/a><\/h3><\/div><p class=\"uagb-ifb-desc\">Les cintes personalitzades s\u00f3n una excel\u00b7lent eina per promocionar la teva marca o empresa. Aquestes cintes poden ser personalitzades amb el teu logotip o disseny per crear un reclam publicitari efectiu.<\/p><div class=\"uagb-ifb-button-wrapper wp-block-button\"><a href=\"&lt;!--[CDATA[\/lanyard-personalizado\/]]--&gt;\" class=\"uagb-infobox-cta-link wp-block-button__link\" target=\"_self\" rel=\"noopener noreferrer\" onclick=\"return true;\"><span class=\"uagb-inline-editing\">M\u00e9s informaci\u00f3<\/span><\/a><\/div><\/div><\/div>\n<\/div>\n\n\n\n<div class=\"wp-block-uagb-container uagb-block-c0fa0627\">\n<div class=\"wp-block-uagb-info-box uagb-block-869ada74 uagb-infobox__content-wrap  uagb-infobox-icon-above-title uagb-infobox-image-valign-top\"><div class=\"uagb-ifb-content\"><div class=\"uagb-ifb-image-content\"><img decoding=\"async\" src=\"https:\/\/www.texgraf.com\/wp-content\/uploads\/2026\/01\/tyvek-300x226.png\" alt=\"\" width=\"400\" height=\"301\" loading=\"lazy\"\/><\/div><div class=\"uagb-ifb-title-wrap\"><h3 class=\"uagb-ifb-title\"><a href=\"https:\/\/www.texgraf.com\/ca\/polseres-tyvek-personalitzables\/\" data-type=\"page\" data-id=\"4044\">Pulseres de paper Tyvek <\/a><br\/><a href=\"https:\/\/www.texgraf.com\/ca\/polseres-tyvek-personalitzables\/\" data-type=\"page\" data-id=\"4044\">personalizades<\/a><\/h3><\/div><p class=\"uagb-ifb-desc\">Les polseres de paper Tyvek personalitzables s\u00f3n una soluci\u00f3 pr\u00e0ctica, resistent i efica\u00e7 per al control d&#8217;acc\u00e9s a tot tipus d&#8217;esdeveniments. Ofereixen un alt nivell de seguretat, gran durabilitat i m\u00faltiples opcions de personalitzaci\u00f3 <\/p><div class=\"uagb-ifb-button-wrapper wp-block-button\"><a href=\"https:\/\/www.texgraf.com\/ca\/polseres-tyvek-personalitzables\/\" class=\"uagb-infobox-cta-link wp-block-button__link\" target=\"_self\" rel=\"noopener noreferrer\" onclick=\"return true;\"><span class=\"uagb-inline-editing\">M\u00e9s informaci\u00f3<\/span><\/a><\/div><\/div><\/div>\n<\/div>\n<\/div>\n\n<div class=\"wp-block-uagb-container uagb-block-3b1c0f69 alignfull uagb-is-root-container\"><div class=\"uagb-container-inner-blocks-wrap\">\n<div class=\"wp-block-uagb-container uagb-block-fde6203a\">\n<div class=\"wp-block-uagb-advanced-heading uagb-block-388683f9\"><h3 class=\"uagb-heading-text\">Polseres i Lanyards personalitzats per a Control d&#8217;Accessos d&#8217;esdeveniments esportius, musicals, c\u00e0mpings, hotels, fires\u2026<\/h3><div class=\"uagb-separator\"><\/div><\/div>\n\n\n\n<p class=\"has-text-align-center\">A TEXGRAF som fabricants de polseres, les podem imprimir en serigrafia, serigrafia 3D, sublimaci\u00f3, estampaci\u00f3 i amb acabats met\u00e0l\u00b7lics.<\/p>\n<\/div>\n<\/div><\/div>\n\n<div class=\"wp-block-uagb-container uagb-block-49c6c6f8 alignfull uagb-is-root-container\"><div class=\"uagb-container__video-wrap\"><video autoplay=\"\" loop=\"\" muted=\"\" playsinline=\"\"><source src=\"https:\/\/www.texgraf.com\/wp-content\/uploads\/2023\/03\/texgraf-cintas-personalizadas-video.mp4\" type=\"video\/mp4\"\/><\/video><\/div><div class=\"uagb-container-inner-blocks-wrap\"><\/div><\/div>\n\n<div class=\"wp-block-uagb-advanced-heading uagb-block-d7f3ce2e\"><h3 class=\"uagb-heading-text\">Opcions d&#8217;Impressi\u00f3 de Cintes Personalitzades<\/h3><div class=\"uagb-separator\"><\/div><\/div>\n\n<div class=\"wp-block-uagb-container uagb-block-3649dd4a alignfull uagb-is-root-container\"><div class=\"uagb-container-inner-blocks-wrap\">\n<div class=\"wp-block-uagb-container uagb-block-4254d16c\">\n<div class=\"wp-block-uagb-info-box uagb-block-5ad5dd49 uagb-infobox__content-wrap  uagb-infobox-icon-above-title uagb-infobox-image-valign-top\"><div class=\"uagb-ifb-content\"><div class=\"uagb-ifb-image-content\"><img decoding=\"async\" src=\"https:\/\/www.texgraf.com\/wp-content\/uploads\/2023\/03\/TEXGRAF-SERIGRAFIA.jpg\" alt=\"\" width=\"\" height=\"0\" loading=\"lazy\"\/><\/div><div class=\"uagb-ifb-title-wrap\"><span class=\"uagb-ifb-title-prefix\">impressi\u00f3<\/span><h3 class=\"uagb-ifb-title\">Serigrafia<\/h3><\/div><p class=\"uagb-ifb-desc\">\u00c9s la nostra especialitat, es poden aplicar fins a quatre colors amb un acabat de gran qualitat. T\u00e9 una resist\u00e8ncia absoluta a la rentada i disposem de multitud de tintes per a cada tipus d&#8217;aplicaci\u00f3 que hagi de suportar la cinta.<\/p><div class=\"uagb-ifb-button-wrapper wp-block-button\"><a href=\"https:\/\/www.texgraf.com\/ca\/cintes-dembalatge-personalitzades-per-a-estoigs-i-packaging\/#serigrafia\" class=\"uagb-infobox-cta-link wp-block-button__link\" target=\"_self\" rel=\"noopener noreferrer\" onclick=\"return true;\"><span class=\"uagb-inline-editing\">M\u00e9s informaci\u00f3.<\/span><svg xmlns=\"https:\/\/www.w3.org\/2000\/svg\" viewbox=\"0 0 512 512\"><path d=\"M504.3 273.6l-112.1 104c-6.992 6.484-17.18 8.218-25.94 4.406c-8.758-3.812-14.42-12.45-14.42-21.1L351.9 288H32C14.33 288 .0002 273.7 .0002 255.1S14.33 224 32 224h319.9l0-72c0-9.547 5.66-18.19 14.42-22c8.754-3.809 18.95-2.075 25.94 4.41l112.1 104C514.6 247.9 514.6 264.1 504.3 273.6z\"><\/path><\/svg><\/a><\/div><\/div><\/div>\n<\/div>\n\n\n\n<div class=\"wp-block-uagb-container uagb-block-4e5c6e88\">\n<div class=\"wp-block-uagb-info-box uagb-block-63d4665d uagb-infobox__content-wrap  uagb-infobox-icon-above-title uagb-infobox-image-valign-top\"><div class=\"uagb-ifb-content\"><div class=\"uagb-ifb-image-content\"><img decoding=\"async\" src=\"https:\/\/www.texgraf.com\/wp-content\/uploads\/2023\/03\/TEXGRAF-METALIZADOS.jpg\" alt=\"\" width=\"\" height=\"0\" loading=\"lazy\"\/><\/div><div class=\"uagb-ifb-title-wrap\"><span class=\"uagb-ifb-title-prefix\">impressi\u00f3<\/span><h3 class=\"uagb-ifb-title\">Metal\u00b7litzats<\/h3><\/div><p class=\"uagb-ifb-desc\">Creem l&#8217;efecte d&#8217;una <strong>brillantor met\u00e0l\u00b7lica<\/strong> sobre qualsevol tipus de logotip, es pot aplicar amb relleu o sense, i disposem de diversos colors, aix\u00ed com efectes hologr\u00e0fics o iridiscents.<\/p><div class=\"uagb-ifb-button-wrapper wp-block-button\"><a href=\"https:\/\/www.texgraf.com\/ca\/cintes-dembalatge-personalitzades-per-a-estoigs-i-packaging\/#metalizados\" class=\"uagb-infobox-cta-link wp-block-button__link\" target=\"_self\" rel=\"noopener noreferrer\" onclick=\"return true;\"><span class=\"uagb-inline-editing\">M\u00e9s informaci\u00f3.<\/span><svg xmlns=\"https:\/\/www.w3.org\/2000\/svg\" viewbox=\"0 0 512 512\"><path d=\"M504.3 273.6l-112.1 104c-6.992 6.484-17.18 8.218-25.94 4.406c-8.758-3.812-14.42-12.45-14.42-21.1L351.9 288H32C14.33 288 .0002 273.7 .0002 255.1S14.33 224 32 224h319.9l0-72c0-9.547 5.66-18.19 14.42-22c8.754-3.809 18.95-2.075 25.94 4.41l112.1 104C514.6 247.9 514.6 264.1 504.3 273.6z\"><\/path><\/svg><\/a><\/div><\/div><\/div>\n<\/div>\n\n\n\n<div class=\"wp-block-uagb-container uagb-block-5fc4dfed\">\n<div class=\"wp-block-uagb-info-box uagb-block-9a4ce51f uagb-infobox__content-wrap  uagb-infobox-icon-above-title uagb-infobox-image-valign-top\"><div class=\"uagb-ifb-content\"><div class=\"uagb-ifb-image-content\"><img decoding=\"async\" src=\"https:\/\/www.texgraf.com\/wp-content\/uploads\/2023\/03\/TEXGRAF-SUBLIMACION.jpg\" alt=\"\" width=\"\" height=\"0\" loading=\"lazy\"\/><\/div><div class=\"uagb-ifb-title-wrap\"><span class=\"uagb-ifb-title-prefix\">impressi\u00f3<\/span><h3 class=\"uagb-ifb-title\">Sublimaci\u00f3<\/h3><\/div><p class=\"uagb-ifb-desc\">\u00c9s sens dubte un dels acabats <strong>m\u00e9s espectaculars<\/strong> , a trav\u00e9s de la creaci\u00f3 d&#8217;una <strong>base digital<\/strong> , aconseguim una <strong>qualitat fotogr\u00e0fica<\/strong> sobre la cinta, <strong>sense l\u00edmit de colors<\/strong> ni rapport, la resist\u00e8ncia al rentat \u00e9s <strong>absoluta<\/strong> i <strong>mant\u00e9 les propietats de la cinta<\/strong> , tant al tacte com a l&#8217;elasticitat.<\/p><div class=\"uagb-ifb-button-wrapper wp-block-button\"><a href=\"https:\/\/www.texgraf.com\/ca\/cintes-dembalatge-personalitzades-per-a-estoigs-i-packaging\/#sublimacion\" class=\"uagb-infobox-cta-link wp-block-button__link\" target=\"_self\" rel=\"noopener noreferrer\" onclick=\"return true;\"><span class=\"uagb-inline-editing\">M\u00e9s informaci\u00f3.<\/span><svg xmlns=\"https:\/\/www.w3.org\/2000\/svg\" viewbox=\"0 0 512 512\"><path d=\"M504.3 273.6l-112.1 104c-6.992 6.484-17.18 8.218-25.94 4.406c-8.758-3.812-14.42-12.45-14.42-21.1L351.9 288H32C14.33 288 .0002 273.7 .0002 255.1S14.33 224 32 224h319.9l0-72c0-9.547 5.66-18.19 14.42-22c8.754-3.809 18.95-2.075 25.94 4.41l112.1 104C514.6 247.9 514.6 264.1 504.3 273.6z\"><\/path><\/svg><\/a><\/div><\/div><\/div>\n<\/div>\n<\/div><\/div>\n","protected":false},"excerpt":{"rendered":"<p>Polseres i Lanyards personalitzats per a Control d&#8217;Accessos d&#8217;esdeveniments esportius, musicals, c\u00e0mpings, hotels, fires\u2026 A TEXGRAF som fabricants de polseres, les podem imprimir en serigrafia, serigrafia 3D, sublimaci\u00f3, estampaci\u00f3 i amb acabats met\u00e0l\u00b7lics. Opcions d&#8217;Impressi\u00f3 de Cintes Personalitzades<\/p>\n","protected":false},"author":1,"featured_media":0,"parent":0,"menu_order":0,"comment_status":"closed","ping_status":"closed","template":"","meta":{"_uag_custom_page_level_css":"","site-sidebar-layout":"no-sidebar","site-content-layout":"plain-container","ast-site-content-layout":"normal-width-container","site-content-style":"unboxed","site-sidebar-style":"unboxed","ast-global-header-display":"","ast-banner-title-visibility":"","ast-main-header-display":"","ast-hfb-above-header-display":"","ast-hfb-below-header-display":"","ast-hfb-mobile-header-display":"","site-post-title":"disabled","ast-breadcrumbs-content":"","ast-featured-img":"","footer-sml-layout":"","ast-disable-related-posts":"","theme-transparent-header-meta":"enabled","adv-header-id-meta":"","stick-header-meta":"","header-above-stick-meta":"","header-main-stick-meta":"","header-below-stick-meta":"","astra-migrate-meta-layouts":"set","ast-page-background-enabled":"default","ast-page-background-meta":{"desktop":{"background-color":"var(--ast-global-color-4)","background-image":"","background-repeat":"repeat","background-position":"center center","background-size":"auto","background-attachment":"scroll","background-type":"","background-media":"","overlay-type":"","overlay-color":"","overlay-opacity":"","overlay-gradient":""},"tablet":{"background-color":"","background-image":"","background-repeat":"repeat","background-position":"center center","background-size":"auto","background-attachment":"scroll","background-type":"","background-media":"","overlay-type":"","overlay-color":"","overlay-opacity":"","overlay-gradient":""},"mobile":{"background-color":"","background-image":"","background-repeat":"repeat","background-position":"center center","background-size":"auto","background-attachment":"scroll","background-type":"","background-media":"","overlay-type":"","overlay-color":"","overlay-opacity":"","overlay-gradient":""}},"ast-content-background-meta":{"desktop":{"background-color":"var(--ast-global-color-5)","background-image":"","background-repeat":"repeat","background-position":"center center","background-size":"auto","background-attachment":"scroll","background-type":"","background-media":"","overlay-type":"","overlay-color":"","overlay-opacity":"","overlay-gradient":""},"tablet":{"background-color":"var(--ast-global-color-5)","background-image":"","background-repeat":"repeat","background-position":"center center","background-size":"auto","background-attachment":"scroll","background-type":"","background-media":"","overlay-type":"","overlay-color":"","overlay-opacity":"","overlay-gradient":""},"mobile":{"background-color":"var(--ast-global-color-5)","background-image":"","background-repeat":"repeat","background-position":"center center","background-size":"auto","background-attachment":"scroll","background-type":"","background-media":"","overlay-type":"","overlay-color":"","overlay-opacity":"","overlay-gradient":""}},"footnotes":""},"class_list":["post-3125","page","type-page","status-publish","hentry"],"uagb_featured_image_src":{"full":false,"thumbnail":false,"medium":false,"medium_large":false,"large":false,"1536x1536":false,"2048x2048":false,"woocommerce_thumbnail":false,"woocommerce_single":false,"woocommerce_gallery_thumbnail":false,"variation_swatches_image_size":false,"variation_swatches_tooltip_size":false},"uagb_author_info":{"display_name":"empiezapori","author_link":"https:\/\/www.texgraf.com\/ca\/author\/empiezapori\/"},"uagb_comment_info":0,"uagb_excerpt":"Polseres i Lanyards personalitzats per a Control d&#8217;Accessos d&#8217;esdeveniments esportius, musicals, c\u00e0mpings, hotels, fires\u2026 A TEXGRAF som fabricants de polseres, les podem imprimir en serigrafia, serigrafia 3D, sublimaci\u00f3, estampaci\u00f3 i amb acabats met\u00e0l\u00b7lics. Opcions d&#8217;Impressi\u00f3 de Cintes Personalitzades","_links":{"self":[{"href":"https:\/\/www.texgraf.com\/ca\/wp-json\/wp\/v2\/pages\/3125","targetHints":{"allow":["GET"]}}],"collection":[{"href":"https:\/\/www.texgraf.com\/ca\/wp-json\/wp\/v2\/pages"}],"about":[{"href":"https:\/\/www.texgraf.com\/ca\/wp-json\/wp\/v2\/types\/page"}],"author":[{"embeddable":true,"href":"https:\/\/www.texgraf.com\/ca\/wp-json\/wp\/v2\/users\/1"}],"replies":[{"embeddable":true,"href":"https:\/\/www.texgraf.com\/ca\/wp-json\/wp\/v2\/comments?post=3125"}],"version-history":[{"count":10,"href":"https:\/\/www.texgraf.com\/ca\/wp-json\/wp\/v2\/pages\/3125\/revisions"}],"predecessor-version":[{"id":4250,"href":"https:\/\/www.texgraf.com\/ca\/wp-json\/wp\/v2\/pages\/3125\/revisions\/4250"}],"wp:attachment":[{"href":"https:\/\/www.texgraf.com\/ca\/wp-json\/wp\/v2\/media?parent=3125"}],"curies":[{"name":"wp","href":"https:\/\/api.w.org\/{rel}","templated":true}]}}