{"id":3119,"date":"2022-10-24T17:00:18","date_gmt":"2022-10-24T15:00:18","guid":{"rendered":"https:\/\/texgraf.dissenyesplugues.com\/cintes-de-balisament\/"},"modified":"2024-02-14T12:06:24","modified_gmt":"2024-02-14T11:06:24","slug":"cintes-de-balisament","status":"publish","type":"page","link":"https:\/\/www.texgraf.com\/ca\/cintes-de-balisament\/","title":{"rendered":"Cintes de Balisament"},"content":{"rendered":"\n<div class=\"wp-block-uagb-container uagb-block-223913c0 alignfull uagb-is-root-container\"><div class=\"uagb-container__shape uagb-container__shape-bottom uagb-container__invert\" data-negative=\"false\"><svg xmlns=\"https:\/\/www.w3.org\/2000\/svg\" viewBox=\"0 0 2600 131.1\" preserveAspectRatio=\"none\"><path class=\"uagb-container__shape-fill\" d=\"M0 0L2600 0 2600 69.1 0 0z\"><\/path><path class=\"uagb-container__shape-fill\" opacity=\"0.5\" d=\"M0 0L2600 0 2600 69.1 0 69.1z\"><\/path><path class=\"uagb-container__shape-fill\" opacity=\"0.25\" d=\"M2600 0L0 0 0 130.1 2600 69.1z\"><\/path><\/svg><\/div><div class=\"uagb-container-inner-blocks-wrap\">\n<div class=\"wp-block-uagb-container uagb-block-b39ea550\">\n<div class=\"wp-block-uagb-info-box uagb-block-f5b9692e uagb-infobox__content-wrap  uagb-infobox-icon-above-title uagb-infobox-image-valign-top\"><div class=\"uagb-ifb-content\"><div class=\"uagb-ifb-title-wrap\"><h1 class=\"uagb-ifb-title\">Cintes de Balisament Personalitzades<\/h1><\/div><p class=\"uagb-ifb-desc\">Les cintes d&#8217;abalisament o cintes de senyalitzaci\u00f3 s\u00f3n perfectes per delimitar les zones que s\u00f3n accessibles al p\u00fablic als comer\u00e7os. Poden utilitzar-se per prohibir el pas a les zones restringides per aforament.<\/p><div class=\"uagb-ifb-button-wrapper wp-block-button\"><a href=\"tel:+34937361436\" class=\"uagb-infobox-cta-link wp-block-button__link\" target=\"_self\" rel=\"noopener noreferrer\" onclick=\"return true;\" alt=\"\"><span class=\"uagb-inline-editing\">Truca&#8217;ns +34 93 736 14 36<\/span><\/a><\/div><\/div><\/div>\n<\/div>\n\n\n\n<div class=\"wp-block-uagb-container uagb-block-168dbf53\">\n<div class=\"wp-block-contact-form-7-contact-form-selector\">\n<div class=\"wpcf7 no-js\" id=\"wpcf7-f3258-o1\" lang=\"ca\" dir=\"ltr\" data-wpcf7-id=\"3258\">\n<div class=\"screen-reader-response\"><p role=\"status\" aria-live=\"polite\" aria-atomic=\"true\"><\/p> <ul><\/ul><\/div>\n<form action=\"\/ca\/wp-json\/wp\/v2\/pages\/3119#wpcf7-f3258-o1\" method=\"post\" class=\"wpcf7-form init\" aria-label=\"Formulari de contacte\" novalidate=\"novalidate\" data-status=\"init\">\n<fieldset class=\"hidden-fields-container\"><input type=\"hidden\" name=\"_wpcf7\" value=\"3258\" \/><input type=\"hidden\" name=\"_wpcf7_version\" value=\"6.1.5\" \/><input type=\"hidden\" name=\"_wpcf7_locale\" value=\"ca\" \/><input type=\"hidden\" name=\"_wpcf7_unit_tag\" value=\"wpcf7-f3258-o1\" \/><input type=\"hidden\" name=\"_wpcf7_container_post\" value=\"0\" \/><input type=\"hidden\" name=\"_wpcf7_posted_data_hash\" value=\"\" \/><input type=\"hidden\" name=\"_wpcf7_recaptcha_response\" value=\"\" \/>\n<\/fieldset>\n<p><label><span class=\"wpcf7-form-control-wrap\" data-name=\"nombre\"><input size=\"40\" maxlength=\"400\" class=\"wpcf7-form-control wpcf7-text wpcf7-validates-as-required\" aria-required=\"true\" aria-invalid=\"false\" placeholder=\"*Nom\" value=\"\" type=\"text\" name=\"nombre\" \/><\/span> <\/label><br \/>\n<label><span class=\"wpcf7-form-control-wrap\" data-name=\"email\"><input size=\"40\" maxlength=\"400\" class=\"wpcf7-form-control wpcf7-email wpcf7-validates-as-required wpcf7-text wpcf7-validates-as-email\" aria-required=\"true\" aria-invalid=\"false\" placeholder=\"*Correu Electr\u00f2nic\" value=\"\" type=\"email\" name=\"email\" \/><\/span> <\/label><br \/>\n<label><span class=\"wpcf7-form-control-wrap\" data-name=\"telefono\"><input size=\"40\" maxlength=\"13\" minlength=\"9\" class=\"wpcf7-form-control wpcf7-tel wpcf7-validates-as-required wpcf7-text wpcf7-validates-as-tel\" aria-required=\"true\" aria-invalid=\"false\" placeholder=\"*Tel\u00e8fon\" value=\"\" type=\"tel\" name=\"telefono\" \/><\/span><\/label><br \/>\n<label><span class=\"wpcf7-form-control-wrap\" data-name=\"cp\"><input size=\"40\" maxlength=\"400\" class=\"wpcf7-form-control wpcf7-text\" aria-invalid=\"false\" placeholder=\"Codi Postal\" value=\"\" type=\"text\" name=\"cp\" \/><\/span><\/label><br \/>\nEstic interessat en:<br \/>\n<span class=\"wpcf7-form-control-wrap\" data-name=\"interesado\"><select class=\"wpcf7-form-control wpcf7-select wpcf7-validates-as-required\" aria-required=\"true\" aria-invalid=\"false\" name=\"interesado\"><option value=\"Cintes per Packaging\">Cintes per Packaging<\/option><option value=\"Cintes per Acreditaciones\">Cintes per Acreditaciones<\/option><option value=\"Cintes per pulseras\">Cintes per pulseras<\/option><option value=\"Estampaci\u00f3 petites quantitas\">Estampaci\u00f3 petites quantitas<\/option><option value=\"Barrets Personalizats\">Barrets Personalizats<\/option><option value=\"Pulseres Tyvek personalizables\">Pulseres Tyvek personalizables<\/option><option value=\"Altres\">Altres<\/option><\/select><\/span><br \/>\n<span class=\"wpcf7-form-control-wrap\" data-name=\"acepto\"><span class=\"wpcf7-form-control wpcf7-acceptance\"><span class=\"wpcf7-list-item\"><label><input type=\"checkbox\" name=\"acepto\" value=\"1\" aria-invalid=\"false\" \/><span class=\"wpcf7-list-item-label\">He llegit i accepto la <a href=\"https:\/\/www.texgraf.com\/politica-de-privacidad\/\" target=\"blank\">Pol\u00edtica de privadesa.<\/a><\/span><\/label><\/span><\/span><\/span><br \/>\n<input class=\"wpcf7-form-control wpcf7-submit has-spinner\" type=\"submit\" value=\"Enviar\" \/>\n<\/p><div class=\"wpcf7-response-output\" aria-hidden=\"true\"><\/div>\n<\/form>\n<\/div>\n<\/div>\n<\/div>\n<\/div><\/div>\n\n<div class=\"wp-block-uagb-container uagb-block-692b6869 alignfull uagb-is-root-container\"><div class=\"uagb-container-inner-blocks-wrap\">\n<div class=\"wp-block-uagb-advanced-heading uagb-block-627b3d11\"><h3 class=\"uagb-heading-text\">Personalitzem Cintes de Balisament<\/h3><div class=\"uagb-separator\"><\/div><\/div>\n\n\n\n<p class=\"has-text-align-center\">La cinta de balisa o cinta de senyalitzaci\u00f3 \u00e9s la forma m\u00e9s r\u00e0pida i econ\u00f2mica de delimitar l&#8217;\u00e0rea, garantir la seguretat i brindar suport publicitari, ja que pot personalitzar la cinta amb el logotip del client, i pot imprimir la lletra en diversos colors i en un sol color. Marca o senyal banda. Temps o dues cares segons les necessitats del client.<\/p>\n\n\n\n<p class=\"has-text-align-center\">Quan hagueu seleccionat el seu ulleres favorit, afegiu el vostre estil personalitzat en el nostre estudi de disseny. Podeu afegir el vostre nom, t\u00edtol, logotip i nom de l&#8217;empresa al cord\u00f3 impr\u00e8s. Aleshores donarem vida al seu disseny. La vostra cinta amb nom personalitzada estar\u00e0 a punt per utilitzar.<\/p>\n<\/div><\/div>\n\n<div class=\"wp-block-uagb-container uagb-block-52d35ae1 alignfull uagb-is-root-container\"><div class=\"uagb-container__shape uagb-container__shape-top\"><svg xmlns=\"https:\/\/www.w3.org\/2000\/svg\" viewBox=\"0 0 1000 100\" preserveAspectRatio=\"none\"><path class=\"uagb-container__shape-fill\" d=\"M421.9,6.5c22.6-2.5,51.5,0.4,75.5,5.3c23.6,4.9,70.9,23.5,100.5,35.7c75.8,32.2,133.7,44.5,192.6,49.7  c23.6,2.1,48.7,3.5,103.4-2.5c54.7-6,106.2-25.6,106.2-25.6V0H0v30.3c0,0,72,32.6,158.4,30.5c39.2-0.7,92.8-6.7,134-22.4  c21.2-8.1,52.2-18.2,79.7-24.2C399.3,7.9,411.6,7.5,421.9,6.5z\"><\/path><\/svg><\/div><div class=\"uagb-container-inner-blocks-wrap\">\n<div class=\"wp-block-uagb-container uagb-block-9f45aec2\">\n<div class=\"wp-block-uagb-image uagb-block-942d1612 wp-block-uagb-image--layout-default wp-block-uagb-image--effect-static wp-block-uagb-image--align-none\"><figure class=\"wp-block-uagb-image__figure\"><img decoding=\"async\" srcset=\"https:\/\/www.texgraf.com\/wp-content\/uploads\/2022\/10\/texgraf-cintas-de-balizamiento-y-senalizacion-2-1024x747.jpg \" sizes=\"auto, (max-width: 480px) 150px\" src=\"https:\/\/www.texgraf.com\/wp-content\/uploads\/2022\/10\/texgraf-cintas-de-balizamiento-y-senalizacion-2-1024x747.jpg\" alt=\"\" class=\"uag-image-1608\" width=\"1024\" height=\"747\" title=\"\" loading=\"lazy\"\/><\/figure><\/div>\n<\/div>\n\n\n\n<div class=\"wp-block-uagb-container uagb-block-ca3d629c\">\n<div class=\"wp-block-uagb-advanced-heading uagb-block-0d8ee5cc\"><h3 class=\"uagb-heading-text\">Senyalitzaci\u00f3 amb Cintes<\/h3><div class=\"uagb-separator\"><\/div><\/div>\n\n\n\n<p>La cinta que s&#8217;utilitza per marcar espais redu\u00efts ajuda a mantenir una dist\u00e0ncia segura, indica clarament les \u00e0rees que es poden utilitzar, finalment, fa una planificaci\u00f3 adequada per ajudar a protegir els treballadors i els clients. Alhora, els r\u00e8tols ben dissenyats transmetran una sensaci\u00f3 de seguretat als treballadors i clients.<\/p>\n\n\n\n<div class=\"wp-block-uagb-info-box uagb-block-6abe1e7f uagb-infobox__content-wrap  uagb-infobox-icon-left-title uagb-infobox-left uagb-infobox-image-valign-top\"><div class=\"uagb-ifb-content\"><div class=\"uagb-ifb-left-title-image\"><div class=\"uagb-ifb-icon-wrap\"><svg xmlns=\"https:\/\/www.w3.org\/2000\/svg\" viewbox=\"0 0 448 512\"><path d=\"M246.6 233.4l-160-160c-12.5-12.5-32.75-12.5-45.25 0s-12.5 32.75 0 45.25L178.8 256l-137.4 137.4c-12.5 12.5-12.5 32.75 0 45.25C47.63 444.9 55.81 448 64 448s16.38-3.125 22.62-9.375l160-160C259.1 266.1 259.1 245.9 246.6 233.4zM438.6 233.4l-160-160c-12.5-12.5-32.75-12.5-45.25 0s-12.5 32.75 0 45.25L370.8 256l-137.4 137.4c-12.5 12.5-12.5 32.75 0 45.25C239.6 444.9 247.8 448 256 448s16.38-3.125 22.62-9.375l160-160C451.1 266.1 451.1 245.9 438.6 233.4z\"><\/path><\/svg><\/div><div class=\"uagb-ifb-title-wrap\"><h3 class=\"uagb-ifb-title\">Fabriquem les cintes personalitzades amb la imatge de la teva empresa. Les servim en rotllos de 100 metres. S\u00f3n reutilitzables i les pots tallar a mesura que necessiti.<\/h3><\/div><\/div><\/div><\/div>\n<\/div>\n<\/div><\/div>\n\n<div class=\"wp-block-uagb-container uagb-block-3528d091 alignfull uagb-is-root-container\"><div class=\"uagb-container-inner-blocks-wrap\">\n<div class=\"wp-block-uagb-container uagb-block-c3810dc3\">\n<div class=\"wp-block-uagb-advanced-heading uagb-block-22d35539\"><h3 class=\"uagb-heading-text\">Cintes d&#8217;abalisament personalitzades<\/h3><div class=\"uagb-separator\"><\/div><\/div>\n\n\n\n<div class=\"wp-block-uagb-advanced-heading uagb-block-1a654437\"><h5 class=\"uagb-heading-text\">Passadissos, \u00e0rees de circulaci\u00f3 i estacions de treball<\/h5><\/div>\n\n\n\n<div class=\"wp-block-uagb-advanced-heading uagb-block-04c9fba9\"><p class=\"uagb-heading-text\">Con el fin de minimizar el contacto entre los trabajadores y los clientes potenciales o el p\u00fablico que pueda ingresar a sus lugares de trabajo, el Ministerio de Salud insta a las empresas a garantizar que la distancia de seguridad entre los trabajadores sea de al menos 1,5 metros.<\/p><\/div>\n<\/div>\n\n\n\n<div class=\"wp-block-uagb-container uagb-block-c40b1955\">\n<div class=\"wp-block-uagb-advanced-heading uagb-block-0fff809d\"><h5 class=\"uagb-heading-text\">Separacions i limitacions d&#8217;aforament<\/h5><\/div>\n\n\n\n<p class=\"has-ast-global-color-1-color has-text-color\">Per garantir la separaci\u00f3, la limitaci\u00f3 de capacitat i la dist\u00e0ncia de seguretat. Podem utilitzar cinta de colors per marcar les zones que cal aclarir, els passatges, l&#8217;obligaci\u00f3 de mantenir una dist\u00e0ncia segura, o si delimitem passadissos per separar el sentit de la marxa, podem marcar fletxes a terra.<\/p>\n<\/div>\n<\/div><\/div>\n","protected":false},"excerpt":{"rendered":"<p>Personalitzem Cintes de Balisament La cinta de balisa o cinta de senyalitzaci\u00f3 \u00e9s la forma m\u00e9s r\u00e0pida i econ\u00f2mica de delimitar l&#8217;\u00e0rea, garantir la seguretat i brindar suport publicitari, ja que pot personalitzar la cinta amb el logotip del client, i pot imprimir la lletra en diversos colors i en un sol color. Marca o [&hellip;]<\/p>\n","protected":false},"author":1,"featured_media":0,"parent":0,"menu_order":0,"comment_status":"closed","ping_status":"closed","template":"","meta":{"_uag_custom_page_level_css":"","site-sidebar-layout":"default","site-content-layout":"plain-container","ast-site-content-layout":"normal-width-container","site-content-style":"unboxed","site-sidebar-style":"unboxed","ast-global-header-display":"","ast-banner-title-visibility":"","ast-main-header-display":"","ast-hfb-above-header-display":"","ast-hfb-below-header-display":"","ast-hfb-mobile-header-display":"","site-post-title":"disabled","ast-breadcrumbs-content":"","ast-featured-img":"","footer-sml-layout":"","ast-disable-related-posts":"","theme-transparent-header-meta":"enabled","adv-header-id-meta":"","stick-header-meta":"","header-above-stick-meta":"","header-main-stick-meta":"","header-below-stick-meta":"","astra-migrate-meta-layouts":"default","ast-page-background-enabled":"default","ast-page-background-meta":{"desktop":{"background-color":"var(--ast-global-color-4)","background-image":"","background-repeat":"repeat","background-position":"center center","background-size":"auto","background-attachment":"scroll","background-type":"","background-media":"","overlay-type":"","overlay-color":"","overlay-opacity":"","overlay-gradient":""},"tablet":{"background-color":"","background-image":"","background-repeat":"repeat","background-position":"center center","background-size":"auto","background-attachment":"scroll","background-type":"","background-media":"","overlay-type":"","overlay-color":"","overlay-opacity":"","overlay-gradient":""},"mobile":{"background-color":"","background-image":"","background-repeat":"repeat","background-position":"center center","background-size":"auto","background-attachment":"scroll","background-type":"","background-media":"","overlay-type":"","overlay-color":"","overlay-opacity":"","overlay-gradient":""}},"ast-content-background-meta":{"desktop":{"background-color":"var(--ast-global-color-5)","background-image":"","background-repeat":"repeat","background-position":"center center","background-size":"auto","background-attachment":"scroll","background-type":"","background-media":"","overlay-type":"","overlay-color":"","overlay-opacity":"","overlay-gradient":""},"tablet":{"background-color":"var(--ast-global-color-5)","background-image":"","background-repeat":"repeat","background-position":"center center","background-size":"auto","background-attachment":"scroll","background-type":"","background-media":"","overlay-type":"","overlay-color":"","overlay-opacity":"","overlay-gradient":""},"mobile":{"background-color":"var(--ast-global-color-5)","background-image":"","background-repeat":"repeat","background-position":"center center","background-size":"auto","background-attachment":"scroll","background-type":"","background-media":"","overlay-type":"","overlay-color":"","overlay-opacity":"","overlay-gradient":""}},"footnotes":""},"class_list":["post-3119","page","type-page","status-publish","hentry"],"uagb_featured_image_src":{"full":false,"thumbnail":false,"medium":false,"medium_large":false,"large":false,"1536x1536":false,"2048x2048":false,"woocommerce_thumbnail":false,"woocommerce_single":false,"woocommerce_gallery_thumbnail":false,"variation_swatches_image_size":false,"variation_swatches_tooltip_size":false},"uagb_author_info":{"display_name":"empiezapori","author_link":"https:\/\/www.texgraf.com\/ca\/author\/empiezapori\/"},"uagb_comment_info":0,"uagb_excerpt":"Personalitzem Cintes de Balisament La cinta de balisa o cinta de senyalitzaci\u00f3 \u00e9s la forma m\u00e9s r\u00e0pida i econ\u00f2mica de delimitar l&#8217;\u00e0rea, garantir la seguretat i brindar suport publicitari, ja que pot personalitzar la cinta amb el logotip del client, i pot imprimir la lletra en diversos colors i en un sol color. Marca o&hellip;","_links":{"self":[{"href":"https:\/\/www.texgraf.com\/ca\/wp-json\/wp\/v2\/pages\/3119","targetHints":{"allow":["GET"]}}],"collection":[{"href":"https:\/\/www.texgraf.com\/ca\/wp-json\/wp\/v2\/pages"}],"about":[{"href":"https:\/\/www.texgraf.com\/ca\/wp-json\/wp\/v2\/types\/page"}],"author":[{"embeddable":true,"href":"https:\/\/www.texgraf.com\/ca\/wp-json\/wp\/v2\/users\/1"}],"replies":[{"embeddable":true,"href":"https:\/\/www.texgraf.com\/ca\/wp-json\/wp\/v2\/comments?post=3119"}],"version-history":[{"count":3,"href":"https:\/\/www.texgraf.com\/ca\/wp-json\/wp\/v2\/pages\/3119\/revisions"}],"predecessor-version":[{"id":3897,"href":"https:\/\/www.texgraf.com\/ca\/wp-json\/wp\/v2\/pages\/3119\/revisions\/3897"}],"wp:attachment":[{"href":"https:\/\/www.texgraf.com\/ca\/wp-json\/wp\/v2\/media?parent=3119"}],"curies":[{"name":"wp","href":"https:\/\/api.w.org\/{rel}","templated":true}]}}